{"id":1294,"date":"2022-03-19T23:39:03","date_gmt":"2022-03-19T22:39:03","guid":{"rendered":"https:\/\/www.fbs-music.com\/?page_id=1294"},"modified":"2025-08-16T17:25:57","modified_gmt":"2025-08-16T15:25:57","slug":"strat","status":"publish","type":"page","link":"https:\/\/www.fbs-music.com\/?page_id=1294","title":{"rendered":"Strat"},"content":{"rendered":"<div data-colibri-id=\"1294-c1\" class=\"style-717 style-local-1294-c1 position-relative\">\n  <!---->\n  <div data-colibri-component=\"section\" data-colibri-id=\"1294-c2\" id=\"custom\" class=\"h-section h-section-global-spacing d-flex align-items-lg-center align-items-md-center align-items-center style-718 style-local-1294-c2 position-relative\">\n    <!---->\n    <!---->\n    <div class=\"h-section-grid-container h-section-boxed-container\">\n      <!---->\n      <div data-colibri-id=\"1294-c3\" class=\"h-row-container gutters-row-lg-2 gutters-row-md-2 gutters-row-0 gutters-row-v-lg-2 gutters-row-v-md-2 gutters-row-v-2 style-724 style-local-1294-c3 position-relative\">\n        <!---->\n        <div class=\"h-row justify-content-lg-center justify-content-md-center justify-content-center align-items-lg-stretch align-items-md-stretch align-items-stretch gutters-col-lg-2 gutters-col-md-2 gutters-col-0 gutters-col-v-lg-2 gutters-col-v-md-2 gutters-col-v-2\">\n          <!---->\n          <div class=\"h-column h-column-container d-flex h-col-lg-auto h-col-md-auto h-col-auto style-725-outer style-local-1294-c4-outer\">\n            <div data-colibri-id=\"1294-c4\" class=\"d-flex h-flex-basis h-column__inner h-px-lg-2 h-px-md-2 h-px-2 v-inner-lg-2 v-inner-md-2 v-inner-2 style-725 style-local-1294-c4 position-relative\">\n              <!---->\n              <!---->\n              <div class=\"w-100 h-y-container h-column__content h-column__v-align flex-basis-100 align-self-lg-start align-self-md-start align-self-start\">\n                <!---->\n                <div data-colibri-id=\"1294-c5\" class=\"h-text h-text-component style-726 style-local-1294-c5 position-relative h-element\">\n                  <!---->\n                  <!---->\n                  <div class=\"\">\n                    <p>Le micro simple par excellence! la stratocaster est devenue mondialement c\u00e9l\u00e8bre gr\u00e2ce aux sonorit\u00e9s cristallines, pr\u00e9cises, parfois percutantes de ses trois micros simple bobinage.<\/p>\n                    <p>En terme de conception pas de secret: un micro de stratocaster c&rsquo;est plus au moins 8000 tours de fil 42 AWG autour de six aimants en Alnico 5. A partir de cette recette il est possible de cr\u00e9er de nombreuses variations en rempla\u00e7ant\n                      le type d&rsquo;aimant ou en jouant sur le nombre de tours et le type de fil utilis\u00e9 afin de fa\u00e7onner le son du micro.<\/p>\n                    <p>Mes micros strat sont r\u00e9alis\u00e9s \u00e0 partir de platine enti\u00e8rement r\u00e9alis\u00e9e \u00e0 l&rsquo;atelier (d\u00e9coupe laser), charg\u00e9s avec des aimants NOS alnico 5 et bobin\u00e9s main \u00e0 basse vitesse. Le micro milieu est RWRP afin d&rsquo;assurer un fonctionnement silencieux\n                      sur les positions interm\u00e9diaires.<\/p>\n                    <p>Un petit test ci-dessous de mon mod\u00e8le phare: le Strat 50&rsquo;s<\/p>\n                    <p>\n                      <br>\n                    <\/p>\n                    <p>\n                      <br>\n                    <\/p>\n                  <\/div>\n                <\/div>\n                <div data-colibri-component=\"video\" data-colibri-id=\"1294-c6\" class=\"d-block h-video d-block h-video style-1051 style-local-1294-c6 position-relative h-element\">\n                  <!---->\n                  <!---->\n                  <div class=\"video-container position-relative\">\n                    <div class=\"h-global-transition-all ratio-inner\"><iframe src=https:\/\/www.youtube.com\/embed\/D_ydDhr7TcQ?start=1360&#038;end=2008&#038;autoplay=0&#038;mute=0&#038;modestbranding=0&#038;rel=0&#038;enablejsapi=1&#038; class='h-video-main'  allowfullscreen><\/iframe><\/div>\n                  <\/div>\n                <\/div>\n                <div data-colibri-id=\"1294-c8\" class=\"h-x-container style-937 style-local-1294-c8 position-relative h-element\">\n                  <!---->\n                  <div class=\"h-x-container-inner style-dynamic-1294-c8-group style-937-spacing style-local-1294-c8-spacing\"><span class=\"h-button__outer style-938-outer style-local-1294-c9-outer d-inline-flex h-element\"><a h-use-smooth-scroll=\"true\" href=\"https:\/\/www.fbs-music.com\/?post_type=product\"  data-colibri-id=\"1294-c9\" class=\"d-flex w-100 align-items-center h-button justify-content-lg-center justify-content-md-center justify-content-center style-938 style-local-1294-c9 position-relative\"><!----><!----> <span>Commander vos micros strat<\/span><\/a>\n                    <\/span>\n                  <\/div>\n                <\/div>\n                <div data-colibri-id=\"1294-c15\" class=\"d-block style-1066 style-local-1294-c15 position-relative h-element\">\n                  <!---->\n                  <div class=\"h-image__frame-container-outer\">\n                    <div class=\"h-image__frame-container\">\n                      <!---->\n                      <!---->\n                      <img loading=\"lazy\" decoding=\"async\" width=\"2069\" height=\"2560\" src=\"https:\/\/www.fbs-music.com\/wp-content\/uploads\/2025\/08\/strat-scaled.png\" class=\"wp-image-4510 style-1066-image style-local-1294-c15-image\" alt=\"\" srcset=\"https:\/\/www.fbs-music.com\/wp-content\/uploads\/2025\/08\/strat-scaled.png 2069w, https:\/\/www.fbs-music.com\/wp-content\/uploads\/2025\/08\/strat-242x300.png 242w, https:\/\/www.fbs-music.com\/wp-content\/uploads\/2025\/08\/strat-828x1024.png 828w, https:\/\/www.fbs-music.com\/wp-content\/uploads\/2025\/08\/strat-768x950.png 768w, https:\/\/www.fbs-music.com\/wp-content\/uploads\/2025\/08\/strat-1242x1536.png 1242w, https:\/\/www.fbs-music.com\/wp-content\/uploads\/2025\/08\/strat-1655x2048.png 1655w, https:\/\/www.fbs-music.com\/wp-content\/uploads\/2025\/08\/strat-600x742.png 600w\" sizes=\"auto, (max-width: 2069px) 100vw, 2069px\" \/>\n                      <div class=\"h-image__frame h-hide-lg h-hide-md h-hide-sm style-1066-frameImage style-local-1294-c15-frameImage\"><\/div>\n                    <\/div>\n                  <\/div>\n                <\/div>\n              <\/div>\n            <\/div>\n          <\/div>\n        <\/div>\n      <\/div>\n      <div data-colibri-id=\"1294-c12\" class=\"h-row-container gutters-row-lg-2 gutters-row-md-2 gutters-row-0 gutters-row-v-lg-2 gutters-row-v-md-2 gutters-row-v-2 style-1063 style-local-1294-c12 position-relative\">\n        <!---->\n        <div class=\"h-row justify-content-lg-center justify-content-md-center justify-content-center align-items-lg-stretch align-items-md-stretch align-items-stretch gutters-col-lg-2 gutters-col-md-2 gutters-col-0 gutters-col-v-lg-2 gutters-col-v-md-2 gutters-col-v-2\">\n          <!---->\n          <div class=\"h-column h-column-container d-flex h-col-lg-auto h-col-md-auto h-col-auto style-1064-outer style-local-1294-c13-outer\">\n            <div data-colibri-id=\"1294-c13\" class=\"d-flex h-flex-basis h-column__inner h-px-lg-2 h-px-md-2 h-px-2 v-inner-lg-2 v-inner-md-2 v-inner-2 style-1064 style-local-1294-c13 position-relative\">\n              <!---->\n              <!---->\n              <div class=\"w-100 h-y-container h-column__content h-column__v-align flex-basis-100 align-self-lg-start align-self-md-start align-self-start\">\n                <!---->\n                <div data-colibri-component=\"masonry\" data-colibri-id=\"1294-c14\" class=\"h-photo-gallery margin-none caption-none style-1065 style-local-1294-c14 position-relative h-element\">\n                  <!---->\n                  <div class=\"h-global-transition-all\"><div id='colibri-1294-c14' class='gallery-wrapper'>    <style type=\"text\/css\">\n\n        @media (min-width: 1023px) {        #colibri-1294-c14        dl {\n            float: left;\n            width: 25% !important;\n            max-width: 25% !important;\n            min-width: 25% !important;\n        }\n\n        #colibri-1294-c14        dl:nth-of-type(4n +1 ) {\n            clear: both;\n        }\n\n        }@media (min-width: 768px) and (max-width: 1023px) {        #colibri-1294-c14        dl {\n            float: left;\n            width: 25% !important;\n            max-width: 25% !important;\n            min-width: 25% !important;\n        }\n\n        #colibri-1294-c14        dl:nth-of-type(4n +1 ) {\n            clear: both;\n        }\n\n        }@media (max-width: 767px) {        #colibri-1294-c14        dl {\n            float: left;\n            width: 25% !important;\n            max-width: 25% !important;\n            min-width: 25% !important;\n        }\n\n        #colibri-1294-c14        dl:nth-of-type(4n +1 ) {\n            clear: both;\n        }\n\n        }\n        #colibri-1294-c14        .gallery-item {\n            position: relative;\n        }\n\n        \n    <\/style>\n    <div   class='colibri-1294-c14-dls-wrapper gallery-items-wrapper' ><dl class='gallery-item masonry-item'>\n\t\t\t<dt class='gallery-icon landscape'>\n\t\t\t\t<img loading=\"lazy\" decoding=\"async\"  width=\"300\" height=\"300\" src=\"https:\/\/www.fbs-music.com\/wp-content\/uploads\/2023\/03\/Screenshot-2022-11-13-at-09-20-09-Francois-BOUSSUGES-@fbs_music-\u2022-Photos-et-videos-Instagram-300x300.png\"  class='colibri-1294-c14-image' alt=\"\" srcset=\"https:\/\/www.fbs-music.com\/wp-content\/uploads\/2023\/03\/Screenshot-2022-11-13-at-09-20-09-Francois-BOUSSUGES-@fbs_music-\u2022-Photos-et-videos-Instagram-300x300.png 300w, https:\/\/www.fbs-music.com\/wp-content\/uploads\/2023\/03\/Screenshot-2022-11-13-at-09-20-09-Francois-BOUSSUGES-@fbs_music-\u2022-Photos-et-videos-Instagram-100x100.png 100w, https:\/\/www.fbs-music.com\/wp-content\/uploads\/2023\/03\/Screenshot-2022-11-13-at-09-20-09-Francois-BOUSSUGES-@fbs_music-\u2022-Photos-et-videos-Instagram-600x600.png 600w, https:\/\/www.fbs-music.com\/wp-content\/uploads\/2023\/03\/Screenshot-2022-11-13-at-09-20-09-Francois-BOUSSUGES-@fbs_music-\u2022-Photos-et-videos-Instagram-150x150.png 150w, https:\/\/www.fbs-music.com\/wp-content\/uploads\/2023\/03\/Screenshot-2022-11-13-at-09-20-09-Francois-BOUSSUGES-@fbs_music-\u2022-Photos-et-videos-Instagram-768x768.png 768w, https:\/\/www.fbs-music.com\/wp-content\/uploads\/2023\/03\/Screenshot-2022-11-13-at-09-20-09-Francois-BOUSSUGES-@fbs_music-\u2022-Photos-et-videos-Instagram.png 785w\" sizes=\"auto, (max-width: 300px) 100vw, 300px\" \/>\n\t\t\t<\/dt><\/dl><dl class='gallery-item masonry-item'>\n\t\t\t<dt class='gallery-icon landscape'>\n\t\t\t\t<img loading=\"lazy\" decoding=\"async\"  width=\"300\" height=\"265\" src=\"https:\/\/www.fbs-music.com\/wp-content\/uploads\/2024\/07\/Screenshot-2024-07-12-at-00-00-20-Francois-BOUSSUGES-@fbs_music-\u2022-Photos-et-videos-Instagram-300x265.png\"  class='colibri-1294-c14-image' alt=\"\" srcset=\"https:\/\/www.fbs-music.com\/wp-content\/uploads\/2024\/07\/Screenshot-2024-07-12-at-00-00-20-Francois-BOUSSUGES-@fbs_music-\u2022-Photos-et-videos-Instagram-300x265.png 300w, https:\/\/www.fbs-music.com\/wp-content\/uploads\/2024\/07\/Screenshot-2024-07-12-at-00-00-20-Francois-BOUSSUGES-@fbs_music-\u2022-Photos-et-videos-Instagram-768x679.png 768w, https:\/\/www.fbs-music.com\/wp-content\/uploads\/2024\/07\/Screenshot-2024-07-12-at-00-00-20-Francois-BOUSSUGES-@fbs_music-\u2022-Photos-et-videos-Instagram-600x530.png 600w, https:\/\/www.fbs-music.com\/wp-content\/uploads\/2024\/07\/Screenshot-2024-07-12-at-00-00-20-Francois-BOUSSUGES-@fbs_music-\u2022-Photos-et-videos-Instagram.png 859w\" sizes=\"auto, (max-width: 300px) 100vw, 300px\" \/>\n\t\t\t<\/dt><\/dl><dl class='gallery-item masonry-item'>\n\t\t\t<dt class='gallery-icon landscape'>\n\t\t\t\t<img loading=\"lazy\" decoding=\"async\"  width=\"300\" height=\"225\" src=\"https:\/\/www.fbs-music.com\/wp-content\/uploads\/2022\/06\/20220510_170242-300x225.jpg\"  class='colibri-1294-c14-image' alt=\"\" srcset=\"https:\/\/www.fbs-music.com\/wp-content\/uploads\/2022\/06\/20220510_170242-300x225.jpg 300w, https:\/\/www.fbs-music.com\/wp-content\/uploads\/2022\/06\/20220510_170242-scaled-600x450.jpg 600w, https:\/\/www.fbs-music.com\/wp-content\/uploads\/2022\/06\/20220510_170242-1024x768.jpg 1024w, https:\/\/www.fbs-music.com\/wp-content\/uploads\/2022\/06\/20220510_170242-768x576.jpg 768w, https:\/\/www.fbs-music.com\/wp-content\/uploads\/2022\/06\/20220510_170242-1536x1152.jpg 1536w, https:\/\/www.fbs-music.com\/wp-content\/uploads\/2022\/06\/20220510_170242-2048x1536.jpg 2048w\" sizes=\"auto, (max-width: 300px) 100vw, 300px\" \/>\n\t\t\t<\/dt><\/dl><dl class='gallery-item masonry-item'>\n\t\t\t<dt class='gallery-icon landscape'>\n\t\t\t\t<img loading=\"lazy\" decoding=\"async\"  width=\"300\" height=\"224\" src=\"https:\/\/www.fbs-music.com\/wp-content\/uploads\/2023\/09\/set-micros-stratocaster-4281148-300x224.jpg\"  class='colibri-1294-c14-image' alt=\"\" srcset=\"https:\/\/www.fbs-music.com\/wp-content\/uploads\/2023\/09\/set-micros-stratocaster-4281148-300x224.jpg 300w, https:\/\/www.fbs-music.com\/wp-content\/uploads\/2023\/09\/set-micros-stratocaster-4281148.jpg 469w\" sizes=\"auto, (max-width: 300px) 100vw, 300px\" \/>\n\t\t\t<\/dt><\/dl><dl class='gallery-item masonry-item'>\n\t\t\t<dt class='gallery-icon landscape'>\n\t\t\t\t<img loading=\"lazy\" decoding=\"async\"  width=\"300\" height=\"224\" src=\"https:\/\/www.fbs-music.com\/wp-content\/uploads\/2023\/09\/set-micros-stratocaster-4281129-300x224.jpg\"  class='colibri-1294-c14-image' alt=\"\" srcset=\"https:\/\/www.fbs-music.com\/wp-content\/uploads\/2023\/09\/set-micros-stratocaster-4281129-300x224.jpg 300w, https:\/\/www.fbs-music.com\/wp-content\/uploads\/2023\/09\/set-micros-stratocaster-4281129.jpg 469w\" sizes=\"auto, (max-width: 300px) 100vw, 300px\" \/>\n\t\t\t<\/dt><\/dl><dl class='gallery-item masonry-item'>\n\t\t\t<dt class='gallery-icon landscape'>\n\t\t\t\t<img loading=\"lazy\" decoding=\"async\"  width=\"300\" height=\"224\" src=\"https:\/\/www.fbs-music.com\/wp-content\/uploads\/2023\/09\/set-micros-stratocaster-4281121-300x224.jpg\"  class='colibri-1294-c14-image' alt=\"\" srcset=\"https:\/\/www.fbs-music.com\/wp-content\/uploads\/2023\/09\/set-micros-stratocaster-4281121-300x224.jpg 300w, https:\/\/www.fbs-music.com\/wp-content\/uploads\/2023\/09\/set-micros-stratocaster-4281121.jpg 469w\" sizes=\"auto, (max-width: 300px) 100vw, 300px\" \/>\n\t\t\t<\/dt><\/dl><dl class='gallery-item masonry-item'>\n\t\t\t<dt class='gallery-icon landscape'>\n\t\t\t\t<img loading=\"lazy\" decoding=\"async\"  width=\"300\" height=\"224\" src=\"https:\/\/www.fbs-music.com\/wp-content\/uploads\/2023\/09\/strat-50-300x224.jpg\"  class='colibri-1294-c14-image' alt=\"\" srcset=\"https:\/\/www.fbs-music.com\/wp-content\/uploads\/2023\/09\/strat-50-300x224.jpg 300w, https:\/\/www.fbs-music.com\/wp-content\/uploads\/2023\/09\/strat-50.jpg 469w\" sizes=\"auto, (max-width: 300px) 100vw, 300px\" \/>\n\t\t\t<\/dt><\/dl><dl class='gallery-item masonry-item'>\n\t\t\t<dt class='gallery-icon landscape'>\n\t\t\t\t<img loading=\"lazy\" decoding=\"async\"  width=\"300\" height=\"225\" src=\"https:\/\/www.fbs-music.com\/wp-content\/uploads\/2022\/06\/20220620_170653-300x225.jpg\"  class='colibri-1294-c14-image' alt=\"\" srcset=\"https:\/\/www.fbs-music.com\/wp-content\/uploads\/2022\/06\/20220620_170653-300x225.jpg 300w, https:\/\/www.fbs-music.com\/wp-content\/uploads\/2022\/06\/20220620_170653-scaled-600x450.jpg 600w, https:\/\/www.fbs-music.com\/wp-content\/uploads\/2022\/06\/20220620_170653-1024x768.jpg 1024w, https:\/\/www.fbs-music.com\/wp-content\/uploads\/2022\/06\/20220620_170653-768x576.jpg 768w, https:\/\/www.fbs-music.com\/wp-content\/uploads\/2022\/06\/20220620_170653-1536x1152.jpg 1536w, https:\/\/www.fbs-music.com\/wp-content\/uploads\/2022\/06\/20220620_170653-2048x1536.jpg 2048w\" sizes=\"auto, (max-width: 300px) 100vw, 300px\" \/>\n\t\t\t<\/dt><\/dl>\n\t\t<\/div>\n<style>#colibri-1294-c14 .wp-caption-text.gallery-caption{display:none;}<\/style><\/div><\/div>\n                <\/div>\n              <\/div>\n            <\/div>\n          <\/div>\n        <\/div>\n      <\/div>\n    <\/div>\n  <\/div>\n<\/div>","protected":false},"excerpt":{"rendered":"<p>Le micro simple par excellence! la stratocaster est devenue mondialement c\u00e9l\u00e8bre gr\u00e2ce aux sonorit\u00e9s cristallines, pr\u00e9cises, parfois percutantes de ses trois micros simple bobinage. En terme de conception pas de secret: un micro de stratocaster c&rsquo;est plus au moins 8000 tours de fil 42 AWG autour de six aimants en Alnico 5. A partir de [&hellip;]<\/p>\n","protected":false},"author":1,"featured_media":0,"parent":0,"menu_order":0,"comment_status":"closed","ping_status":"closed","template":"page-templates\/full-width-page.php","meta":{"footnotes":""},"class_list":["post-1294","page","type-page","status-publish","hentry"],"jetpack_sharing_enabled":true,"_links":{"self":[{"href":"https:\/\/www.fbs-music.com\/index.php?rest_route=\/wp\/v2\/pages\/1294","targetHints":{"allow":["GET"]}}],"collection":[{"href":"https:\/\/www.fbs-music.com\/index.php?rest_route=\/wp\/v2\/pages"}],"about":[{"href":"https:\/\/www.fbs-music.com\/index.php?rest_route=\/wp\/v2\/types\/page"}],"author":[{"embeddable":true,"href":"https:\/\/www.fbs-music.com\/index.php?rest_route=\/wp\/v2\/users\/1"}],"replies":[{"embeddable":true,"href":"https:\/\/www.fbs-music.com\/index.php?rest_route=%2Fwp%2Fv2%2Fcomments&post=1294"}],"version-history":[{"count":13,"href":"https:\/\/www.fbs-music.com\/index.php?rest_route=\/wp\/v2\/pages\/1294\/revisions"}],"predecessor-version":[{"id":4548,"href":"https:\/\/www.fbs-music.com\/index.php?rest_route=\/wp\/v2\/pages\/1294\/revisions\/4548"}],"wp:attachment":[{"href":"https:\/\/www.fbs-music.com\/index.php?rest_route=%2Fwp%2Fv2%2Fmedia&parent=1294"}],"curies":[{"name":"wp","href":"https:\/\/api.w.org\/{rel}","templated":true}]}}