{"id":1297,"date":"2022-03-19T23:39:19","date_gmt":"2022-03-19T22:39:19","guid":{"rendered":"https:\/\/www.fbs-music.com\/?page_id=1297"},"modified":"2023-06-18T20:52:26","modified_gmt":"2023-06-18T18:52:26","slug":"basse","status":"publish","type":"page","link":"https:\/\/www.fbs-music.com\/?page_id=1297","title":{"rendered":"Jazz bass"},"content":{"rendered":"<div data-colibri-id=\"1297-c1\" class=\"style-791 style-local-1297-c1 position-relative\">\n  <!---->\n  <div data-colibri-component=\"section\" data-colibri-id=\"1297-c2\" id=\"custom\" class=\"h-section h-section-global-spacing d-flex align-items-lg-center align-items-md-center align-items-center style-792 style-local-1297-c2 position-relative\">\n    <!---->\n    <!---->\n    <div class=\"h-section-grid-container h-section-boxed-container\">\n      <!---->\n      <div data-colibri-id=\"1297-c3\" class=\"h-row-container gutters-row-lg-2 gutters-row-md-2 gutters-row-0 gutters-row-v-lg-2 gutters-row-v-md-2 gutters-row-v-2 style-793 style-local-1297-c3 position-relative\">\n        <!---->\n        <div class=\"h-row justify-content-lg-center justify-content-md-center justify-content-center align-items-lg-stretch align-items-md-stretch align-items-stretch gutters-col-lg-2 gutters-col-md-2 gutters-col-0 gutters-col-v-lg-2 gutters-col-v-md-2 gutters-col-v-2\">\n          <!---->\n          <div class=\"h-column h-column-container d-flex h-col-lg-auto h-col-md-auto h-col-auto style-794-outer style-local-1297-c4-outer\">\n            <div data-colibri-id=\"1297-c4\" class=\"d-flex h-flex-basis h-column__inner h-px-lg-2 h-px-md-2 h-px-2 v-inner-lg-2 v-inner-md-2 v-inner-2 style-794 style-local-1297-c4 position-relative\">\n              <!---->\n              <!---->\n              <div class=\"w-100 h-y-container h-column__content h-column__v-align flex-basis-100 align-self-lg-start align-self-md-start align-self-start\">\n                <!---->\n                <div data-colibri-id=\"1297-c5\" class=\"h-text h-text-component style-796 style-local-1297-c5 position-relative h-element\">\n                  <!---->\n                  <!---->\n                  <div class=\"\">\n                    <p>Je propose des micros compatibles avec la plupart des basses du march\u00e9 . Chaque set de micros est personnalisable (aimants, bobinage) au del\u00e0 des mod\u00e8les que je propose.<\/p>\n                    <p>Mes micros jazz bass sont disponibles en 4 cordes et 5 cordes dans les diff\u00e9rents largeurs de micros existante sur le march\u00e9. Set P+J r\u00e9alisable sur simple demande.\n                      <br>\n                    <\/p>\n                    <ul>\n                      <li>JB 60&rsquo;s: micro alnico 5 bobin\u00e9 avec du fil Heavy Formvar 42awg. Sonorit\u00e9 profonde, pr\u00e9cise et chaleureuse.(Alnico 5 &#8211; 7,5k\/7k)<\/li>\n                    <\/ul>\n                    <p>\n                      <br>\n                    <\/p>\n                    <ul>\n                      <li>JB 70&rsquo;s: micro alnico 5 bobin\u00e9 avec du fil Plain Enamel 42awg, avec plus de tours que sur le mod\u00e8le 60&rsquo;s. Sonorit\u00e9 plus percutante, dynamique et moderne. (Alnico 5 &#8211; 8k \/ 7,5k)<\/li>\n                    <\/ul>\n                    <p>\n                      <br>\n                    <\/p>\n                    <ul>\n                      <li>JB &lsquo;hot&rsquo;: un micro de jazz bass surbobin\u00e9 avec un fil 43awg, particuli\u00e8rement adapt\u00e9 en position chevalet pour un son plus punchy. Le micro id\u00e9al pour un set P+J afin d&rsquo;\u00e9quilibrer le micro pr\u00e9cision c\u00f4t\u00e9 manche. (Alnico 5 &#8211;&nbsp;13,5k)<\/li>\n                    <\/ul>\n                    <p>\n                      <br>\n                    <\/p>\n                    <ul>\n                      <li>JB &lsquo;Splitcoil&rsquo;: version silencieuse du micro de jazz bass avec deux bobines en s\u00e9rie. J&rsquo;utilise un fil fin (44awg) pour pouvoir contenir les deux bobinages dans un format JB standard. Sonorit\u00e9s modernes, dynamiques et silencieuses.<\/li>\n                    <\/ul>\n                    <p>\n                      <br>\n                    <\/p>\n                    <p>\n                      <br>\n                    <\/p>\n                    <p>\n                      <br>\n                    <\/p>\n                    <p>\n                      <br>\n                    <\/p>\n                  <\/div>\n                <\/div>\n              <\/div>\n            <\/div>\n          <\/div>\n          <div class=\"h-column h-column-container d-flex h-col-lg-auto h-col-md-auto h-col-auto style-795-outer style-local-1297-c6-outer\">\n            <div data-colibri-id=\"1297-c6\" class=\"d-flex h-flex-basis h-column__inner h-px-lg-2 h-px-md-2 h-px-2 v-inner-lg-2 v-inner-md-2 v-inner-2 style-795 style-local-1297-c6 position-relative\">\n              <!---->\n              <!---->\n              <div class=\"w-100 h-y-container h-column__content h-column__v-align flex-basis-100 align-self-lg-start align-self-md-start align-self-start\">\n                <!---->\n                <div data-colibri-id=\"1297-c7\" class=\"d-block style-797 style-local-1297-c7 position-relative h-element\">\n                  <!---->\n                  <div class=\"h-image__frame-container-outer\">\n                    <div class=\"h-image__frame-container\">\n                      <!---->\n                      <!---->\n                      <img loading=\"lazy\" decoding=\"async\" width=\"937\" height=\"703\" src=\"https:\/\/www.fbs-music.com\/wp-content\/uploads\/2023\/06\/Screenshot-2023-06-18-at-20-49-21-FBS-Music.png\" class=\"wp-image-2149 style-797-image style-local-1297-c7-image\" alt=\"\" srcset=\"https:\/\/www.fbs-music.com\/wp-content\/uploads\/2023\/06\/Screenshot-2023-06-18-at-20-49-21-FBS-Music.png 937w, https:\/\/www.fbs-music.com\/wp-content\/uploads\/2023\/06\/Screenshot-2023-06-18-at-20-49-21-FBS-Music-600x450.png 600w, https:\/\/www.fbs-music.com\/wp-content\/uploads\/2023\/06\/Screenshot-2023-06-18-at-20-49-21-FBS-Music-300x225.png 300w, https:\/\/www.fbs-music.com\/wp-content\/uploads\/2023\/06\/Screenshot-2023-06-18-at-20-49-21-FBS-Music-768x576.png 768w\" sizes=\"auto, (max-width: 937px) 100vw, 937px\" \/>\n                      <div class=\"h-image__frame h-hide-lg h-hide-md h-hide-sm style-797-frameImage style-local-1297-c7-frameImage\"><\/div>\n                    <\/div>\n                  <\/div>\n                <\/div>\n                <div data-colibri-id=\"1297-c8\" class=\"d-block style-799 style-local-1297-c8 position-relative h-element\">\n                  <!---->\n                  <div class=\"h-image__frame-container-outer\">\n                    <div class=\"h-image__frame-container\">\n                      <!---->\n                      <!---->\n                      <img loading=\"lazy\" decoding=\"async\" width=\"2560\" height=\"1920\" src=\"https:\/\/www.fbs-music.com\/wp-content\/uploads\/2022\/06\/20220615_140122-scaled.jpg\" class=\"wp-image-1489 style-799-image style-local-1297-c8-image\" alt=\"\" srcset=\"https:\/\/www.fbs-music.com\/wp-content\/uploads\/2022\/06\/20220615_140122-scaled.jpg 2560w, https:\/\/www.fbs-music.com\/wp-content\/uploads\/2022\/06\/20220615_140122-scaled-600x450.jpg 600w, https:\/\/www.fbs-music.com\/wp-content\/uploads\/2022\/06\/20220615_140122-300x225.jpg 300w, https:\/\/www.fbs-music.com\/wp-content\/uploads\/2022\/06\/20220615_140122-1024x768.jpg 1024w, https:\/\/www.fbs-music.com\/wp-content\/uploads\/2022\/06\/20220615_140122-768x576.jpg 768w, https:\/\/www.fbs-music.com\/wp-content\/uploads\/2022\/06\/20220615_140122-1536x1152.jpg 1536w, https:\/\/www.fbs-music.com\/wp-content\/uploads\/2022\/06\/20220615_140122-2048x1536.jpg 2048w\" sizes=\"auto, (max-width: 2560px) 100vw, 2560px\" \/>\n                      <div class=\"h-image__frame h-hide-lg h-hide-md h-hide-sm style-799-frameImage style-local-1297-c8-frameImage\"><\/div>\n                    <\/div>\n                  <\/div>\n                <\/div>\n                <div data-colibri-id=\"1297-c9\" class=\"d-block style-798 style-local-1297-c9 position-relative h-element\">\n                  <!---->\n                  <div class=\"h-image__frame-container-outer\">\n                    <div class=\"h-image__frame-container\">\n                      <!---->\n                      <!---->\n                      <img loading=\"lazy\" decoding=\"async\" width=\"2560\" height=\"1920\" src=\"https:\/\/www.fbs-music.com\/wp-content\/uploads\/2022\/06\/20220531_203732-scaled.jpg\" class=\"wp-image-1491 style-798-image style-local-1297-c9-image\" alt=\"\" srcset=\"https:\/\/www.fbs-music.com\/wp-content\/uploads\/2022\/06\/20220531_203732-scaled.jpg 2560w, https:\/\/www.fbs-music.com\/wp-content\/uploads\/2022\/06\/20220531_203732-scaled-600x450.jpg 600w, https:\/\/www.fbs-music.com\/wp-content\/uploads\/2022\/06\/20220531_203732-300x225.jpg 300w, https:\/\/www.fbs-music.com\/wp-content\/uploads\/2022\/06\/20220531_203732-1024x768.jpg 1024w, https:\/\/www.fbs-music.com\/wp-content\/uploads\/2022\/06\/20220531_203732-768x576.jpg 768w, https:\/\/www.fbs-music.com\/wp-content\/uploads\/2022\/06\/20220531_203732-1536x1152.jpg 1536w, https:\/\/www.fbs-music.com\/wp-content\/uploads\/2022\/06\/20220531_203732-2048x1536.jpg 2048w\" sizes=\"auto, (max-width: 2560px) 100vw, 2560px\" \/>\n                      <div class=\"h-image__frame h-hide-lg h-hide-md h-hide-sm style-798-frameImage style-local-1297-c9-frameImage\"><\/div>\n                    <\/div>\n                  <\/div>\n                <\/div>\n              <\/div>\n            <\/div>\n          <\/div>\n        <\/div>\n      <\/div>\n    <\/div>\n  <\/div>\n<\/div>","protected":false},"excerpt":{"rendered":"<p>Je propose des micros compatibles avec la plupart des basses du march\u00e9 . Chaque set de micros est personnalisable (aimants, bobinage) au del\u00e0 des mod\u00e8les que je propose. Mes micros jazz bass sont disponibles en 4 cordes et 5 cordes dans les diff\u00e9rents largeurs de micros existante sur le march\u00e9. Set P+J r\u00e9alisable sur simple [&hellip;]<\/p>\n","protected":false},"author":1,"featured_media":0,"parent":0,"menu_order":0,"comment_status":"closed","ping_status":"closed","template":"page-templates\/full-width-page.php","meta":{"footnotes":""},"class_list":["post-1297","page","type-page","status-publish","hentry"],"jetpack_sharing_enabled":true,"_links":{"self":[{"href":"https:\/\/www.fbs-music.com\/index.php?rest_route=\/wp\/v2\/pages\/1297","targetHints":{"allow":["GET"]}}],"collection":[{"href":"https:\/\/www.fbs-music.com\/index.php?rest_route=\/wp\/v2\/pages"}],"about":[{"href":"https:\/\/www.fbs-music.com\/index.php?rest_route=\/wp\/v2\/types\/page"}],"author":[{"embeddable":true,"href":"https:\/\/www.fbs-music.com\/index.php?rest_route=\/wp\/v2\/users\/1"}],"replies":[{"embeddable":true,"href":"https:\/\/www.fbs-music.com\/index.php?rest_route=%2Fwp%2Fv2%2Fcomments&post=1297"}],"version-history":[{"count":7,"href":"https:\/\/www.fbs-music.com\/index.php?rest_route=\/wp\/v2\/pages\/1297\/revisions"}],"predecessor-version":[{"id":2151,"href":"https:\/\/www.fbs-music.com\/index.php?rest_route=\/wp\/v2\/pages\/1297\/revisions\/2151"}],"wp:attachment":[{"href":"https:\/\/www.fbs-music.com\/index.php?rest_route=%2Fwp%2Fv2%2Fmedia&parent=1297"}],"curies":[{"name":"wp","href":"https:\/\/api.w.org\/{rel}","templated":true}]}}