{"id":1516,"date":"2022-06-23T23:24:33","date_gmt":"2022-06-23T21:24:33","guid":{"rendered":"https:\/\/www.fbs-music.com\/?page_id=1516"},"modified":"2025-08-17T10:17:44","modified_gmt":"2025-08-17T08:17:44","slug":"jaguar-jazzmaster","status":"publish","type":"page","link":"https:\/\/www.fbs-music.com\/?page_id=1516","title":{"rendered":"Jaguar\/Jazzmaster"},"content":{"rendered":"<div data-colibri-id=\"1516-c1\" class=\"style-803 style-local-1516-c1 position-relative\">\n  <!---->\n  <div data-colibri-component=\"section\" data-colibri-id=\"1516-c2\" id=\"custom\" class=\"h-section h-section-global-spacing d-flex align-items-lg-center align-items-md-center align-items-center style-804 style-local-1516-c2 position-relative\">\n    <!---->\n    <!---->\n    <div class=\"h-section-grid-container h-section-boxed-container\">\n      <!---->\n      <div data-colibri-id=\"1516-c3\" class=\"h-row-container gutters-row-lg-2 gutters-row-md-2 gutters-row-0 gutters-row-v-lg-2 gutters-row-v-md-2 gutters-row-v-2 style-805 style-local-1516-c3 position-relative\">\n        <!---->\n        <div class=\"h-row justify-content-lg-center justify-content-md-center justify-content-center align-items-lg-stretch align-items-md-stretch align-items-stretch gutters-col-lg-2 gutters-col-md-2 gutters-col-0 gutters-col-v-lg-2 gutters-col-v-md-2 gutters-col-v-2\">\n          <!---->\n          <div class=\"h-column h-column-container d-flex h-col-lg-auto h-col-md-auto h-col-auto style-806-outer style-local-1516-c4-outer\">\n            <div data-colibri-id=\"1516-c4\" class=\"d-flex h-flex-basis h-column__inner h-px-lg-2 h-px-md-2 h-px-2 v-inner-lg-2 v-inner-md-2 v-inner-2 style-806 style-local-1516-c4 position-relative\">\n              <!---->\n              <!---->\n              <div class=\"w-100 h-y-container h-column__content h-column__v-align flex-basis-auto align-self-lg-start align-self-md-start align-self-start\">\n                <!---->\n                <div data-colibri-id=\"1516-c5\" class=\"h-text h-text-component style-808 style-local-1516-c5 position-relative h-element\">\n                  <!---->\n                  <!---->\n                  <div class=\"\">\n                    <p>Je propose des mod\u00e8les de micros pour Mustang, Jaguar et Jazzmaster. Mes mod\u00e8les visent \u00e0 reproduire les micros historiques des p\u00e9riodes L Fender ou CBS. Je peux \u00e9galement faire des micros sp\u00e9cifiques sur mesures (double, format P90&#8230;.)<\/p>\n                    <p>\n                      <br>\n                    <\/p>\n                  <\/div>\n                <\/div>\n                <div data-colibri-id=\"1516-c15\" class=\"h-x-container style-1069 style-local-1516-c15 position-relative h-element\">\n                  <!---->\n                  <div class=\"h-x-container-inner style-dynamic-1516-c15-group style-1069-spacing style-local-1516-c15-spacing\"><span class=\"h-button__outer style-1070-outer style-local-1516-c16-outer d-inline-flex h-element\"><a h-use-smooth-scroll=\"true\" href=\"https:\/\/www.fbs-music.com\/?product_cat=micros-jazzmaster-jaguar\"  data-colibri-id=\"1516-c16\" class=\"d-flex w-100 align-items-center h-button justify-content-lg-center justify-content-md-center justify-content-center style-1070 style-local-1516-c16 position-relative\"><!----><!----> <span>Commandez vos micros<\/span><\/a>\n                    <\/span>\n                  <\/div>\n                <\/div>\n                <div data-colibri-id=\"1516-c10\" class=\"h-text h-text-component style-989 style-local-1516-c10 position-relative h-element\">\n                  <!---->\n                  <!---->\n                  <div class=\"\">\n                    <p>Test des micros Jazzmaster 58 \/ Jaguar 63<\/p>\n                  <\/div>\n                <\/div>\n                <div data-colibri-component=\"video\" data-colibri-id=\"1516-c11\" class=\"d-block h-video d-block h-video style-987 style-local-1516-c11 position-relative h-element\">\n                  <!---->\n                  <!---->\n                  <div class=\"video-container position-relative\">\n                    <div class=\"h-global-transition-all ratio-inner\"><iframe src=https:\/\/www.youtube.com\/embed\/Y96uwtxu7nw?autoplay=0&#038;mute=0&#038;modestbranding=0&#038;rel=0&#038;enablejsapi=1&#038; class='h-video-main'  allowfullscreen><\/iframe><\/div>\n                  <\/div>\n                <\/div>\n                <div data-colibri-id=\"1516-c13\" class=\"d-block style-1067 style-local-1516-c13 position-relative h-element\">\n                  <!---->\n                  <div class=\"h-image__frame-container-outer\">\n                    <div class=\"h-image__frame-container\">\n                      <!---->\n                      <!---->\n                      <img loading=\"lazy\" decoding=\"async\" width=\"2069\" height=\"2560\" src=\"https:\/\/www.fbs-music.com\/wp-content\/uploads\/2025\/08\/jag-scaled.png\" class=\"wp-image-4554 style-1067-image style-local-1516-c13-image\" alt=\"\" srcset=\"https:\/\/www.fbs-music.com\/wp-content\/uploads\/2025\/08\/jag-scaled.png 2069w, https:\/\/www.fbs-music.com\/wp-content\/uploads\/2025\/08\/jag-242x300.png 242w, https:\/\/www.fbs-music.com\/wp-content\/uploads\/2025\/08\/jag-828x1024.png 828w, https:\/\/www.fbs-music.com\/wp-content\/uploads\/2025\/08\/jag-768x950.png 768w, https:\/\/www.fbs-music.com\/wp-content\/uploads\/2025\/08\/jag-1242x1536.png 1242w, https:\/\/www.fbs-music.com\/wp-content\/uploads\/2025\/08\/jag-1655x2048.png 1655w, https:\/\/www.fbs-music.com\/wp-content\/uploads\/2025\/08\/jag-600x742.png 600w\" sizes=\"auto, (max-width: 2069px) 100vw, 2069px\" \/>\n                      <div class=\"h-image__frame h-hide-lg h-hide-md h-hide-sm style-1067-frameImage style-local-1516-c13-frameImage\"><\/div>\n                    <\/div>\n                  <\/div>\n                <\/div>\n                <div data-colibri-component=\"masonry\" data-colibri-id=\"1516-c14\" class=\"h-photo-gallery margin-none caption-none style-1068 style-local-1516-c14 position-relative h-element\">\n                  <!---->\n                  <div class=\"h-global-transition-all\"><div id='colibri-1516-c14' class='gallery-wrapper'>    <style type=\"text\/css\">\n\n        @media (min-width: 1023px) {        #colibri-1516-c14        dl {\n            float: left;\n            width: 25% !important;\n            max-width: 25% !important;\n            min-width: 25% !important;\n        }\n\n        #colibri-1516-c14        dl:nth-of-type(4n +1 ) {\n            clear: both;\n        }\n\n        }@media (min-width: 768px) and (max-width: 1023px) {        #colibri-1516-c14        dl {\n            float: left;\n            width: 25% !important;\n            max-width: 25% !important;\n            min-width: 25% !important;\n        }\n\n        #colibri-1516-c14        dl:nth-of-type(4n +1 ) {\n            clear: both;\n        }\n\n        }@media (max-width: 767px) {        #colibri-1516-c14        dl {\n            float: left;\n            width: 25% !important;\n            max-width: 25% !important;\n            min-width: 25% !important;\n        }\n\n        #colibri-1516-c14        dl:nth-of-type(4n +1 ) {\n            clear: both;\n        }\n\n        }\n        #colibri-1516-c14        .gallery-item {\n            position: relative;\n        }\n\n        \n    <\/style>\n    <div   class='colibri-1516-c14-dls-wrapper gallery-items-wrapper' ><dl class='gallery-item masonry-item'>\n\t\t\t<dt class='gallery-icon portrait'>\n\t\t\t\t<img loading=\"lazy\" decoding=\"async\"  width=\"240\" height=\"300\" src=\"https:\/\/www.fbs-music.com\/wp-content\/uploads\/2025\/03\/Screenshot-2025-03-15-at-08-37-30-Instagram-240x300.png\"  class='colibri-1516-c14-image' alt=\"\" srcset=\"https:\/\/www.fbs-music.com\/wp-content\/uploads\/2025\/03\/Screenshot-2025-03-15-at-08-37-30-Instagram-240x300.png 240w, https:\/\/www.fbs-music.com\/wp-content\/uploads\/2025\/03\/Screenshot-2025-03-15-at-08-37-30-Instagram-600x751.png 600w, https:\/\/www.fbs-music.com\/wp-content\/uploads\/2025\/03\/Screenshot-2025-03-15-at-08-37-30-Instagram.png 697w\" sizes=\"auto, (max-width: 240px) 100vw, 240px\" \/>\n\t\t\t<\/dt><\/dl><dl class='gallery-item masonry-item'>\n\t\t\t<dt class='gallery-icon landscape'>\n\t\t\t\t<img loading=\"lazy\" decoding=\"async\"  width=\"300\" height=\"223\" src=\"https:\/\/www.fbs-music.com\/wp-content\/uploads\/2024\/06\/Screenshot-2024-06-15-at-16-23-07-Facebook-300x223.png\"  class='colibri-1516-c14-image' alt=\"\" srcset=\"https:\/\/www.fbs-music.com\/wp-content\/uploads\/2024\/06\/Screenshot-2024-06-15-at-16-23-07-Facebook-300x223.png 300w, https:\/\/www.fbs-music.com\/wp-content\/uploads\/2024\/06\/Screenshot-2024-06-15-at-16-23-07-Facebook-600x445.png 600w, https:\/\/www.fbs-music.com\/wp-content\/uploads\/2024\/06\/Screenshot-2024-06-15-at-16-23-07-Facebook.png 662w\" sizes=\"auto, (max-width: 300px) 100vw, 300px\" \/>\n\t\t\t<\/dt><\/dl><dl class='gallery-item masonry-item'>\n\t\t\t<dt class='gallery-icon landscape'>\n\t\t\t\t<img loading=\"lazy\" decoding=\"async\"  width=\"300\" height=\"293\" src=\"https:\/\/www.fbs-music.com\/wp-content\/uploads\/2024\/05\/Capture-decran-2023-10-29-203436-300x293.png\"  class='colibri-1516-c14-image' alt=\"\" srcset=\"https:\/\/www.fbs-music.com\/wp-content\/uploads\/2024\/05\/Capture-decran-2023-10-29-203436-300x293.png 300w, https:\/\/www.fbs-music.com\/wp-content\/uploads\/2024\/05\/Capture-decran-2023-10-29-203436-768x751.png 768w, https:\/\/www.fbs-music.com\/wp-content\/uploads\/2024\/05\/Capture-decran-2023-10-29-203436-600x586.png 600w, https:\/\/www.fbs-music.com\/wp-content\/uploads\/2024\/05\/Capture-decran-2023-10-29-203436.png 834w\" sizes=\"auto, (max-width: 300px) 100vw, 300px\" \/>\n\t\t\t<\/dt><\/dl><dl class='gallery-item masonry-item'>\n\t\t\t<dt class='gallery-icon landscape'>\n\t\t\t\t<img loading=\"lazy\" decoding=\"async\"  width=\"300\" height=\"225\" src=\"https:\/\/www.fbs-music.com\/wp-content\/uploads\/2022\/06\/IMG_20220601_224651_465-300x225.jpg\"  class='colibri-1516-c14-image' alt=\"\" srcset=\"https:\/\/www.fbs-music.com\/wp-content\/uploads\/2022\/06\/IMG_20220601_224651_465-300x225.jpg 300w, https:\/\/www.fbs-music.com\/wp-content\/uploads\/2022\/06\/IMG_20220601_224651_465-scaled-600x450.jpg 600w, https:\/\/www.fbs-music.com\/wp-content\/uploads\/2022\/06\/IMG_20220601_224651_465-1024x768.jpg 1024w, https:\/\/www.fbs-music.com\/wp-content\/uploads\/2022\/06\/IMG_20220601_224651_465-768x576.jpg 768w, https:\/\/www.fbs-music.com\/wp-content\/uploads\/2022\/06\/IMG_20220601_224651_465-1536x1152.jpg 1536w, https:\/\/www.fbs-music.com\/wp-content\/uploads\/2022\/06\/IMG_20220601_224651_465-2048x1536.jpg 2048w\" sizes=\"auto, (max-width: 300px) 100vw, 300px\" \/>\n\t\t\t<\/dt><\/dl><dl class='gallery-item masonry-item'>\n\t\t\t<dt class='gallery-icon landscape'>\n\t\t\t\t<img loading=\"lazy\" decoding=\"async\"  width=\"300\" height=\"300\" src=\"https:\/\/www.fbs-music.com\/wp-content\/uploads\/2022\/06\/IMG_20220602_191951_832-300x300.jpg\"  class='colibri-1516-c14-image' alt=\"\" srcset=\"https:\/\/www.fbs-music.com\/wp-content\/uploads\/2022\/06\/IMG_20220602_191951_832-300x300.jpg 300w, https:\/\/www.fbs-music.com\/wp-content\/uploads\/2022\/06\/IMG_20220602_191951_832-100x100.jpg 100w, https:\/\/www.fbs-music.com\/wp-content\/uploads\/2022\/06\/IMG_20220602_191951_832-600x600.jpg 600w, https:\/\/www.fbs-music.com\/wp-content\/uploads\/2022\/06\/IMG_20220602_191951_832-1024x1024.jpg 1024w, https:\/\/www.fbs-music.com\/wp-content\/uploads\/2022\/06\/IMG_20220602_191951_832-150x150.jpg 150w, https:\/\/www.fbs-music.com\/wp-content\/uploads\/2022\/06\/IMG_20220602_191951_832-768x768.jpg 768w, https:\/\/www.fbs-music.com\/wp-content\/uploads\/2022\/06\/IMG_20220602_191951_832-1536x1536.jpg 1536w, https:\/\/www.fbs-music.com\/wp-content\/uploads\/2022\/06\/IMG_20220602_191951_832-2048x2048.jpg 2048w\" sizes=\"auto, (max-width: 300px) 100vw, 300px\" \/>\n\t\t\t<\/dt><\/dl><dl class='gallery-item masonry-item'>\n\t\t\t<dt class='gallery-icon landscape'>\n\t\t\t\t<img loading=\"lazy\" decoding=\"async\"  width=\"300\" height=\"225\" src=\"https:\/\/www.fbs-music.com\/wp-content\/uploads\/2022\/06\/20220611_135423-300x225.jpg\"  class='colibri-1516-c14-image' alt=\"\" srcset=\"https:\/\/www.fbs-music.com\/wp-content\/uploads\/2022\/06\/20220611_135423-300x225.jpg 300w, https:\/\/www.fbs-music.com\/wp-content\/uploads\/2022\/06\/20220611_135423-scaled-600x450.jpg 600w, https:\/\/www.fbs-music.com\/wp-content\/uploads\/2022\/06\/20220611_135423-1024x768.jpg 1024w\" sizes=\"auto, (max-width: 300px) 100vw, 300px\" \/>\n\t\t\t<\/dt><\/dl>\n\t\t\t\n\t\t<\/div>\n<style>#colibri-1516-c14 .wp-caption-text.gallery-caption{display:none;}<\/style><\/div><\/div>\n                <\/div>\n              <\/div>\n            <\/div>\n          <\/div>\n        <\/div>\n      <\/div>\n    <\/div>\n  <\/div>\n<\/div>","protected":false},"excerpt":{"rendered":"<p>Je propose des mod\u00e8les de micros pour Mustang, Jaguar et Jazzmaster. Mes mod\u00e8les visent \u00e0 reproduire les micros historiques des p\u00e9riodes L Fender ou CBS. Je peux \u00e9galement faire des micros sp\u00e9cifiques sur mesures (double, format P90&#8230;.) Commandez vos micros Test des micros Jazzmaster 58 \/ Jaguar 63<\/p>\n","protected":false},"author":1,"featured_media":0,"parent":0,"menu_order":0,"comment_status":"closed","ping_status":"closed","template":"page-templates\/full-width-page.php","meta":{"footnotes":""},"class_list":["post-1516","page","type-page","status-publish","hentry"],"jetpack_sharing_enabled":true,"_links":{"self":[{"href":"https:\/\/www.fbs-music.com\/index.php?rest_route=\/wp\/v2\/pages\/1516","targetHints":{"allow":["GET"]}}],"collection":[{"href":"https:\/\/www.fbs-music.com\/index.php?rest_route=\/wp\/v2\/pages"}],"about":[{"href":"https:\/\/www.fbs-music.com\/index.php?rest_route=\/wp\/v2\/types\/page"}],"author":[{"embeddable":true,"href":"https:\/\/www.fbs-music.com\/index.php?rest_route=\/wp\/v2\/users\/1"}],"replies":[{"embeddable":true,"href":"https:\/\/www.fbs-music.com\/index.php?rest_route=%2Fwp%2Fv2%2Fcomments&post=1516"}],"version-history":[{"count":6,"href":"https:\/\/www.fbs-music.com\/index.php?rest_route=\/wp\/v2\/pages\/1516\/revisions"}],"predecessor-version":[{"id":4556,"href":"https:\/\/www.fbs-music.com\/index.php?rest_route=\/wp\/v2\/pages\/1516\/revisions\/4556"}],"wp:attachment":[{"href":"https:\/\/www.fbs-music.com\/index.php?rest_route=%2Fwp%2Fv2%2Fmedia&parent=1516"}],"curies":[{"name":"wp","href":"https:\/\/api.w.org\/{rel}","templated":true}]}}