{"id":2138,"date":"2023-06-18T20:34:37","date_gmt":"2023-06-18T18:34:37","guid":{"rendered":"https:\/\/www.fbs-music.com\/?page_id=2138"},"modified":"2023-10-10T21:07:06","modified_gmt":"2023-10-10T19:07:06","slug":"precision-bass","status":"publish","type":"page","link":"https:\/\/www.fbs-music.com\/?page_id=2138","title":{"rendered":"Precision bass"},"content":{"rendered":"<div data-colibri-id=\"2138-c1\" class=\"style-961 style-local-2138-c1 position-relative\">\n  <!---->\n  <div data-colibri-component=\"section\" data-colibri-id=\"2138-c2\" id=\"custom\" class=\"h-section h-section-global-spacing d-flex align-items-lg-center align-items-md-center align-items-center style-962 style-local-2138-c2 position-relative\">\n    <!---->\n    <!---->\n    <div class=\"h-section-grid-container h-section-boxed-container\">\n      <!---->\n      <div data-colibri-id=\"2138-c3\" class=\"h-row-container gutters-row-lg-2 gutters-row-md-2 gutters-row-0 gutters-row-v-lg-2 gutters-row-v-md-2 gutters-row-v-2 style-963 style-local-2138-c3 position-relative\">\n        <!---->\n        <div class=\"h-row justify-content-lg-center justify-content-md-center justify-content-center align-items-lg-stretch align-items-md-stretch align-items-stretch gutters-col-lg-2 gutters-col-md-2 gutters-col-0 gutters-col-v-lg-2 gutters-col-v-md-2 gutters-col-v-2\">\n          <!---->\n          <div class=\"h-column h-column-container d-flex h-col-lg-auto h-col-md-auto h-col-auto style-964-outer style-local-2138-c4-outer\">\n            <div data-colibri-id=\"2138-c4\" class=\"d-flex h-flex-basis h-column__inner h-px-lg-2 h-px-md-2 h-px-2 v-inner-lg-2 v-inner-md-2 v-inner-2 style-964 style-local-2138-c4 position-relative\">\n              <!---->\n              <!---->\n              <div class=\"w-100 h-y-container h-column__content h-column__v-align flex-basis-100 align-self-lg-start align-self-md-start align-self-start\">\n                <!---->\n                <div data-colibri-id=\"2138-c5\" class=\"h-text h-text-component style-966 style-local-2138-c5 position-relative h-element\">\n                  <!---->\n                  <!---->\n                  <div class=\"\">\n                    <p>Je propose des micros compatibles avec la plupart des basses du march\u00e9 . Chaque set de micros est personnalisable (aimants, bobinage) au del\u00e0 des mod\u00e8les que je propose.<\/p>\n                    <p>Mes micros sont disponibles en 4 cordes et 5 cordes. Set P+J r\u00e9alisable sur simple demande<\/p>\n                    <p>\n                      <br>\n                    <\/p>\n                    <ul>\n                      <li>PB 60&rsquo;s: micro alnico 5 bobin\u00e9 avec du fil Heavy Formvar 42awg. Sonorit\u00e9 chaude et profonde avec pas mal de medium. ( Alnico 5 , 10,5k)<\/li>\n                    <\/ul>\n                    <p>\n                      <br>\n                    <\/p>\n                    <ul>\n                      <li>PB 70&rsquo;s: un grand classique, bobin\u00e9 en 42 awg plain enamel avec des aimants alnico 5 pour une belle attaque et un son rock! Un micro tr\u00e8s polyvalent pour jouer du blues au heavy metal&#8230;(Alnico 5, 11,5k)<\/li>\n                    <\/ul>\n                    <p>\n                      <br>\n                    <\/p>\n                    <ul>\n                      <li>PB Fatman: un micro precision equip\u00e9 d&rsquo;aimant alnico 5 de 0.25 pouces (6,35mm) qui renforce l&rsquo;attaque et les basses du micro. Parfait pour muscler le son de votre precision. (Alnico 5&nbsp;12k)<\/li>\n                    <\/ul>\n                    <p>\n                      <br>\n                    <\/p>\n                    <ul>\n                      <li>PB51: version single coil des premi\u00e8res Precision. Bobinage 42awg plain enamel et aimant alnico 5 NOS pour une reproduction &lsquo;vintage&rsquo; qui colle parfaitement \u00e0 ce mod\u00e8le. (Alnico 5 , 7,8k)\n                        <br>\n                      <\/li>\n                    <\/ul>\n                    <p>\n                      <br>\n                    <\/p>\n                  <\/div>\n                <\/div>\n              <\/div>\n            <\/div>\n          <\/div>\n          <div class=\"h-column h-column-container d-flex h-col-lg-auto h-col-md-auto h-col-auto style-965-outer style-local-2138-c6-outer\">\n            <div data-colibri-id=\"2138-c6\" class=\"d-flex h-flex-basis h-column__inner h-px-lg-2 h-px-md-2 h-px-2 v-inner-lg-2 v-inner-md-2 v-inner-2 style-965 style-local-2138-c6 position-relative\">\n              <!---->\n              <!---->\n              <div class=\"w-100 h-y-container h-column__content h-column__v-align flex-basis-100 align-self-lg-start align-self-md-start align-self-start\">\n                <!---->\n                <div data-colibri-id=\"2138-c7\" class=\"d-block style-967 style-local-2138-c7 position-relative h-element\">\n                  <!---->\n                  <div class=\"h-image__frame-container-outer\">\n                    <div class=\"h-image__frame-container\">\n                      <!---->\n                      <!---->\n                      <img loading=\"lazy\" decoding=\"async\" width=\"2558\" height=\"1794\" src=\"https:\/\/www.fbs-music.com\/wp-content\/uploads\/2022\/06\/cropped-IMG_20220419_202926_841-scaled-1.jpg\" class=\"wp-image-1493 style-967-image style-local-2138-c7-image\" alt=\"\" srcset=\"https:\/\/www.fbs-music.com\/wp-content\/uploads\/2022\/06\/cropped-IMG_20220419_202926_841-scaled-1.jpg 2558w, https:\/\/www.fbs-music.com\/wp-content\/uploads\/2022\/06\/cropped-IMG_20220419_202926_841-scaled-1-600x421.jpg 600w, https:\/\/www.fbs-music.com\/wp-content\/uploads\/2022\/06\/cropped-IMG_20220419_202926_841-scaled-1-300x210.jpg 300w, https:\/\/www.fbs-music.com\/wp-content\/uploads\/2022\/06\/cropped-IMG_20220419_202926_841-scaled-1-1024x718.jpg 1024w, https:\/\/www.fbs-music.com\/wp-content\/uploads\/2022\/06\/cropped-IMG_20220419_202926_841-scaled-1-768x539.jpg 768w, https:\/\/www.fbs-music.com\/wp-content\/uploads\/2022\/06\/cropped-IMG_20220419_202926_841-scaled-1-1536x1077.jpg 1536w, https:\/\/www.fbs-music.com\/wp-content\/uploads\/2022\/06\/cropped-IMG_20220419_202926_841-scaled-1-2048x1436.jpg 2048w\" sizes=\"auto, (max-width: 2558px) 100vw, 2558px\" \/>\n                      <div class=\"h-image__frame h-hide-lg h-hide-md h-hide-sm style-967-frameImage style-local-2138-c7-frameImage\"><\/div>\n                    <\/div>\n                  <\/div>\n                <\/div>\n                <div data-colibri-id=\"2138-c8\" class=\"d-block style-973 style-local-2138-c8 position-relative h-element\">\n                  <!---->\n                  <div class=\"h-image__frame-container-outer\">\n                    <div class=\"h-image__frame-container\">\n                      <!---->\n                      <!---->\n                      <img decoding=\"async\" src=\"https:\/\/www.fbs-music.com\/wp-content\/uploads\/2023\/06\/Screenshot-2023-06-18-at-21-14-16-Photo-Google-Photos-768x489.png\" class=\"style-973-image style-local-2138-c8-image\">\n                      <div class=\"h-image__frame h-hide-lg h-hide-md h-hide-sm style-973-frameImage style-local-2138-c8-frameImage\"><\/div>\n                    <\/div>\n                  <\/div>\n                <\/div>\n                <div data-colibri-id=\"2138-c9\" class=\"d-block style-968 style-local-2138-c9 position-relative h-element\">\n                  <!---->\n                  <div class=\"h-image__frame-container-outer\">\n                    <div class=\"h-image__frame-container\">\n                      <!---->\n                      <!---->\n                      <img decoding=\"async\" src=\"https:\/\/www.fbs-music.com\/wp-content\/uploads\/2023\/06\/Screenshot-2023-06-12-at-22-02-32-Francois-BOUSSUGES-@fbs_music-Instagram-300x300.png\" class=\"style-968-image style-local-2138-c9-image\">\n                      <div class=\"h-image__frame h-hide-lg h-hide-md h-hide-sm style-968-frameImage style-local-2138-c9-frameImage\"><\/div>\n                    <\/div>\n                  <\/div>\n                <\/div>\n                <div data-colibri-id=\"2138-c10\" class=\"d-block style-969 style-local-2138-c10 position-relative h-element\">\n                  <!---->\n                  <div class=\"h-image__frame-container-outer\">\n                    <div class=\"h-image__frame-container\">\n                      <!---->\n                      <!---->\n                      <img loading=\"lazy\" decoding=\"async\" width=\"853\" height=\"853\" src=\"https:\/\/www.fbs-music.com\/wp-content\/uploads\/2023\/05\/Screenshot-2023-05-31-at-07-45-52-Francois-BOUSSUGES-@fbs_music-Instagram.png\" class=\"wp-image-2034 style-969-image style-local-2138-c10-image\" alt=\"\" srcset=\"https:\/\/www.fbs-music.com\/wp-content\/uploads\/2023\/05\/Screenshot-2023-05-31-at-07-45-52-Francois-BOUSSUGES-@fbs_music-Instagram.png 853w, https:\/\/www.fbs-music.com\/wp-content\/uploads\/2023\/05\/Screenshot-2023-05-31-at-07-45-52-Francois-BOUSSUGES-@fbs_music-Instagram-300x300.png 300w, https:\/\/www.fbs-music.com\/wp-content\/uploads\/2023\/05\/Screenshot-2023-05-31-at-07-45-52-Francois-BOUSSUGES-@fbs_music-Instagram-100x100.png 100w, https:\/\/www.fbs-music.com\/wp-content\/uploads\/2023\/05\/Screenshot-2023-05-31-at-07-45-52-Francois-BOUSSUGES-@fbs_music-Instagram-600x600.png 600w, https:\/\/www.fbs-music.com\/wp-content\/uploads\/2023\/05\/Screenshot-2023-05-31-at-07-45-52-Francois-BOUSSUGES-@fbs_music-Instagram-150x150.png 150w, https:\/\/www.fbs-music.com\/wp-content\/uploads\/2023\/05\/Screenshot-2023-05-31-at-07-45-52-Francois-BOUSSUGES-@fbs_music-Instagram-768x768.png 768w\" sizes=\"auto, (max-width: 853px) 100vw, 853px\" \/>\n                      <div class=\"h-image__frame h-hide-lg h-hide-md h-hide-sm style-969-frameImage style-local-2138-c10-frameImage\"><\/div>\n                    <\/div>\n                  <\/div>\n                <\/div>\n              <\/div>\n            <\/div>\n          <\/div>\n        <\/div>\n      <\/div>\n      <div data-colibri-id=\"2138-c11\" class=\"h-row-container gutters-row-lg-2 gutters-row-md-2 gutters-row-0 gutters-row-v-lg-2 gutters-row-v-md-2 gutters-row-v-2 style-970 style-local-2138-c11 position-relative\">\n        <!---->\n        <div class=\"h-row justify-content-lg-center justify-content-md-center justify-content-center align-items-lg-stretch align-items-md-stretch align-items-stretch gutters-col-lg-2 gutters-col-md-2 gutters-col-0 gutters-col-v-lg-2 gutters-col-v-md-2 gutters-col-v-2\">\n          <!---->\n          <div class=\"h-column h-column-container d-flex h-col-lg-auto h-col-md-auto h-col-auto style-971-outer style-local-2138-c12-outer\">\n            <div data-colibri-id=\"2138-c12\" class=\"d-flex h-flex-basis h-column__inner h-ui-empty-state-container h-px-lg-2 h-px-md-2 h-px-2 v-inner-lg-2 v-inner-md-2 v-inner-2 style-971 style-local-2138-c12 position-relative\">\n              <!---->\n              <!---->\n              <div class=\"w-100 h-y-container h-column__content h-column__v-align flex-basis-100\">\n                <!---->\n              <\/div>\n            <\/div>\n          <\/div>\n        <\/div>\n      <\/div>\n    <\/div>\n  <\/div>\n<\/div>","protected":false},"excerpt":{"rendered":"<p>Je propose des micros compatibles avec la plupart des basses du march\u00e9 . Chaque set de micros est personnalisable (aimants, bobinage) au del\u00e0 des mod\u00e8les que je propose. Mes micros sont disponibles en 4 cordes et 5 cordes. Set P+J r\u00e9alisable sur simple demande PB 60&rsquo;s: micro alnico 5 bobin\u00e9 avec du fil Heavy Formvar [&hellip;]<\/p>\n","protected":false},"author":1,"featured_media":0,"parent":0,"menu_order":0,"comment_status":"closed","ping_status":"closed","template":"page-templates\/full-width-page.php","meta":{"footnotes":""},"class_list":["post-2138","page","type-page","status-publish","hentry"],"jetpack_sharing_enabled":true,"_links":{"self":[{"href":"https:\/\/www.fbs-music.com\/index.php?rest_route=\/wp\/v2\/pages\/2138","targetHints":{"allow":["GET"]}}],"collection":[{"href":"https:\/\/www.fbs-music.com\/index.php?rest_route=\/wp\/v2\/pages"}],"about":[{"href":"https:\/\/www.fbs-music.com\/index.php?rest_route=\/wp\/v2\/types\/page"}],"author":[{"embeddable":true,"href":"https:\/\/www.fbs-music.com\/index.php?rest_route=\/wp\/v2\/users\/1"}],"replies":[{"embeddable":true,"href":"https:\/\/www.fbs-music.com\/index.php?rest_route=%2Fwp%2Fv2%2Fcomments&post=2138"}],"version-history":[{"count":7,"href":"https:\/\/www.fbs-music.com\/index.php?rest_route=\/wp\/v2\/pages\/2138\/revisions"}],"predecessor-version":[{"id":3556,"href":"https:\/\/www.fbs-music.com\/index.php?rest_route=\/wp\/v2\/pages\/2138\/revisions\/3556"}],"wp:attachment":[{"href":"https:\/\/www.fbs-music.com\/index.php?rest_route=%2Fwp%2Fv2%2Fmedia&parent=2138"}],"curies":[{"name":"wp","href":"https:\/\/api.w.org\/{rel}","templated":true}]}}