{"id":240,"date":"2021-06-10T14:38:58","date_gmt":"2021-06-10T12:38:58","guid":{"rendered":"https:\/\/www.fbs-music.com\/?page_id=240"},"modified":"2025-10-18T16:20:29","modified_gmt":"2025-10-18T14:20:29","slug":"modeles","status":"publish","type":"page","link":"https:\/\/www.fbs-music.com\/?page_id=240","title":{"rendered":"Type T"},"content":{"rendered":"<div data-colibri-id=\"240-c1\" class=\"style-332 style-local-240-c1 position-relative\">\n  <!---->\n  <div data-colibri-component=\"section\" data-colibri-id=\"240-c2\" id=\"custom\" class=\"h-section h-section-global-spacing d-flex align-items-lg-center align-items-md-center align-items-center style-333 style-local-240-c2 position-relative\">\n    <!---->\n    <!---->\n    <div class=\"h-section-grid-container h-section-boxed-container\">\n      <!---->\n      <div data-colibri-id=\"240-c3\" class=\"h-row-container gutters-row-lg-1 gutters-row-md-1 gutters-row-0 gutters-row-v-lg-1 gutters-row-v-md-1 gutters-row-v-1 style-336 style-local-240-c3 position-relative\">\n        <!---->\n        <div class=\"h-row justify-content-lg-center justify-content-md-center justify-content-center align-items-lg-stretch align-items-md-stretch align-items-stretch gutters-col-lg-1 gutters-col-md-1 gutters-col-0 gutters-col-v-lg-1 gutters-col-v-md-1 gutters-col-v-1\">\n          <!---->\n          <div class=\"h-column h-column-container d-flex h-col-lg-auto h-col-md-auto h-col-auto style-337-outer style-local-240-c4-outer\">\n            <div data-colibri-id=\"240-c4\" class=\"d-flex h-flex-basis h-column__inner h-px-lg-1 h-px-md-1 h-px-1 v-inner-lg-1 v-inner-md-1 v-inner-1 style-337 style-local-240-c4 position-relative\">\n              <!---->\n              <!---->\n              <div class=\"w-100 h-y-container h-column__content h-column__v-align flex-basis-100 align-self-lg-start align-self-md-start align-self-start\">\n                <!---->\n                <div data-colibri-id=\"240-c5\" class=\"h-text h-text-component style-523 style-local-240-c5 position-relative h-element\">\n                  <!---->\n                  <!---->\n                  <div class=\"\">\n                    <p>Tarif: \u00e0 partir de 1600\u20ac\n                      <br>\n                    <\/p>\n                  <\/div>\n                <\/div>\n                <div data-colibri-id=\"240-c6\" class=\"h-text h-text-component style-342 style-local-240-c6 position-relative h-element\">\n                  <!---->\n                  <!---->\n                  <div class=\"\">\n                    <p>Une guitare inspir\u00e9e d&rsquo;un mod\u00e8le connue de tous. Sa forme simple et \u00e9pur\u00e9e permet un nombre incroyable de possibilit\u00e9s (table avec filet, thinline, vibrato, configuration micro&#8230;).<\/p>\n                    <p>Caract\u00e9ristiques:<\/p>\n                    <ul>\n                      <li>corps traditionnel plein, chambr\u00e9 ou thinline\n                        <br>\n                      <\/li>\n                      <li>diapason 25,5 pouces, 21 ou 22 frettes<\/li>\n                      <li>talon de manche profil\u00e9<\/li>\n                      <li>profil de manche sur mesure\n                        <br>\n                      <\/li>\n                      <li>Chevalet traditionnel Gotoh In-Tune ou chevalet fixe Gotoh GTC 102<\/li>\n                      <li>M\u00e9caniques \u00e0 blocage Gotoh SG381 MG ou SD91\n                        <br>\n                      <\/li>\n                      <li>configuration micros: SS, HS ou HH<\/li>\n                      <li>Frettes inox\n                        <br>\n                      <\/li>\n                      <li>Contr\u00f4les personnalisables<\/li>\n                      <li>Bois et finition personnalisables<\/li>\n                    <\/ul>\n                    <p>\n                      <br>\n                    <\/p>\n                    <p>\n                      <br>\n                    <\/p>\n                  <\/div>\n                <\/div>\n              <\/div>\n            <\/div>\n          <\/div>\n          <div class=\"h-column h-column-container d-flex h-col-lg-auto h-col-md-auto h-col-auto style-338-outer style-local-240-c7-outer\">\n            <div data-colibri-id=\"240-c7\" class=\"d-flex h-flex-basis h-column__inner h-px-lg-1 h-px-md-1 h-px-1 v-inner-lg-1 v-inner-md-1 v-inner-1 style-338 style-local-240-c7 position-relative\">\n              <!---->\n              <!---->\n              <div class=\"w-100 h-y-container h-column__content h-column__v-align flex-basis-100 align-self-lg-start align-self-md-start align-self-start\">\n                <!---->\n                <div data-colibri-component=\"masonry\" data-colibri-id=\"240-c8\" class=\"h-photo-gallery margin-none caption-none style-889 style-local-240-c8 position-relative h-element\">\n                  <!---->\n                  <div class=\"h-global-transition-all\"><div id='colibri-240-c8' class='gallery-wrapper'>    <style type=\"text\/css\">\n\n        @media (min-width: 1023px) {        #colibri-240-c8        dl {\n            float: left;\n            width: 50% !important;\n            max-width: 50% !important;\n            min-width: 50% !important;\n        }\n\n        #colibri-240-c8        dl:nth-of-type(2n +1 ) {\n            clear: both;\n        }\n\n        }@media (min-width: 768px) and (max-width: 1023px) {        #colibri-240-c8        dl {\n            float: left;\n            width: 50% !important;\n            max-width: 50% !important;\n            min-width: 50% !important;\n        }\n\n        #colibri-240-c8        dl:nth-of-type(2n +1 ) {\n            clear: both;\n        }\n\n        }@media (max-width: 767px) {        #colibri-240-c8        dl {\n            float: left;\n            width: 50% !important;\n            max-width: 50% !important;\n            min-width: 50% !important;\n        }\n\n        #colibri-240-c8        dl:nth-of-type(2n +1 ) {\n            clear: both;\n        }\n\n        }\n        #colibri-240-c8        .gallery-item {\n            position: relative;\n        }\n\n        \n    <\/style>\n    <div   class='colibri-240-c8-dls-wrapper gallery-items-wrapper' ><dl class='gallery-item masonry-item'>\n\t\t\t<dt class='gallery-icon portrait'>\n\t\t\t\t<a data-fancybox=\"colibri-240-c8-group\" href='https:\/\/www.fbs-music.com\/wp-content\/uploads\/2023\/09\/DSCF2830-scaled.jpg'><img loading=\"lazy\" decoding=\"async\"  width=\"200\" height=\"300\" src=\"https:\/\/www.fbs-music.com\/wp-content\/uploads\/2023\/09\/DSCF2830-200x300.jpg\"  class='colibri-240-c8-image' alt=\"\" srcset=\"https:\/\/www.fbs-music.com\/wp-content\/uploads\/2023\/09\/DSCF2830-200x300.jpg 200w, https:\/\/www.fbs-music.com\/wp-content\/uploads\/2023\/09\/DSCF2830-scaled-600x900.jpg 600w, https:\/\/www.fbs-music.com\/wp-content\/uploads\/2023\/09\/DSCF2830-683x1024.jpg 683w, https:\/\/www.fbs-music.com\/wp-content\/uploads\/2023\/09\/DSCF2830-768x1152.jpg 768w, https:\/\/www.fbs-music.com\/wp-content\/uploads\/2023\/09\/DSCF2830-1024x1536.jpg 1024w, https:\/\/www.fbs-music.com\/wp-content\/uploads\/2023\/09\/DSCF2830-1365x2048.jpg 1365w, https:\/\/www.fbs-music.com\/wp-content\/uploads\/2023\/09\/DSCF2830-scaled.jpg 1707w\" sizes=\"auto, (max-width: 200px) 100vw, 200px\" \/><\/a>\n\t\t\t<\/dt><\/dl><dl class='gallery-item masonry-item'>\n\t\t\t<dt class='gallery-icon landscape'>\n\t\t\t\t<a data-fancybox=\"colibri-240-c8-group\" href='https:\/\/www.fbs-music.com\/wp-content\/uploads\/2023\/09\/Screenshot-2023-09-17-at-20-13-59-Francois-BOUSSUGES-@fbs_music-\u2022-Photos-et-videos-Instagram.png'><img loading=\"lazy\" decoding=\"async\"  width=\"300\" height=\"300\" src=\"https:\/\/www.fbs-music.com\/wp-content\/uploads\/2023\/09\/Screenshot-2023-09-17-at-20-13-59-Francois-BOUSSUGES-@fbs_music-\u2022-Photos-et-videos-Instagram-300x300.png\"  class='colibri-240-c8-image' alt=\"\" srcset=\"https:\/\/www.fbs-music.com\/wp-content\/uploads\/2023\/09\/Screenshot-2023-09-17-at-20-13-59-Francois-BOUSSUGES-@fbs_music-\u2022-Photos-et-videos-Instagram-300x300.png 300w, https:\/\/www.fbs-music.com\/wp-content\/uploads\/2023\/09\/Screenshot-2023-09-17-at-20-13-59-Francois-BOUSSUGES-@fbs_music-\u2022-Photos-et-videos-Instagram-150x150.png 150w, https:\/\/www.fbs-music.com\/wp-content\/uploads\/2023\/09\/Screenshot-2023-09-17-at-20-13-59-Francois-BOUSSUGES-@fbs_music-\u2022-Photos-et-videos-Instagram-100x100.png 100w, https:\/\/www.fbs-music.com\/wp-content\/uploads\/2023\/09\/Screenshot-2023-09-17-at-20-13-59-Francois-BOUSSUGES-@fbs_music-\u2022-Photos-et-videos-Instagram.png 386w\" sizes=\"auto, (max-width: 300px) 100vw, 300px\" \/><\/a>\n\t\t\t<\/dt><\/dl><dl class='gallery-item masonry-item'>\n\t\t\t<dt class='gallery-icon landscape'>\n\t\t\t\t<a data-fancybox=\"colibri-240-c8-group\" href='https:\/\/www.fbs-music.com\/wp-content\/uploads\/2022\/11\/cropped-DSCF2355-scaled-1.jpg'><img loading=\"lazy\" decoding=\"async\"  width=\"300\" height=\"300\" src=\"https:\/\/www.fbs-music.com\/wp-content\/uploads\/2022\/11\/cropped-DSCF2355-scaled-1-300x300.jpg\"  class='colibri-240-c8-image' alt=\"\" srcset=\"https:\/\/www.fbs-music.com\/wp-content\/uploads\/2022\/11\/cropped-DSCF2355-scaled-1-300x300.jpg 300w, https:\/\/www.fbs-music.com\/wp-content\/uploads\/2022\/11\/cropped-DSCF2355-scaled-1-100x100.jpg 100w, https:\/\/www.fbs-music.com\/wp-content\/uploads\/2022\/11\/cropped-DSCF2355-scaled-1-600x600.jpg 600w, https:\/\/www.fbs-music.com\/wp-content\/uploads\/2022\/11\/cropped-DSCF2355-scaled-1-1024x1024.jpg 1024w, https:\/\/www.fbs-music.com\/wp-content\/uploads\/2022\/11\/cropped-DSCF2355-scaled-1-150x150.jpg 150w, https:\/\/www.fbs-music.com\/wp-content\/uploads\/2022\/11\/cropped-DSCF2355-scaled-1-768x768.jpg 768w, https:\/\/www.fbs-music.com\/wp-content\/uploads\/2022\/11\/cropped-DSCF2355-scaled-1-1536x1536.jpg 1536w, https:\/\/www.fbs-music.com\/wp-content\/uploads\/2022\/11\/cropped-DSCF2355-scaled-1.jpg 1707w\" sizes=\"auto, (max-width: 300px) 100vw, 300px\" \/><\/a>\n\t\t\t<\/dt><\/dl><dl class='gallery-item masonry-item'>\n\t\t\t<dt class='gallery-icon portrait'>\n\t\t\t\t<a data-fancybox=\"colibri-240-c8-group\" href='https:\/\/www.fbs-music.com\/wp-content\/uploads\/2023\/04\/DSCF2295-scaled.jpg'><img loading=\"lazy\" decoding=\"async\"  width=\"200\" height=\"300\" src=\"https:\/\/www.fbs-music.com\/wp-content\/uploads\/2023\/04\/DSCF2295-200x300.jpg\"  class='colibri-240-c8-image' alt=\"\" srcset=\"https:\/\/www.fbs-music.com\/wp-content\/uploads\/2023\/04\/DSCF2295-200x300.jpg 200w, https:\/\/www.fbs-music.com\/wp-content\/uploads\/2023\/04\/DSCF2295-scaled-600x900.jpg 600w, https:\/\/www.fbs-music.com\/wp-content\/uploads\/2023\/04\/DSCF2295-683x1024.jpg 683w, https:\/\/www.fbs-music.com\/wp-content\/uploads\/2023\/04\/DSCF2295-768x1152.jpg 768w, https:\/\/www.fbs-music.com\/wp-content\/uploads\/2023\/04\/DSCF2295-scaled.jpg 1707w\" sizes=\"auto, (max-width: 200px) 100vw, 200px\" \/><\/a>\n\t\t\t<\/dt><\/dl><dl class='gallery-item masonry-item'>\n\t\t\t<dt class='gallery-icon landscape'>\n\t\t\t\t<a data-fancybox=\"colibri-240-c8-group\" href='https:\/\/www.fbs-music.com\/wp-content\/uploads\/2022\/11\/telecaster-hh-fbs-3824762.jpg'><img loading=\"lazy\" decoding=\"async\"  width=\"300\" height=\"300\" src=\"https:\/\/www.fbs-music.com\/wp-content\/uploads\/2022\/11\/telecaster-hh-fbs-3824762-300x300.jpg\"  class='colibri-240-c8-image' alt=\"\" srcset=\"https:\/\/www.fbs-music.com\/wp-content\/uploads\/2022\/11\/telecaster-hh-fbs-3824762-300x300.jpg 300w, https:\/\/www.fbs-music.com\/wp-content\/uploads\/2022\/11\/telecaster-hh-fbs-3824762-100x100.jpg 100w, https:\/\/www.fbs-music.com\/wp-content\/uploads\/2022\/11\/telecaster-hh-fbs-3824762-600x600.jpg 600w, https:\/\/www.fbs-music.com\/wp-content\/uploads\/2022\/11\/telecaster-hh-fbs-3824762-150x150.jpg 150w, https:\/\/www.fbs-music.com\/wp-content\/uploads\/2022\/11\/telecaster-hh-fbs-3824762-768x768.jpg 768w, https:\/\/www.fbs-music.com\/wp-content\/uploads\/2022\/11\/telecaster-hh-fbs-3824762.jpg 1000w\" sizes=\"auto, (max-width: 300px) 100vw, 300px\" \/><\/a>\n\t\t\t<\/dt><\/dl><dl class='gallery-item masonry-item'>\n\t\t\t<dt class='gallery-icon landscape'>\n\t\t\t\t<a data-fancybox=\"colibri-240-c8-group\" href='https:\/\/www.fbs-music.com\/wp-content\/uploads\/2021\/06\/20210313_102449-scaled.jpg'><img loading=\"lazy\" decoding=\"async\"  width=\"300\" height=\"225\" src=\"https:\/\/www.fbs-music.com\/wp-content\/uploads\/2021\/06\/20210313_102449-300x225.jpg\"  class='colibri-240-c8-image' alt=\"\" srcset=\"https:\/\/www.fbs-music.com\/wp-content\/uploads\/2021\/06\/20210313_102449-300x225.jpg 300w, https:\/\/www.fbs-music.com\/wp-content\/uploads\/2021\/06\/20210313_102449-scaled-600x450.jpg 600w, https:\/\/www.fbs-music.com\/wp-content\/uploads\/2021\/06\/20210313_102449-1024x768.jpg 1024w, https:\/\/www.fbs-music.com\/wp-content\/uploads\/2021\/06\/20210313_102449-768x576.jpg 768w, https:\/\/www.fbs-music.com\/wp-content\/uploads\/2021\/06\/20210313_102449-1536x1152.jpg 1536w, https:\/\/www.fbs-music.com\/wp-content\/uploads\/2021\/06\/20210313_102449-2048x1536.jpg 2048w\" sizes=\"auto, (max-width: 300px) 100vw, 300px\" \/><\/a>\n\t\t\t<\/dt><\/dl><dl class='gallery-item masonry-item'>\n\t\t\t<dt class='gallery-icon portrait'>\n\t\t\t\t<a data-fancybox=\"colibri-240-c8-group\" href='https:\/\/www.fbs-music.com\/wp-content\/uploads\/2023\/01\/20221220_183843-scaled.jpg'><img loading=\"lazy\" decoding=\"async\"  width=\"225\" height=\"300\" src=\"https:\/\/www.fbs-music.com\/wp-content\/uploads\/2023\/01\/20221220_183843-scaled.jpg\"  class='colibri-240-c8-image' alt=\"\" srcset=\"https:\/\/www.fbs-music.com\/wp-content\/uploads\/2023\/01\/20221220_183843-scaled.jpg 1920w, https:\/\/www.fbs-music.com\/wp-content\/uploads\/2023\/01\/20221220_183843-scaled-600x800.jpg 600w\" sizes=\"auto, (max-width: 225px) 100vw, 225px\" \/><\/a>\n\t\t\t<\/dt><\/dl><dl class='gallery-item masonry-item'>\n\t\t\t<dt class='gallery-icon landscape'>\n\t\t\t\t<a data-fancybox=\"colibri-240-c8-group\" href='https:\/\/www.fbs-music.com\/wp-content\/uploads\/2021\/08\/20210703_102319-scaled.jpg'><img loading=\"lazy\" decoding=\"async\"  width=\"300\" height=\"225\" src=\"https:\/\/www.fbs-music.com\/wp-content\/uploads\/2021\/08\/20210703_102319-300x225.jpg\"  class='colibri-240-c8-image' alt=\"\" srcset=\"https:\/\/www.fbs-music.com\/wp-content\/uploads\/2021\/08\/20210703_102319-300x225.jpg 300w, https:\/\/www.fbs-music.com\/wp-content\/uploads\/2021\/08\/20210703_102319-scaled-600x450.jpg 600w, https:\/\/www.fbs-music.com\/wp-content\/uploads\/2021\/08\/20210703_102319-1024x768.jpg 1024w, https:\/\/www.fbs-music.com\/wp-content\/uploads\/2021\/08\/20210703_102319-768x576.jpg 768w, https:\/\/www.fbs-music.com\/wp-content\/uploads\/2021\/08\/20210703_102319-1536x1152.jpg 1536w, https:\/\/www.fbs-music.com\/wp-content\/uploads\/2021\/08\/20210703_102319-2048x1536.jpg 2048w\" sizes=\"auto, (max-width: 300px) 100vw, 300px\" \/><\/a>\n\t\t\t<\/dt><\/dl>\n\t\t<\/div>\n<style>#colibri-240-c8 .wp-caption-text.gallery-caption{display:none;}<\/style><\/div><\/div>\n                <\/div>\n              <\/div>\n            <\/div>\n          <\/div>\n        <\/div>\n      <\/div>\n    <\/div>\n  <\/div>\n<\/div>","protected":false},"excerpt":{"rendered":"<p>Tarif: \u00e0 partir de 1600\u20ac Une guitare inspir\u00e9e d&rsquo;un mod\u00e8le connue de tous. Sa forme simple et \u00e9pur\u00e9e permet un nombre incroyable de possibilit\u00e9s (table avec filet, thinline, vibrato, configuration micro&#8230;). Caract\u00e9ristiques: corps traditionnel plein, chambr\u00e9 ou thinline diapason 25,5 pouces, 21 ou 22 frettes talon de manche profil\u00e9 profil de manche sur mesure Chevalet [&hellip;]<\/p>\n","protected":false},"author":1,"featured_media":0,"parent":0,"menu_order":0,"comment_status":"closed","ping_status":"closed","template":"page-templates\/full-width-page.php","meta":{"footnotes":""},"class_list":["post-240","page","type-page","status-publish","hentry"],"jetpack_sharing_enabled":true,"_links":{"self":[{"href":"https:\/\/www.fbs-music.com\/index.php?rest_route=\/wp\/v2\/pages\/240","targetHints":{"allow":["GET"]}}],"collection":[{"href":"https:\/\/www.fbs-music.com\/index.php?rest_route=\/wp\/v2\/pages"}],"about":[{"href":"https:\/\/www.fbs-music.com\/index.php?rest_route=\/wp\/v2\/types\/page"}],"author":[{"embeddable":true,"href":"https:\/\/www.fbs-music.com\/index.php?rest_route=\/wp\/v2\/users\/1"}],"replies":[{"embeddable":true,"href":"https:\/\/www.fbs-music.com\/index.php?rest_route=%2Fwp%2Fv2%2Fcomments&post=240"}],"version-history":[{"count":20,"href":"https:\/\/www.fbs-music.com\/index.php?rest_route=\/wp\/v2\/pages\/240\/revisions"}],"predecessor-version":[{"id":4690,"href":"https:\/\/www.fbs-music.com\/index.php?rest_route=\/wp\/v2\/pages\/240\/revisions\/4690"}],"wp:attachment":[{"href":"https:\/\/www.fbs-music.com\/index.php?rest_route=%2Fwp%2Fv2%2Fmedia&parent=240"}],"curies":[{"name":"wp","href":"https:\/\/api.w.org\/{rel}","templated":true}]}}