{"id":4043,"date":"2025-01-04T10:45:38","date_gmt":"2025-01-04T09:45:38","guid":{"rendered":"https:\/\/www.fbs-music.com\/?page_id=4043"},"modified":"2025-01-05T21:22:44","modified_gmt":"2025-01-05T20:22:44","slug":"mentions-legales","status":"publish","type":"page","link":"https:\/\/www.fbs-music.com\/?page_id=4043","title":{"rendered":"Mentions l\u00e9gales"},"content":{"rendered":"<div class=\"style-1031 style-local-4043-c1 position-relative\" data-colibri-id=\"4043-c1\">\n<div id=\"custom\" class=\"h-section h-section-global-spacing d-flex align-items-lg-center align-items-md-center align-items-center style-1032 style-local-4043-c2 position-relative\" data-colibri-component=\"section\" data-colibri-id=\"4043-c2\">\n<div class=\"h-section-grid-container h-section-boxed-container\">\n<div class=\"h-row-container gutters-row-lg-2 gutters-row-md-2 gutters-row-0 gutters-row-v-lg-2 gutters-row-v-md-2 gutters-row-v-2 style-1040 style-local-4043-c11 position-relative\" data-colibri-id=\"4043-c11\">\n<div class=\"h-row justify-content-lg-center justify-content-md-center justify-content-center align-items-lg-stretch align-items-md-stretch align-items-stretch gutters-col-lg-2 gutters-col-md-2 gutters-col-0 gutters-col-v-lg-2 gutters-col-v-md-2 gutters-col-v-2\">\n<div class=\"h-column h-column-container d-flex h-col-lg-auto h-col-md-auto h-col-auto style-1041-outer style-local-4043-c12-outer\">\n<div class=\"d-flex h-flex-basis h-column__inner h-px-lg-2 h-px-md-2 h-px-2 v-inner-lg-2 v-inner-md-2 v-inner-2 style-1041 style-local-4043-c12 position-relative\" data-colibri-id=\"4043-c12\">\n<div class=\"w-100 h-y-container h-column__content h-column__v-align flex-basis-100 align-self-lg-start align-self-md-start align-self-start\">\n<div class=\"h-text h-text-component style-1037 style-local-4043-c13 position-relative h-element\" data-colibri-id=\"4043-c13\">\n<div class=\"\">\n<h2><span style=\"font-weight: 400;\">1 &#8211; \u00c9dition du site<\/span><\/h2>\nEn vertu de\n<a class=\"customize-unpreviewable\" href=\"https:\/\/www.legifrance.gouv.fr\/affichTexte.do?cidTexte=JORFTEXT000000801164#LEGIARTI000042038977\" target=\"_blank\" rel=\"noreferrer noopener\">l&rsquo;article 6 de la loi n\u00b0 2004-575 du 21 juin 2004<\/a> pour la confiance dans l&rsquo;\u00e9conomie num\u00e9rique, il est pr\u00e9cis\u00e9 aux utilisateurs du site internet <strong>https:\/\/www.fbs-music.com<\/strong> l&rsquo;identit\u00e9 des diff\u00e9rents intervenants\ndans le cadre de sa r\u00e9alisation et de son suivi:\n\n<strong>Propri\u00e9taire du site : <\/strong>BOUSSUGES Fran\u00e7ois FBS Music &#8211; Contact : contact@fbs-music.com 0680704519 &#8211; Adresse : 154 impasse du ruisseau 38190 LES ADRETS.\n\n<strong>Identification de l&rsquo;entreprise :<\/strong> Micro Entreprise BOUSSUGES Fran\u00e7ois FBS Music &#8211; SIREN : 908 969 322 &#8211; CMA : 908 969 322 RM 38 &#8211; Adresse postale : 154 impasse du ruisseau 38190 LES ADRETS\n\nLes conditions g\u00e9n\u00e9rales de vente des produits vendus sur le site www.fbs-music.com sont consultables sur la page suivante:\n<a href=\"https:\/\/www.fbs-music.com?page_id=4032\">CGV<\/a>\n\n<strong>Directeur de la publication : <\/strong>Fran\u00e7ois BOUSSUGES &#8211; Contact : 0680704519.\n\n<strong>H\u00e9bergeur :<\/strong> Gandi &#8211; 63-65 Boulevard Mass\u00e9na, 75013 Paris &#8211; T\u00e9l\u00e9phone : 01.70.37.76.61\n\n<strong>D\u00e9l\u00e9gu\u00e9 \u00e0 la protection des donn\u00e9es : <\/strong>Fran\u00e7ois BOUSSUGES &#8211; contact@fbs-music.com\n\n<strong>Autres contributeurs : aucun<\/strong>\n<h2>2 &#8211; Propri\u00e9t\u00e9 intellectuelle et contrefa\u00e7ons.<\/h2>\n<strong>BOUSSUGES Fran\u00e7ois FBS Music<\/strong> est propri\u00e9taire des droits de propri\u00e9t\u00e9 intellectuelle et d\u00e9tient les droits d\u2019usage sur tous les \u00e9l\u00e9ments accessibles sur le site internet, notamment les textes, images, graphismes, logos,\nvid\u00e9os, architecture, ic\u00f4nes et sons.\n\nToute reproduction, repr\u00e9sentation, modification, publication, adaptation de tout ou partie des \u00e9l\u00e9ments du site, quel que soit le moyen ou le proc\u00e9d\u00e9 utilis\u00e9, est interdite, sauf autorisation \u00e9crite pr\u00e9alable de <strong>BOUSSUGES Fran\u00e7ois FBS Music<\/strong>.\n\nToute exploitation non autoris\u00e9e du site ou de l\u2019un quelconque des \u00e9l\u00e9ments qu\u2019il contient sera consid\u00e9r\u00e9e comme constitutive d\u2019une contrefa\u00e7on et poursuivie conform\u00e9ment aux dispositions des articles\n<a class=\"customize-unpreviewable\" href=\"https:\/\/www.legifrance.gouv.fr\/affichCodeArticle.do?idArticle=LEGIARTI000032655082&amp;cidTexte=LEGITEXT000006069414&amp;dateTexte=20160605\" target=\"_blank\" rel=\"noreferrer nofollow noopener\">L.335-2 et suivants du Code de Propri\u00e9t\u00e9 Intellectuelle<\/a>.\n<h2>3 &#8211; Limitations de responsabilit\u00e9.<\/h2>\n<strong>BOUSSUGES Fran\u00e7ois FBS Music<\/strong> ne pourra \u00eatre tenu pour responsable des dommages directs et indirects caus\u00e9s au mat\u00e9riel de l\u2019utilisateur, lors de l\u2019acc\u00e8s au site <strong>https:\/\/www.fbs-music.com<\/strong>.\n\n<strong>BOUSSUGES Fran\u00e7ois FBS Music<\/strong> d\u00e9cline toute responsabilit\u00e9 quant \u00e0 l\u2019utilisation qui pourrait \u00eatre faite des informations et contenus pr\u00e9sents sur <strong>https:\/\/www.fbs-music.com<\/strong>.\n\n<strong>BOUSSUGES Fran\u00e7ois FBS Music<\/strong> s\u2019engage \u00e0 s\u00e9curiser au mieux le site <strong>https:\/\/www.fbs-music.com<\/strong>, cependant sa responsabilit\u00e9 ne pourra \u00eatre mise en cause si des donn\u00e9es ind\u00e9sirables sont import\u00e9es et\ninstall\u00e9es sur son site \u00e0 son insu.\n\nDes espaces interactifs (espace contact ou commentaires) sont \u00e0 la disposition des utilisateurs. <strong>BOUSSUGES Fran\u00e7ois FBS Music<\/strong> se r\u00e9serve le droit de supprimer, sans mise en demeure pr\u00e9alable, tout contenu d\u00e9pos\u00e9 dans\ncet espace qui contreviendrait \u00e0 la l\u00e9gislation applicable en France, en particulier aux dispositions relatives \u00e0 la protection des donn\u00e9es.\n\nLe cas \u00e9ch\u00e9ant, <strong>BOUSSUGES Fran\u00e7ois FBS Music<\/strong> se r\u00e9serve \u00e9galement la possibilit\u00e9 de mettre en cause la responsabilit\u00e9 civile et\/ou p\u00e9nale de l\u2019utilisateur, notamment en cas de message \u00e0 caract\u00e8re raciste, injurieux,\ndiffamant, ou pornographique, quel que soit le support utilis\u00e9 (texte, photographie \u2026).\n<h2>4 &#8211; CNIL et gestion des donn\u00e9es personnelles.<\/h2>\nConform\u00e9ment aux dispositions de\n<a class=\"customize-unpreviewable\" href=\"https:\/\/www.legifrance.gouv.fr\/affichTexte.do?cidTexte=JORFTEXT000000886460\" target=\"_blank\" rel=\"noreferrer nofollow noopener\">la loi 78-17 du 6 janvier 1978 modifi\u00e9e<\/a>, l\u2019utilisateur du site <strong>https:\/\/www.fbs-music.com<\/strong> dispose d\u2019un droit d\u2019acc\u00e8s, de modification et de suppression des informations collect\u00e9es. Pour exercer ce droit, envoyez\nun message \u00e0 notre D\u00e9l\u00e9gu\u00e9 \u00e0 la Protection des Donn\u00e9es : <strong>Fran\u00e7ois BOUSSUGES<\/strong> &#8211; <strong>contact@fbs-music.com<\/strong>.\n\nPour plus d&rsquo;informations sur la fa\u00e7on dont nous traitons vos donn\u00e9es (type de donn\u00e9es, finalit\u00e9, destinataire&#8230;), lisez notre <a href=\"https:\/\/www.fbs-music.com\/?page_id=4127\">politique de confidentialit\u00e9<\/a>\n<h2>5 &#8211; Liens hypertextes et cookies<\/h2>\nLe site <strong>https:\/\/www.fbs-music.com<\/strong> contient des liens hypertextes vers d\u2019autres sites et d\u00e9gage toute responsabilit\u00e9 \u00e0 propos de ces liens externes ou des liens cr\u00e9\u00e9s par d\u2019autres sites vers <strong>https:\/\/www.fbs-music.com<\/strong>.\n\nLa navigation sur le site <strong>https:\/\/www.fbs-music.com<\/strong> est susceptible de provoquer l\u2019installation de cookie(s) sur l\u2019ordinateur de l\u2019utilisateur.\n\nUn \u00ab\u00a0cookie\u00a0\u00bb est un fichier de petite taille qui enregistre des informations relatives \u00e0 la navigation d\u2019un utilisateur sur un site. Les donn\u00e9es ainsi obtenues permettent d&rsquo;obtenir des mesures de fr\u00e9quentation, par exemple.\n\nVous avez la possibilit\u00e9 <strong>d\u2019accepter ou de refuser les cookies<\/strong> en modifiant les param\u00e8tres de votre navigateur. Aucun cookie ne sera d\u00e9pos\u00e9 sans votre consentement.\n\nLes cookies sont enregistr\u00e9s pour une dur\u00e9e maximale de 12 mois.\n\nPour plus d&rsquo;informations sur la fa\u00e7on dont nous faisons usage des cookies, lisez notre <a href=\"https:\/\/www.fbs-music.com\/?page_id=4127\">politique de confidentialit\u00e9<\/a>\n<h2>6 &#8211; Droit applicable et attribution de juridiction.<\/h2>\nTout litige en relation avec l\u2019utilisation du site <strong>https:\/\/www.fbs-music.com<\/strong> est soumis au droit fran\u00e7ais. En dehors des cas o\u00f9 la loi ne le permet pas, il est fait attribution exclusive de juridiction aux tribunaux\ncomp\u00e9tents de <strong>Grenoble<\/strong>.\n\n<strong>\u00a0<\/strong>\n\n<\/div>\n<\/div>\n<\/div>\n<\/div>\n<\/div>\n<\/div>\n<\/div>\n<div class=\"h-row-container gutters-row-lg-2 gutters-row-md-2 gutters-row-0 gutters-row-v-lg-2 gutters-row-v-md-2 gutters-row-v-2 style-1038 style-local-4043-c8 position-relative\" data-colibri-id=\"4043-c8\">\n<div class=\"h-row justify-content-lg-center justify-content-md-center justify-content-center align-items-lg-stretch align-items-md-stretch align-items-stretch gutters-col-lg-2 gutters-col-md-2 gutters-col-0 gutters-col-v-lg-2 gutters-col-v-md-2 gutters-col-v-2\">\n<div class=\"h-column h-column-container d-flex h-col-lg-auto h-col-md-auto h-col-auto style-1039-outer style-local-4043-c9-outer\">\n<div class=\"d-flex h-flex-basis h-column__inner h-ui-empty-state-container h-px-lg-2 h-px-md-2 h-px-2 v-inner-lg-2 v-inner-md-2 v-inner-2 style-1039 style-local-4043-c9 position-relative\" data-colibri-id=\"4043-c9\">\n<div class=\"w-100 h-y-container h-column__content h-column__v-align flex-basis-100\"><\/div>\n<\/div>\n<\/div>\n<\/div>\n<\/div>\n<div class=\"h-row-container gutters-row-lg-2 gutters-row-md-2 gutters-row-0 gutters-row-v-lg-2 gutters-row-v-md-2 gutters-row-v-2 style-1035 style-local-4043-c3 position-relative\" data-colibri-id=\"4043-c3\">\n<div class=\"h-row justify-content-lg-center justify-content-md-center justify-content-center align-items-lg-stretch align-items-md-stretch align-items-stretch gutters-col-lg-2 gutters-col-md-2 gutters-col-0 gutters-col-v-lg-2 gutters-col-v-md-2 gutters-col-v-2\">\n<div class=\"h-column h-column-container d-flex h-col-lg-auto h-col-md-auto h-col-auto style-1036-outer style-local-4043-c4-outer\">\n<div class=\"d-flex h-flex-basis h-column__inner h-ui-empty-state-container h-px-lg-2 h-px-md-2 h-px-2 v-inner-lg-2 v-inner-md-2 v-inner-2 style-1036 style-local-4043-c4 position-relative\" data-colibri-id=\"4043-c4\">\n<div class=\"w-100 h-y-container h-column__content h-column__v-align flex-basis-100\"><\/div>\n<\/div>\n<\/div>\n<\/div>\n<\/div>\n<div class=\"h-row-container gutters-row-lg-2 gutters-row-md-2 gutters-row-0 gutters-row-v-lg-2 gutters-row-v-md-2 gutters-row-v-2 style-1033 style-local-4043-c6 position-relative\" data-colibri-id=\"4043-c6\">\n<div class=\"h-row justify-content-lg-center justify-content-md-center justify-content-center align-items-lg-stretch align-items-md-stretch align-items-stretch gutters-col-lg-2 gutters-col-md-2 gutters-col-0 gutters-col-v-lg-2 gutters-col-v-md-2 gutters-col-v-2\">\n<div class=\"h-column h-column-container d-flex h-col-lg-auto h-col-md-auto h-col-auto style-1034-outer style-local-4043-c7-outer\">\n<div class=\"d-flex h-flex-basis h-column__inner h-ui-empty-state-container h-px-lg-2 h-px-md-2 h-px-2 v-inner-lg-2 v-inner-md-2 v-inner-2 style-1034 style-local-4043-c7 position-relative\" data-colibri-id=\"4043-c7\">\n<div class=\"w-100 h-y-container h-column__content h-column__v-align flex-basis-100\"><\/div>\n<\/div>\n<\/div>\n<\/div>\n<\/div>\n<\/div>\n<\/div>\n<\/div>","protected":false},"excerpt":{"rendered":"<p>1 &#8211; \u00c9dition du site En vertu de l&rsquo;article 6 de la loi n\u00b0 2004-575 du 21 juin 2004 pour la confiance dans l&rsquo;\u00e9conomie num\u00e9rique, il est pr\u00e9cis\u00e9 aux utilisateurs du site internet https:\/\/www.fbs-music.com l&rsquo;identit\u00e9 des diff\u00e9rents intervenants dans le cadre de sa r\u00e9alisation et de son suivi: Propri\u00e9taire du site : BOUSSUGES Fran\u00e7ois FBS [&hellip;]<\/p>\n","protected":false},"author":1,"featured_media":0,"parent":0,"menu_order":0,"comment_status":"closed","ping_status":"closed","template":"page-templates\/full-width-page.php","meta":{"footnotes":""},"class_list":["post-4043","page","type-page","status-publish","hentry"],"jetpack_sharing_enabled":true,"_links":{"self":[{"href":"https:\/\/www.fbs-music.com\/index.php?rest_route=\/wp\/v2\/pages\/4043","targetHints":{"allow":["GET"]}}],"collection":[{"href":"https:\/\/www.fbs-music.com\/index.php?rest_route=\/wp\/v2\/pages"}],"about":[{"href":"https:\/\/www.fbs-music.com\/index.php?rest_route=\/wp\/v2\/types\/page"}],"author":[{"embeddable":true,"href":"https:\/\/www.fbs-music.com\/index.php?rest_route=\/wp\/v2\/users\/1"}],"replies":[{"embeddable":true,"href":"https:\/\/www.fbs-music.com\/index.php?rest_route=%2Fwp%2Fv2%2Fcomments&post=4043"}],"version-history":[{"count":6,"href":"https:\/\/www.fbs-music.com\/index.php?rest_route=\/wp\/v2\/pages\/4043\/revisions"}],"predecessor-version":[{"id":4139,"href":"https:\/\/www.fbs-music.com\/index.php?rest_route=\/wp\/v2\/pages\/4043\/revisions\/4139"}],"wp:attachment":[{"href":"https:\/\/www.fbs-music.com\/index.php?rest_route=%2Fwp%2Fv2%2Fmedia&parent=4043"}],"curies":[{"name":"wp","href":"https:\/\/api.w.org\/{rel}","templated":true}]}}