{"id":495,"date":"2021-08-16T09:37:11","date_gmt":"2021-08-16T07:37:11","guid":{"rendered":"https:\/\/www.fbs-music.com\/?page_id=495"},"modified":"2025-10-18T16:27:13","modified_gmt":"2025-10-18T14:27:13","slug":"type-g","status":"publish","type":"page","link":"https:\/\/www.fbs-music.com\/?page_id=495","title":{"rendered":"Type G"},"content":{"rendered":"<div data-colibri-id=\"495-c1\" class=\"style-369 style-local-495-c1 position-relative\">\n  <!---->\n  <div data-colibri-component=\"section\" data-colibri-id=\"495-c2\" id=\"custom\" class=\"h-section h-section-global-spacing d-flex align-items-lg-center align-items-md-center align-items-center style-370 style-local-495-c2 position-relative\">\n    <!---->\n    <!---->\n    <div class=\"h-section-grid-container h-section-boxed-container\">\n      <!---->\n      <div data-colibri-id=\"495-c3\" class=\"h-row-container gutters-row-lg-2 gutters-row-md-2 gutters-row-0 gutters-row-v-lg-2 gutters-row-v-md-2 gutters-row-v-2 style-371 style-local-495-c3 position-relative\">\n        <!---->\n        <div class=\"h-row justify-content-lg-center justify-content-md-center justify-content-center align-items-lg-stretch align-items-md-stretch align-items-stretch gutters-col-lg-2 gutters-col-md-2 gutters-col-0 gutters-col-v-lg-2 gutters-col-v-md-2 gutters-col-v-2\">\n          <!---->\n          <div class=\"h-column h-column-container d-flex h-col-lg-auto h-col-md-auto h-col-auto style-372-outer style-local-495-c4-outer\">\n            <div data-colibri-id=\"495-c4\" class=\"d-flex h-flex-basis h-column__inner h-px-lg-2 h-px-md-2 h-px-2 v-inner-lg-2 v-inner-md-2 v-inner-2 style-372 style-local-495-c4 position-relative\">\n              <!---->\n              <!---->\n              <div class=\"w-100 h-y-container h-column__content h-column__v-align flex-basis-100 align-self-lg-start align-self-md-start align-self-start\">\n                <!---->\n                <div data-colibri-id=\"495-c5\" class=\"h-text h-text-component style-524 style-local-495-c5 position-relative h-element\">\n                  <!---->\n                  <!---->\n                  <div class=\"\">\n                    <p>Tarifs: \u00e0 partir de 1900\u20ac<\/p>\n                    <p>\n                      <br>\n                    <\/p>\n                  <\/div>\n                <\/div>\n                <div data-colibri-id=\"495-c6\" class=\"h-text h-text-component style-374 style-local-495-c6 position-relative h-element\">\n                  <!---->\n                  <!---->\n                  <div class=\"\">\n                    <p>Un mod\u00e8le reprenant la forme d&rsquo;un c\u00e9l\u00e8bre mod\u00e8le am\u00e9ricain d\u00e9mocratis\u00e9 par Angus Young ou Peter Townshend. Des contours effil\u00e9s, un manche coll\u00e9 avec un acc\u00e8s aux aigus optimal et un corps fin caract\u00e9risent ce mod\u00e8le.<\/p>\n                    <p>L&rsquo;esprit de mon mod\u00e8le et de reprendre la forme tout en apportant des petites am\u00e9liorations et une configuration diff\u00e9rentes de la classique &lsquo;SG&rsquo;.<\/p>\n                    <p>Caract\u00e9ristiques:<\/p>\n                    <ul>\n                      <li>corps affin\u00e9 de 35 mm d&rsquo;\u00e9paisseur (plein), routage interne des c\u00e2blages.\n                        <br>\n                      <\/li>\n                      <li>diapason 24,75 pouces, 22 frettes<\/li>\n                      <li>manche avec un renversement de 2\u00b0 et un talon profil\u00e9 pour un meilleur acc\u00e8s au aigus<\/li>\n                      <li>profil de manche sur mesure\n                        <br>\n                      <\/li>\n                      <li>chevalet wraparound Gotoh 510\n                        <br>\n                      <\/li>\n                      <li>Mecaniques \u00e0 blocage Gotoh SG381\n                        <br>\n                      <\/li>\n                      <li>configuration micros: HH ou P90\n                        <br>\n                      <\/li>\n                      <li>Frettes inox\n                        <br>\n                      <\/li>\n                      <li>Contr\u00f4les personnalisables<\/li>\n                      <li>Bois et finition personnalisables<\/li>\n                    <\/ul>\n                    <p>\n                      <br>\n                    <\/p>\n                  <\/div>\n                <\/div>\n                <div data-colibri-component=\"video\" data-colibri-id=\"495-c7\" class=\"d-block h-video d-block h-video style-865 style-local-495-c7 position-relative h-element\">\n                  <!---->\n                  <!---->\n                  <div class=\"video-container position-relative\">\n                    <div class=\"h-global-transition-all ratio-inner\"><iframe src=https:\/\/www.youtube.com\/embed\/vtwOsV-qW_Q?autoplay=0&#038;mute=0&#038;modestbranding=0&#038;rel=0&#038;enablejsapi=1&#038; class='h-video-main'  allowfullscreen><\/iframe><\/div>\n                  <\/div>\n                <\/div>\n                <div data-colibri-id=\"495-c9\" class=\"d-block style-378 style-local-495-c9 position-relative h-element\">\n                  <!---->\n                  <div class=\"h-image__frame-container-outer\">\n                    <div class=\"h-image__frame-container\">\n                      <!---->\n                      <!---->\n                      <img loading=\"lazy\" decoding=\"async\" width=\"1707\" height=\"2560\" src=\"https:\/\/www.fbs-music.com\/wp-content\/uploads\/2021\/12\/DSCF2114-scaled.jpg\" class=\"wp-image-716 style-378-image style-local-495-c9-image\" alt=\"\" srcset=\"https:\/\/www.fbs-music.com\/wp-content\/uploads\/2021\/12\/DSCF2114-scaled.jpg 1707w, https:\/\/www.fbs-music.com\/wp-content\/uploads\/2021\/12\/DSCF2114-scaled-600x900.jpg 600w, https:\/\/www.fbs-music.com\/wp-content\/uploads\/2021\/12\/DSCF2114-200x300.jpg 200w, https:\/\/www.fbs-music.com\/wp-content\/uploads\/2021\/12\/DSCF2114-683x1024.jpg 683w, https:\/\/www.fbs-music.com\/wp-content\/uploads\/2021\/12\/DSCF2114-768x1152.jpg 768w, https:\/\/www.fbs-music.com\/wp-content\/uploads\/2021\/12\/DSCF2114-1024x1536.jpg 1024w, https:\/\/www.fbs-music.com\/wp-content\/uploads\/2021\/12\/DSCF2114-1365x2048.jpg 1365w\" sizes=\"auto, (max-width: 1707px) 100vw, 1707px\" \/>\n                      <div class=\"h-image__frame h-hide-lg h-hide-md h-hide-sm style-378-frameImage style-local-495-c9-frameImage\"><\/div>\n                    <\/div>\n                  <\/div>\n                <\/div>\n                <div data-colibri-id=\"495-c10\" class=\"d-block style-453 style-local-495-c10 position-relative h-element\">\n                  <!---->\n                  <div class=\"h-image__frame-container-outer\">\n                    <div class=\"h-image__frame-container\">\n                      <!---->\n                      <!---->\n                      <img loading=\"lazy\" decoding=\"async\" width=\"1707\" height=\"2560\" src=\"https:\/\/www.fbs-music.com\/wp-content\/uploads\/2021\/12\/DSCF2119-scaled.jpg\" class=\"wp-image-717 style-453-image style-local-495-c10-image\" alt=\"\" srcset=\"https:\/\/www.fbs-music.com\/wp-content\/uploads\/2021\/12\/DSCF2119-scaled.jpg 1707w, https:\/\/www.fbs-music.com\/wp-content\/uploads\/2021\/12\/DSCF2119-scaled-600x900.jpg 600w, https:\/\/www.fbs-music.com\/wp-content\/uploads\/2021\/12\/DSCF2119-200x300.jpg 200w, https:\/\/www.fbs-music.com\/wp-content\/uploads\/2021\/12\/DSCF2119-683x1024.jpg 683w, https:\/\/www.fbs-music.com\/wp-content\/uploads\/2021\/12\/DSCF2119-768x1152.jpg 768w, https:\/\/www.fbs-music.com\/wp-content\/uploads\/2021\/12\/DSCF2119-1024x1536.jpg 1024w, https:\/\/www.fbs-music.com\/wp-content\/uploads\/2021\/12\/DSCF2119-1365x2048.jpg 1365w\" sizes=\"auto, (max-width: 1707px) 100vw, 1707px\" \/>\n                      <div class=\"h-image__frame h-hide-lg h-hide-md h-hide-sm style-453-frameImage style-local-495-c10-frameImage\"><\/div>\n                    <\/div>\n                  <\/div>\n                <\/div>\n              <\/div>\n            <\/div>\n          <\/div>\n          <div class=\"h-column h-column-container d-flex h-col-lg-auto h-col-md-auto h-col-auto style-373-outer style-local-495-c11-outer\">\n            <div data-colibri-id=\"495-c11\" class=\"d-flex h-flex-basis h-column__inner h-px-lg-2 h-px-md-2 h-px-2 v-inner-lg-2 v-inner-md-2 v-inner-2 style-373 style-local-495-c11 position-relative\">\n              <!---->\n              <!---->\n              <div class=\"w-100 h-y-container h-column__content h-column__v-align flex-basis-100 align-self-lg-start align-self-md-start align-self-start\">\n                <!---->\n                <div data-colibri-id=\"495-c12\" class=\"d-block style-1012 style-local-495-c12 position-relative h-element\">\n                  <!---->\n                  <div class=\"h-image__frame-container-outer\">\n                    <div class=\"h-image__frame-container\">\n                      <!---->\n                      <!---->\n                      <img loading=\"lazy\" decoding=\"async\" width=\"558\" height=\"853\" src=\"https:\/\/www.fbs-music.com\/wp-content\/uploads\/2024\/05\/Screenshot-2024-05-13-at-22-27-43-Francois-BOUSSUGES-@fbs_music-\u2022-Photos-et-videos-Instagram.png\" class=\"wp-image-3723 style-1012-image style-local-495-c12-image\" alt=\"\" srcset=\"https:\/\/www.fbs-music.com\/wp-content\/uploads\/2024\/05\/Screenshot-2024-05-13-at-22-27-43-Francois-BOUSSUGES-@fbs_music-\u2022-Photos-et-videos-Instagram.png 558w, https:\/\/www.fbs-music.com\/wp-content\/uploads\/2024\/05\/Screenshot-2024-05-13-at-22-27-43-Francois-BOUSSUGES-@fbs_music-\u2022-Photos-et-videos-Instagram-196x300.png 196w\" sizes=\"auto, (max-width: 558px) 100vw, 558px\" \/>\n                      <div class=\"h-image__frame h-hide-lg h-hide-md h-hide-sm style-1012-frameImage style-local-495-c12-frameImage\"><\/div>\n                    <\/div>\n                  <\/div>\n                <\/div>\n                <div data-colibri-id=\"495-c13\" class=\"d-block style-375 style-local-495-c13 position-relative h-element\">\n                  <!---->\n                  <div class=\"h-image__frame-container-outer\">\n                    <div class=\"h-image__frame-container\">\n                      <!---->\n                      <!---->\n                      <img loading=\"lazy\" decoding=\"async\" width=\"2318\" height=\"1919\" src=\"https:\/\/www.fbs-music.com\/wp-content\/uploads\/2021\/12\/cropped-20211024_124912-scaled-1.jpg\" class=\"wp-image-715 style-375-image style-local-495-c13-image\" alt=\"\" srcset=\"https:\/\/www.fbs-music.com\/wp-content\/uploads\/2021\/12\/cropped-20211024_124912-scaled-1.jpg 2318w, https:\/\/www.fbs-music.com\/wp-content\/uploads\/2021\/12\/cropped-20211024_124912-scaled-1-600x497.jpg 600w, https:\/\/www.fbs-music.com\/wp-content\/uploads\/2021\/12\/cropped-20211024_124912-scaled-1-300x248.jpg 300w, https:\/\/www.fbs-music.com\/wp-content\/uploads\/2021\/12\/cropped-20211024_124912-scaled-1-1024x848.jpg 1024w, https:\/\/www.fbs-music.com\/wp-content\/uploads\/2021\/12\/cropped-20211024_124912-scaled-1-768x636.jpg 768w, https:\/\/www.fbs-music.com\/wp-content\/uploads\/2021\/12\/cropped-20211024_124912-scaled-1-1536x1272.jpg 1536w, https:\/\/www.fbs-music.com\/wp-content\/uploads\/2021\/12\/cropped-20211024_124912-scaled-1-2048x1695.jpg 2048w\" sizes=\"auto, (max-width: 2318px) 100vw, 2318px\" \/>\n                      <div class=\"h-image__frame h-hide-lg h-hide-md h-hide-sm style-375-frameImage style-local-495-c13-frameImage\"><\/div>\n                    <\/div>\n                  <\/div>\n                <\/div>\n                <div data-colibri-id=\"495-c14\" class=\"d-block style-377 style-local-495-c14 position-relative h-element\">\n                  <!---->\n                  <div class=\"h-image__frame-container-outer\">\n                    <div class=\"h-image__frame-container\">\n                      <!---->\n                      <!---->\n                      <img loading=\"lazy\" decoding=\"async\" width=\"1707\" height=\"1707\" src=\"https:\/\/www.fbs-music.com\/wp-content\/uploads\/2022\/11\/cropped-DSCF2345-scaled-1.jpg\" class=\"wp-image-1663 style-377-image style-local-495-c14-image\" alt=\"\" srcset=\"https:\/\/www.fbs-music.com\/wp-content\/uploads\/2022\/11\/cropped-DSCF2345-scaled-1.jpg 1707w, https:\/\/www.fbs-music.com\/wp-content\/uploads\/2022\/11\/cropped-DSCF2345-scaled-1-300x300.jpg 300w, https:\/\/www.fbs-music.com\/wp-content\/uploads\/2022\/11\/cropped-DSCF2345-scaled-1-100x100.jpg 100w, https:\/\/www.fbs-music.com\/wp-content\/uploads\/2022\/11\/cropped-DSCF2345-scaled-1-600x600.jpg 600w, https:\/\/www.fbs-music.com\/wp-content\/uploads\/2022\/11\/cropped-DSCF2345-scaled-1-1024x1024.jpg 1024w, https:\/\/www.fbs-music.com\/wp-content\/uploads\/2022\/11\/cropped-DSCF2345-scaled-1-150x150.jpg 150w, https:\/\/www.fbs-music.com\/wp-content\/uploads\/2022\/11\/cropped-DSCF2345-scaled-1-768x768.jpg 768w, https:\/\/www.fbs-music.com\/wp-content\/uploads\/2022\/11\/cropped-DSCF2345-scaled-1-1536x1536.jpg 1536w\" sizes=\"auto, (max-width: 1707px) 100vw, 1707px\" \/>\n                      <div class=\"h-image__frame h-hide-lg h-hide-md h-hide-sm style-377-frameImage style-local-495-c14-frameImage\"><\/div>\n                    <\/div>\n                  <\/div>\n                <\/div>\n              <\/div>\n            <\/div>\n          <\/div>\n        <\/div>\n      <\/div>\n      <div data-colibri-id=\"495-c15\" class=\"h-row-container gutters-row-lg-2 gutters-row-md-2 gutters-row-0 gutters-row-v-lg-2 gutters-row-v-md-2 gutters-row-v-2 style-450 style-local-495-c15 position-relative\">\n        <!---->\n        <div class=\"h-row justify-content-lg-center justify-content-md-center justify-content-center align-items-lg-stretch align-items-md-stretch align-items-stretch gutters-col-lg-2 gutters-col-md-2 gutters-col-0 gutters-col-v-lg-2 gutters-col-v-md-2 gutters-col-v-2\">\n          <!---->\n          <div class=\"h-column h-column-container d-flex h-col-lg-auto h-col-md-auto h-col-auto style-451-outer style-local-495-c16-outer\">\n            <div data-colibri-id=\"495-c16\" class=\"d-flex h-flex-basis h-column__inner h-ui-empty-state-container h-px-lg-2 h-px-md-2 h-px-2 v-inner-lg-2 v-inner-md-2 v-inner-2 style-451 style-local-495-c16 position-relative\">\n              <!---->\n              <!---->\n              <div class=\"w-100 h-y-container h-column__content h-column__v-align flex-basis-100\">\n                <!---->\n              <\/div>\n            <\/div>\n          <\/div>\n        <\/div>\n      <\/div>\n    <\/div>\n  <\/div>\n<\/div>","protected":false},"excerpt":{"rendered":"<p>Tarifs: \u00e0 partir de 1900\u20ac Un mod\u00e8le reprenant la forme d&rsquo;un c\u00e9l\u00e8bre mod\u00e8le am\u00e9ricain d\u00e9mocratis\u00e9 par Angus Young ou Peter Townshend. Des contours effil\u00e9s, un manche coll\u00e9 avec un acc\u00e8s aux aigus optimal et un corps fin caract\u00e9risent ce mod\u00e8le. L&rsquo;esprit de mon mod\u00e8le et de reprendre la forme tout en apportant des petites am\u00e9liorations [&hellip;]<\/p>\n","protected":false},"author":1,"featured_media":0,"parent":0,"menu_order":0,"comment_status":"closed","ping_status":"closed","template":"page-templates\/full-width-page.php","meta":{"footnotes":""},"class_list":["post-495","page","type-page","status-publish","hentry"],"jetpack_sharing_enabled":true,"_links":{"self":[{"href":"https:\/\/www.fbs-music.com\/index.php?rest_route=\/wp\/v2\/pages\/495","targetHints":{"allow":["GET"]}}],"collection":[{"href":"https:\/\/www.fbs-music.com\/index.php?rest_route=\/wp\/v2\/pages"}],"about":[{"href":"https:\/\/www.fbs-music.com\/index.php?rest_route=\/wp\/v2\/types\/page"}],"author":[{"embeddable":true,"href":"https:\/\/www.fbs-music.com\/index.php?rest_route=\/wp\/v2\/users\/1"}],"replies":[{"embeddable":true,"href":"https:\/\/www.fbs-music.com\/index.php?rest_route=%2Fwp%2Fv2%2Fcomments&post=495"}],"version-history":[{"count":17,"href":"https:\/\/www.fbs-music.com\/index.php?rest_route=\/wp\/v2\/pages\/495\/revisions"}],"predecessor-version":[{"id":4704,"href":"https:\/\/www.fbs-music.com\/index.php?rest_route=\/wp\/v2\/pages\/495\/revisions\/4704"}],"wp:attachment":[{"href":"https:\/\/www.fbs-music.com\/index.php?rest_route=%2Fwp%2Fv2%2Fmedia&parent=495"}],"curies":[{"name":"wp","href":"https:\/\/api.w.org\/{rel}","templated":true}]}}