{"id":644,"date":"2021-11-03T20:32:10","date_gmt":"2021-11-03T19:32:10","guid":{"rendered":"https:\/\/www.fbs-music.com\/?page_id=644"},"modified":"2022-11-14T23:09:08","modified_gmt":"2022-11-14T22:09:08","slug":"le-manche","status":"publish","type":"page","link":"https:\/\/www.fbs-music.com\/?page_id=644","title":{"rendered":"Le manche"},"content":{"rendered":"<div data-colibri-id=\"644-c1\" class=\"style-433 style-local-644-c1 position-relative\">\n  <!---->\n  <div data-colibri-component=\"section\" data-colibri-id=\"644-c2\" id=\"custom\" class=\"h-section h-section-global-spacing d-flex align-items-lg-center align-items-md-center align-items-center style-434 style-local-644-c2 position-relative\">\n    <!---->\n    <!---->\n    <div class=\"h-section-grid-container h-section-boxed-container\">\n      <!---->\n      <div data-colibri-id=\"644-c3\" class=\"h-row-container gutters-row-lg-2 gutters-row-md-2 gutters-row-0 gutters-row-v-lg-2 gutters-row-v-md-2 gutters-row-v-2 style-435 style-local-644-c3 position-relative\">\n        <!---->\n        <div class=\"h-row justify-content-lg-center justify-content-md-center justify-content-center align-items-lg-stretch align-items-md-stretch align-items-stretch gutters-col-lg-2 gutters-col-md-2 gutters-col-0 gutters-col-v-lg-2 gutters-col-v-md-2 gutters-col-v-2\">\n          <!---->\n          <div class=\"h-column h-column-container d-flex h-col-lg-auto h-col-md-auto h-col-auto style-436-outer style-local-644-c4-outer\">\n            <div data-colibri-id=\"644-c4\" class=\"d-flex h-flex-basis h-column__inner h-px-lg-2 h-px-md-2 h-px-2 v-inner-lg-2 v-inner-md-2 v-inner-2 style-436 style-local-644-c4 position-relative\">\n              <!---->\n              <!---->\n              <div class=\"w-100 h-y-container h-column__content h-column__v-align flex-basis-100 align-self-lg-start align-self-md-start align-self-start\">\n                <!---->\n                <div data-colibri-id=\"644-c5\" class=\"h-text h-text-component style-440 style-local-644-c5 position-relative h-element\">\n                  <!---->\n                  <!---->\n                  <div class=\"\">\n                    <p>Les manches sont r\u00e9alis\u00e9s \u00e0 partir de d\u00e9bits sur quartier (quartersawn), avec diff\u00e9rentes essences possibles: \u00e9rable, acajou, ovangkol, noyer, padouk&#8230;<\/p>\n                    <p>J&rsquo;utilise des tiges de r\u00e9glage (trussrod) en acier double action. Les tiges sont ins\u00e9r\u00e9es sous la touche dans une rainure profil\u00e9e et parfaitement ajust\u00e9e. Les tiges sont enduites de silicone avant mise en place afin d&rsquo;\u00e9viter tous\n                      probl\u00e8mes d&rsquo;adh\u00e9sion ou de vibration non d\u00e9sir\u00e9e.<\/p>\n                    <p>Le profil du manche est enti\u00e8rement r\u00e9alis\u00e9 \u00e0 la main. Je propose diff\u00e9rentes type de profil<\/p>\n                    <ul>\n                      <li>Profil en C: le plus classique, un profil rond avec peu d&rsquo;\u00e9paule, facile \u00e0 prendre en main<\/li>\n                      <li>Profil en D: Un profil avec plus d&rsquo;\u00e9paule (\u00e9paisseur sur les angles) que le classique profil en C<\/li>\n                      <li>Profil en U: profil \u00ab\u00a0carr\u00e9\u00a0\u00bb typique des premi\u00e8res production&nbsp;de Fender dans les ann\u00e9es 50. Un profil tr\u00e8s particulier \u00e0 prendre en main&#8230;<\/li>\n                      <li>Profil en V: en forme de coque de bateau (parfois appel\u00e9 &lsquo;boat profile&rsquo;).<\/li>\n                    <\/ul>\n                    <p>\n                      <br>\n                    <\/p>\n                    <p>Au del\u00e0 du profil il est \u00e9galement possible de personnaliser l&rsquo;\u00e9paisseur du manche: fin (20-21mm), standard (21-22mm), \u00e9pais (22-23mm), fat (24mm).<\/p>\n                    <p>Mes manches re\u00e7oivent une touche s\u00e9lectionn\u00e9e parmi de nombreuses essences (palissandre, \u00e9b\u00e8ne, pao ferro, granadillo, \u00e9rable&#8230;.). Le radius de la touche est r\u00e9alis\u00e9 \u00e0 la main. Diff\u00e9rents radius sont possible de 9,5 pouces (vintage)\n                      \u00e0 16 pouces (moderne, plus plat).<\/p>\n                    <p>Les rep\u00e8res de manche propos\u00e9s sont r\u00e9alis\u00e9s dans des mat\u00e9riaux naturels:<\/p>\n                    <ul>\n                      <li>nacre (diff\u00e9rentes couleurs disponibles)<\/li>\n                      <li>bois (\u00e9b\u00e8ne ou palissandre)<\/li>\n                    <\/ul>\n                    <p>\n                      <br>\n                    <\/p>\n                    <p>Je peux \u00e9galement r\u00e9aliser des incrustations sur commande.<\/p>\n                    <p>\n                      <br>\n                    <\/p>\n                    <p>Le frettage est r\u00e9alis\u00e9 \u00e0 la main, plusieurs choix sont possibles:<\/p>\n                    <ul>\n                      <li>mat\u00e9riaux: silver nickel&nbsp;12% (standard), silver nickel 18% (extra dure), acier inox<\/li>\n                      <li>dimensions: frette fine (2mm), standard (2,4-2,5mm), jumbo (2,8-3mm)<\/li>\n                    <\/ul>\n                    <p>\n                      <br>\n                    <\/p>\n                    <p>Je propose par d\u00e9faut des frettes inox sur mes mod\u00e8les, sans surco\u00fbt suppl\u00e9mentaire, afin d&rsquo;assurer la durabilit\u00e9 de l&rsquo;instrument.<\/p>\n                    <p>Je me fournis essentiellement chez un fabricant europ\u00e9en: Wagner (Allemagne) <\/p>\n                    <p>Chaque manche est soigneusement planifi\u00e9 et les frettes sont travaill\u00e9es et polies afin de fournir un confort de jeu maximum.<\/p>\n                    <p>Je propose \u00e9galement deux types de sillet selon vos besoins:<\/p>\n                    <ul>\n                      <li>standard (os ou tusq)<\/li>\n                      <li>frette z\u00e9ro (inox) pour une action optimale au niveau de la touche<\/li>\n                    <\/ul>\n                    <p>\n                      <br>\n                    <\/p>\n                    <p>\n                      <br>\n                    <\/p>\n                    <p>\n                      <br>\n                    <\/p>\n                    <p>\n                      <br>\n                    <\/p>\n                    <p>\n                      <br>\n                    <\/p>\n                    <p>\n                      <br>\n                    <\/p>\n                    <p>\n                      <br>\n                    <\/p>\n                    <p>\n                      <br>\n                    <\/p>\n                  <\/div>\n                <\/div>\n              <\/div>\n            <\/div>\n          <\/div>\n          <div class=\"h-column h-column-container d-flex h-col-lg-auto h-col-md-auto h-col-auto style-437-outer style-local-644-c6-outer\">\n            <div data-colibri-id=\"644-c6\" class=\"d-flex h-flex-basis h-column__inner h-px-lg-2 h-px-md-2 h-px-2 v-inner-lg-2 v-inner-md-2 v-inner-2 style-437 style-local-644-c6 position-relative\">\n              <!---->\n              <!---->\n              <div class=\"w-100 h-y-container h-column__content h-column__v-align flex-basis-100 align-self-lg-start align-self-md-start align-self-start\">\n                <!---->\n                <div data-colibri-id=\"644-c7\" class=\"h-row-container gutters-row-lg-2 gutters-row-md-2 gutters-row-0 gutters-row-v-lg-2 gutters-row-v-md-2 gutters-row-v-2 style-441 style-local-644-c7 position-relative\">\n                  <!---->\n                  <div class=\"h-row justify-content-lg-center justify-content-md-center justify-content-center align-items-lg-stretch align-items-md-stretch align-items-stretch gutters-col-lg-2 gutters-col-md-2 gutters-col-0 gutters-col-v-lg-2 gutters-col-v-md-2 gutters-col-v-2\">\n                    <!---->\n                    <div class=\"h-column h-column-container d-flex h-col-lg-auto h-col-md-auto h-col-auto style-442-outer style-local-644-c8-outer\">\n                      <div data-colibri-id=\"644-c8\" class=\"d-flex h-flex-basis h-column__inner h-px-lg-2 h-px-md-2 h-px-2 v-inner-lg-2 v-inner-md-2 v-inner-2 style-442 style-local-644-c8 position-relative\">\n                        <!---->\n                        <!---->\n                        <div class=\"w-100 h-y-container h-column__content h-column__v-align flex-basis-100 align-self-lg-start align-self-md-start align-self-start\">\n                          <!---->\n                          <div data-colibri-id=\"644-c9\" class=\"d-block style-444 style-local-644-c9 position-relative h-element\">\n                            <!---->\n                            <div class=\"h-image__frame-container-outer\">\n                              <div class=\"h-image__frame-container\">\n                                <!---->\n                                <!---->\n                                <img loading=\"lazy\" decoding=\"async\" width=\"2560\" height=\"1920\" src=\"https:\/\/www.fbs-music.com\/wp-content\/uploads\/2021\/11\/20211029_131800-scaled.jpg\" class=\"wp-image-704 style-444-image style-local-644-c9-image\" alt=\"\" srcset=\"https:\/\/www.fbs-music.com\/wp-content\/uploads\/2021\/11\/20211029_131800-scaled.jpg 2560w, https:\/\/www.fbs-music.com\/wp-content\/uploads\/2021\/11\/20211029_131800-scaled-600x450.jpg 600w, https:\/\/www.fbs-music.com\/wp-content\/uploads\/2021\/11\/20211029_131800-300x225.jpg 300w, https:\/\/www.fbs-music.com\/wp-content\/uploads\/2021\/11\/20211029_131800-1024x768.jpg 1024w, https:\/\/www.fbs-music.com\/wp-content\/uploads\/2021\/11\/20211029_131800-768x576.jpg 768w, https:\/\/www.fbs-music.com\/wp-content\/uploads\/2021\/11\/20211029_131800-1536x1152.jpg 1536w, https:\/\/www.fbs-music.com\/wp-content\/uploads\/2021\/11\/20211029_131800-2048x1536.jpg 2048w\" sizes=\"auto, (max-width: 2560px) 100vw, 2560px\" \/>\n                                <div class=\"h-image__frame h-hide-lg h-hide-md h-hide-sm style-444-frameImage style-local-644-c9-frameImage\"><\/div>\n                              <\/div>\n                            <\/div>\n                          <\/div>\n                          <div data-colibri-id=\"644-c10\" class=\"d-block style-446 style-local-644-c10 position-relative h-element\">\n                            <!---->\n                            <div class=\"h-image__frame-container-outer\">\n                              <div class=\"h-image__frame-container\">\n                                <!---->\n                                <!---->\n                                <img loading=\"lazy\" decoding=\"async\" width=\"1920\" height=\"2560\" src=\"https:\/\/www.fbs-music.com\/wp-content\/uploads\/2021\/11\/20211028_151153-scaled.jpg\" class=\"wp-image-703 style-446-image style-local-644-c10-image\" alt=\"\" srcset=\"https:\/\/www.fbs-music.com\/wp-content\/uploads\/2021\/11\/20211028_151153-scaled.jpg 1920w, https:\/\/www.fbs-music.com\/wp-content\/uploads\/2021\/11\/20211028_151153-scaled-600x800.jpg 600w\" sizes=\"auto, (max-width: 1920px) 100vw, 1920px\" \/>\n                                <div class=\"h-image__frame h-hide-lg h-hide-md h-hide-sm style-446-frameImage style-local-644-c10-frameImage\"><\/div>\n                              <\/div>\n                            <\/div>\n                          <\/div>\n                          <div data-colibri-id=\"644-c11\" class=\"d-block style-448 style-local-644-c11 position-relative h-element\">\n                            <!---->\n                            <div class=\"h-image__frame-container-outer\">\n                              <div class=\"h-image__frame-container\">\n                                <!---->\n                                <!---->\n                                <img loading=\"lazy\" decoding=\"async\" width=\"2560\" height=\"1920\" src=\"https:\/\/www.fbs-music.com\/wp-content\/uploads\/2021\/11\/20211024_214212-scaled.jpg\" class=\"wp-image-701 style-448-image style-local-644-c11-image\" alt=\"\" srcset=\"https:\/\/www.fbs-music.com\/wp-content\/uploads\/2021\/11\/20211024_214212-scaled.jpg 2560w, https:\/\/www.fbs-music.com\/wp-content\/uploads\/2021\/11\/20211024_214212-scaled-600x450.jpg 600w, https:\/\/www.fbs-music.com\/wp-content\/uploads\/2021\/11\/20211024_214212-300x225.jpg 300w, https:\/\/www.fbs-music.com\/wp-content\/uploads\/2021\/11\/20211024_214212-1024x768.jpg 1024w, https:\/\/www.fbs-music.com\/wp-content\/uploads\/2021\/11\/20211024_214212-768x576.jpg 768w, https:\/\/www.fbs-music.com\/wp-content\/uploads\/2021\/11\/20211024_214212-1536x1152.jpg 1536w, https:\/\/www.fbs-music.com\/wp-content\/uploads\/2021\/11\/20211024_214212-2048x1536.jpg 2048w\" sizes=\"auto, (max-width: 2560px) 100vw, 2560px\" \/>\n                                <div class=\"h-image__frame h-hide-lg h-hide-md h-hide-sm style-448-frameImage style-local-644-c11-frameImage\"><\/div>\n                              <\/div>\n                            <\/div>\n                          <\/div>\n                        <\/div>\n                      <\/div>\n                    <\/div>\n                    <div class=\"h-column h-column-container d-flex h-col-lg-auto h-col-md-auto h-col-auto style-443-outer style-local-644-c12-outer\">\n                      <div data-colibri-id=\"644-c12\" class=\"d-flex h-flex-basis h-column__inner h-px-lg-2 h-px-md-2 h-px-2 v-inner-lg-2 v-inner-md-2 v-inner-2 style-443 style-local-644-c12 position-relative\">\n                        <!---->\n                        <!---->\n                        <div class=\"w-100 h-y-container h-column__content h-column__v-align flex-basis-100 align-self-lg-start align-self-md-start align-self-start\">\n                          <!---->\n                          <div data-colibri-id=\"644-c13\" class=\"d-block style-445 style-local-644-c13 position-relative h-element\">\n                            <!---->\n                            <div class=\"h-image__frame-container-outer\">\n                              <div class=\"h-image__frame-container\">\n                                <!---->\n                                <!---->\n                                <img loading=\"lazy\" decoding=\"async\" width=\"1920\" height=\"2560\" src=\"https:\/\/www.fbs-music.com\/wp-content\/uploads\/2021\/11\/20211012_213720-scaled.jpg\" class=\"wp-image-699 style-445-image style-local-644-c13-image\" alt=\"\" srcset=\"https:\/\/www.fbs-music.com\/wp-content\/uploads\/2021\/11\/20211012_213720-scaled.jpg 1920w, https:\/\/www.fbs-music.com\/wp-content\/uploads\/2021\/11\/20211012_213720-scaled-600x800.jpg 600w, https:\/\/www.fbs-music.com\/wp-content\/uploads\/2021\/11\/20211012_213720-225x300.jpg 225w, https:\/\/www.fbs-music.com\/wp-content\/uploads\/2021\/11\/20211012_213720-768x1024.jpg 768w, https:\/\/www.fbs-music.com\/wp-content\/uploads\/2021\/11\/20211012_213720-1152x1536.jpg 1152w, https:\/\/www.fbs-music.com\/wp-content\/uploads\/2021\/11\/20211012_213720-1536x2048.jpg 1536w\" sizes=\"auto, (max-width: 1920px) 100vw, 1920px\" \/>\n                                <div class=\"h-image__frame h-hide-lg h-hide-md h-hide-sm style-445-frameImage style-local-644-c13-frameImage\"><\/div>\n                              <\/div>\n                            <\/div>\n                          <\/div>\n                          <div data-colibri-id=\"644-c14\" class=\"d-block style-447 style-local-644-c14 position-relative h-element\">\n                            <!---->\n                            <div class=\"h-image__frame-container-outer\">\n                              <div class=\"h-image__frame-container\">\n                                <!---->\n                                <!---->\n                                <img loading=\"lazy\" decoding=\"async\" width=\"2560\" height=\"1920\" src=\"https:\/\/www.fbs-music.com\/wp-content\/uploads\/2021\/11\/20210905_141717-scaled.jpg\" class=\"wp-image-698 style-447-image style-local-644-c14-image\" alt=\"\" srcset=\"https:\/\/www.fbs-music.com\/wp-content\/uploads\/2021\/11\/20210905_141717-scaled.jpg 2560w, https:\/\/www.fbs-music.com\/wp-content\/uploads\/2021\/11\/20210905_141717-scaled-600x450.jpg 600w, https:\/\/www.fbs-music.com\/wp-content\/uploads\/2021\/11\/20210905_141717-300x225.jpg 300w, https:\/\/www.fbs-music.com\/wp-content\/uploads\/2021\/11\/20210905_141717-1024x768.jpg 1024w, https:\/\/www.fbs-music.com\/wp-content\/uploads\/2021\/11\/20210905_141717-768x576.jpg 768w, https:\/\/www.fbs-music.com\/wp-content\/uploads\/2021\/11\/20210905_141717-1536x1152.jpg 1536w, https:\/\/www.fbs-music.com\/wp-content\/uploads\/2021\/11\/20210905_141717-2048x1536.jpg 2048w\" sizes=\"auto, (max-width: 2560px) 100vw, 2560px\" \/>\n                                <div class=\"h-image__frame h-hide-lg h-hide-md h-hide-sm style-447-frameImage style-local-644-c14-frameImage\"><\/div>\n                              <\/div>\n                            <\/div>\n                          <\/div>\n                          <div data-colibri-id=\"644-c15\" class=\"d-block style-449 style-local-644-c15 position-relative h-element\">\n                            <!---->\n                            <div class=\"h-image__frame-container-outer\">\n                              <div class=\"h-image__frame-container\">\n                                <!---->\n                                <!---->\n                                <img loading=\"lazy\" decoding=\"async\" width=\"2560\" height=\"1920\" src=\"https:\/\/www.fbs-music.com\/wp-content\/uploads\/2021\/11\/20201223_145808-scaled.jpg\" class=\"wp-image-694 style-449-image style-local-644-c15-image\" alt=\"\" srcset=\"https:\/\/www.fbs-music.com\/wp-content\/uploads\/2021\/11\/20201223_145808-scaled.jpg 2560w, https:\/\/www.fbs-music.com\/wp-content\/uploads\/2021\/11\/20201223_145808-scaled-600x450.jpg 600w, https:\/\/www.fbs-music.com\/wp-content\/uploads\/2021\/11\/20201223_145808-300x225.jpg 300w, https:\/\/www.fbs-music.com\/wp-content\/uploads\/2021\/11\/20201223_145808-1024x768.jpg 1024w, https:\/\/www.fbs-music.com\/wp-content\/uploads\/2021\/11\/20201223_145808-768x576.jpg 768w, https:\/\/www.fbs-music.com\/wp-content\/uploads\/2021\/11\/20201223_145808-1536x1152.jpg 1536w, https:\/\/www.fbs-music.com\/wp-content\/uploads\/2021\/11\/20201223_145808-2048x1536.jpg 2048w\" sizes=\"auto, (max-width: 2560px) 100vw, 2560px\" \/>\n                                <div class=\"h-image__frame h-hide-lg h-hide-md h-hide-sm style-449-frameImage style-local-644-c15-frameImage\"><\/div>\n                              <\/div>\n                            <\/div>\n                          <\/div>\n                        <\/div>\n                      <\/div>\n                    <\/div>\n                  <\/div>\n                <\/div>\n              <\/div>\n            <\/div>\n          <\/div>\n        <\/div>\n      <\/div>\n    <\/div>\n  <\/div>\n<\/div>","protected":false},"excerpt":{"rendered":"<p>Les manches sont r\u00e9alis\u00e9s \u00e0 partir de d\u00e9bits sur quartier (quartersawn), avec diff\u00e9rentes essences possibles: \u00e9rable, acajou, ovangkol, noyer, padouk&#8230; J&rsquo;utilise des tiges de r\u00e9glage (trussrod) en acier double action. Les tiges sont ins\u00e9r\u00e9es sous la touche dans une rainure profil\u00e9e et parfaitement ajust\u00e9e. Les tiges sont enduites de silicone avant mise en place afin [&hellip;]<\/p>\n","protected":false},"author":1,"featured_media":0,"parent":0,"menu_order":0,"comment_status":"closed","ping_status":"closed","template":"page-templates\/full-width-page.php","meta":{"footnotes":""},"class_list":["post-644","page","type-page","status-publish","hentry"],"jetpack_sharing_enabled":true,"_links":{"self":[{"href":"https:\/\/www.fbs-music.com\/index.php?rest_route=\/wp\/v2\/pages\/644","targetHints":{"allow":["GET"]}}],"collection":[{"href":"https:\/\/www.fbs-music.com\/index.php?rest_route=\/wp\/v2\/pages"}],"about":[{"href":"https:\/\/www.fbs-music.com\/index.php?rest_route=\/wp\/v2\/types\/page"}],"author":[{"embeddable":true,"href":"https:\/\/www.fbs-music.com\/index.php?rest_route=\/wp\/v2\/users\/1"}],"replies":[{"embeddable":true,"href":"https:\/\/www.fbs-music.com\/index.php?rest_route=%2Fwp%2Fv2%2Fcomments&post=644"}],"version-history":[{"count":6,"href":"https:\/\/www.fbs-music.com\/index.php?rest_route=\/wp\/v2\/pages\/644\/revisions"}],"predecessor-version":[{"id":1618,"href":"https:\/\/www.fbs-music.com\/index.php?rest_route=\/wp\/v2\/pages\/644\/revisions\/1618"}],"wp:attachment":[{"href":"https:\/\/www.fbs-music.com\/index.php?rest_route=%2Fwp%2Fv2%2Fmedia&parent=644"}],"curies":[{"name":"wp","href":"https:\/\/api.w.org\/{rel}","templated":true}]}}