{"id":650,"date":"2021-11-03T20:33:10","date_gmt":"2021-11-03T19:33:10","guid":{"rendered":"https:\/\/www.fbs-music.com\/?page_id=650"},"modified":"2024-05-13T22:27:37","modified_gmt":"2024-05-13T20:27:37","slug":"les-micros","status":"publish","type":"page","link":"https:\/\/www.fbs-music.com\/?page_id=650","title":{"rendered":"Les micros"},"content":{"rendered":"<div data-colibri-id=\"650-c1\" class=\"style-468 style-local-650-c1 position-relative\">\n  <!---->\n  <div data-colibri-component=\"section\" data-colibri-id=\"650-c2\" id=\"custom\" class=\"h-section h-section-global-spacing d-flex align-items-lg-center align-items-md-center align-items-center style-469 style-local-650-c2 position-relative\">\n    <!---->\n    <!---->\n    <div class=\"h-section-grid-container h-section-boxed-container\">\n      <!---->\n      <div data-colibri-id=\"650-c3\" class=\"h-row-container gutters-row-lg-2 gutters-row-md-2 gutters-row-0 gutters-row-v-lg-2 gutters-row-v-md-2 gutters-row-v-2 style-470 style-local-650-c3 position-relative\">\n        <!---->\n        <div class=\"h-row justify-content-lg-center justify-content-md-center justify-content-center align-items-lg-stretch align-items-md-stretch align-items-stretch gutters-col-lg-2 gutters-col-md-2 gutters-col-0 gutters-col-v-lg-2 gutters-col-v-md-2 gutters-col-v-2\">\n          <!---->\n          <div class=\"h-column h-column-container d-flex h-col-lg-auto h-col-md-auto h-col-auto style-471-outer style-local-650-c4-outer\">\n            <div data-colibri-id=\"650-c4\" class=\"d-flex h-flex-basis h-column__inner h-px-lg-2 h-px-md-2 h-px-2 v-inner-lg-2 v-inner-md-2 v-inner-2 style-471 style-local-650-c4 position-relative\">\n              <!---->\n              <!---->\n              <div class=\"w-100 h-y-container h-column__content h-column__v-align flex-basis-100 align-self-lg-start align-self-md-start align-self-start\">\n                <!---->\n                <div data-colibri-id=\"650-c5\" class=\"h-text h-text-component style-473 style-local-650-c5 position-relative h-element\">\n                  <!---->\n                  <!---->\n                  <div class=\"\">\n                    <p>Je propose mes propres micros, bobin\u00e9s \u00e0 la main, afin de m&rsquo;adapter au plus pr\u00e8s aux attentes de chaque musiciens. Une grande partie de mon activit\u00e9 se concentre d&rsquo;ailleurs sur la fabrication de micros.\n                      <br>\n                    <\/p>\n                    <p>Le bobinage \u00e0 la main avec diff\u00e9rents types de fils (polysol, formvar&#8230;42awg, 43awg&#8230;) et diff\u00e9rents aimants selon les besoins (alnico 2, 4, 5, 8, c\u00e9ramique&#8230;) pour cr\u00e9er des mod\u00e8les adapt\u00e9s \u00e0 chaque styles.<\/p>\n                    <p>Je peux \u00e9galement vous conseiller et vous \u00e9clairer dans vos choix selon votre jeu, vos go\u00fbts et vos attentes pour cr\u00e9er le micro qui vous correspondra.\n                      <br>\n                    <\/p>\n                    <p>Comme pour les guitares, la personnalisation des micros est totale (couleurs, \u00e9cartements des plots&#8230;).\n                      <br>\n                    <\/p>\n                    <p>\n                      <br>\n                    <\/p>\n                    <p>\n                      <br>\n                    <\/p>\n                  <\/div>\n                <\/div>\n                <div data-colibri-id=\"650-c6\" class=\"d-block style-475 style-local-650-c6 position-relative h-element\">\n                  <!---->\n                  <div class=\"h-image__frame-container-outer\">\n                    <div class=\"h-image__frame-container\">\n                      <!---->\n                      <!---->\n                      <img loading=\"lazy\" decoding=\"async\" width=\"386\" height=\"386\" src=\"https:\/\/www.fbs-music.com\/wp-content\/uploads\/2024\/05\/Screenshot-2024-05-13-at-22-24-49-Francois-BOUSSUGES-@fbs_music-\u2022-Photos-et-videos-Instagram.png\" class=\"wp-image-3714 style-475-image style-local-650-c6-image\" alt=\"\" srcset=\"https:\/\/www.fbs-music.com\/wp-content\/uploads\/2024\/05\/Screenshot-2024-05-13-at-22-24-49-Francois-BOUSSUGES-@fbs_music-\u2022-Photos-et-videos-Instagram.png 386w, https:\/\/www.fbs-music.com\/wp-content\/uploads\/2024\/05\/Screenshot-2024-05-13-at-22-24-49-Francois-BOUSSUGES-@fbs_music-\u2022-Photos-et-videos-Instagram-300x300.png 300w, https:\/\/www.fbs-music.com\/wp-content\/uploads\/2024\/05\/Screenshot-2024-05-13-at-22-24-49-Francois-BOUSSUGES-@fbs_music-\u2022-Photos-et-videos-Instagram-150x150.png 150w, https:\/\/www.fbs-music.com\/wp-content\/uploads\/2024\/05\/Screenshot-2024-05-13-at-22-24-49-Francois-BOUSSUGES-@fbs_music-\u2022-Photos-et-videos-Instagram-100x100.png 100w\" sizes=\"auto, (max-width: 386px) 100vw, 386px\" \/>\n                      <div class=\"h-image__frame h-hide-lg h-hide-md h-hide-sm style-475-frameImage style-local-650-c6-frameImage\"><\/div>\n                    <\/div>\n                  <\/div>\n                <\/div>\n                <div data-colibri-id=\"650-c10\" class=\"d-block style-1011 style-local-650-c10 position-relative h-element\">\n                  <!---->\n                  <div class=\"h-image__frame-container-outer\">\n                    <div class=\"h-image__frame-container\">\n                      <!---->\n                      <!---->\n                      <img loading=\"lazy\" decoding=\"async\" width=\"386\" height=\"386\" src=\"https:\/\/www.fbs-music.com\/wp-content\/uploads\/2024\/05\/Screenshot-2024-05-13-at-22-25-17-Francois-BOUSSUGES-@fbs_music-\u2022-Photos-et-videos-Instagram.png\" class=\"wp-image-3715 style-1011-image style-local-650-c10-image\" alt=\"\" srcset=\"https:\/\/www.fbs-music.com\/wp-content\/uploads\/2024\/05\/Screenshot-2024-05-13-at-22-25-17-Francois-BOUSSUGES-@fbs_music-\u2022-Photos-et-videos-Instagram.png 386w, https:\/\/www.fbs-music.com\/wp-content\/uploads\/2024\/05\/Screenshot-2024-05-13-at-22-25-17-Francois-BOUSSUGES-@fbs_music-\u2022-Photos-et-videos-Instagram-300x300.png 300w, https:\/\/www.fbs-music.com\/wp-content\/uploads\/2024\/05\/Screenshot-2024-05-13-at-22-25-17-Francois-BOUSSUGES-@fbs_music-\u2022-Photos-et-videos-Instagram-150x150.png 150w, https:\/\/www.fbs-music.com\/wp-content\/uploads\/2024\/05\/Screenshot-2024-05-13-at-22-25-17-Francois-BOUSSUGES-@fbs_music-\u2022-Photos-et-videos-Instagram-100x100.png 100w\" sizes=\"auto, (max-width: 386px) 100vw, 386px\" \/>\n                      <div class=\"h-image__frame h-hide-lg h-hide-md h-hide-sm style-1011-frameImage style-local-650-c10-frameImage\"><\/div>\n                    <\/div>\n                  <\/div>\n                <\/div>\n              <\/div>\n            <\/div>\n          <\/div>\n          <div class=\"h-column h-column-container d-flex h-col-lg-auto h-col-md-auto h-col-auto style-472-outer style-local-650-c7-outer\">\n            <div data-colibri-id=\"650-c7\" class=\"d-flex h-flex-basis h-column__inner h-px-lg-2 h-px-md-2 h-px-2 v-inner-lg-2 v-inner-md-2 v-inner-2 style-472 style-local-650-c7 position-relative\">\n              <!---->\n              <!---->\n              <div class=\"w-100 h-y-container h-column__content h-column__v-align flex-basis-100 align-self-lg-start align-self-md-start align-self-start\">\n                <!---->\n                <div data-colibri-id=\"650-c8\" class=\"d-block style-474 style-local-650-c8 position-relative h-element\">\n                  <!---->\n                  <div class=\"h-image__frame-container-outer\">\n                    <div class=\"h-image__frame-container\">\n                      <!---->\n                      <!---->\n                      <img loading=\"lazy\" decoding=\"async\" width=\"748\" height=\"748\" src=\"https:\/\/www.fbs-music.com\/wp-content\/uploads\/2021\/12\/Screenshot-2021-12-30-at-17-13-56-Francois-BOUSSUGES-sur-Instagram-Derniers-bobinages-avant-la-treve-de-Noel-Bonnes-fetes-a....png\" class=\"wp-image-742 style-474-image style-local-650-c8-image\" alt=\"\" srcset=\"https:\/\/www.fbs-music.com\/wp-content\/uploads\/2021\/12\/Screenshot-2021-12-30-at-17-13-56-Francois-BOUSSUGES-sur-Instagram-Derniers-bobinages-avant-la-treve-de-Noel-Bonnes-fetes-a....png 748w, https:\/\/www.fbs-music.com\/wp-content\/uploads\/2021\/12\/Screenshot-2021-12-30-at-17-13-56-Francois-BOUSSUGES-sur-Instagram-Derniers-bobinages-avant-la-treve-de-Noel-Bonnes-fetes-a...-300x300.png 300w, https:\/\/www.fbs-music.com\/wp-content\/uploads\/2021\/12\/Screenshot-2021-12-30-at-17-13-56-Francois-BOUSSUGES-sur-Instagram-Derniers-bobinages-avant-la-treve-de-Noel-Bonnes-fetes-a...-100x100.png 100w, https:\/\/www.fbs-music.com\/wp-content\/uploads\/2021\/12\/Screenshot-2021-12-30-at-17-13-56-Francois-BOUSSUGES-sur-Instagram-Derniers-bobinages-avant-la-treve-de-Noel-Bonnes-fetes-a...-600x600.png 600w, https:\/\/www.fbs-music.com\/wp-content\/uploads\/2021\/12\/Screenshot-2021-12-30-at-17-13-56-Francois-BOUSSUGES-sur-Instagram-Derniers-bobinages-avant-la-treve-de-Noel-Bonnes-fetes-a...-150x150.png 150w\" sizes=\"auto, (max-width: 748px) 100vw, 748px\" \/>\n                      <div class=\"h-image__frame h-hide-lg h-hide-md h-hide-sm style-474-frameImage style-local-650-c8-frameImage\"><\/div>\n                    <\/div>\n                  <\/div>\n                <\/div>\n                <div data-colibri-id=\"650-c9\" class=\"d-block style-476 style-local-650-c9 position-relative h-element\">\n                  <!---->\n                  <div class=\"h-image__frame-container-outer\">\n                    <div class=\"h-image__frame-container\">\n                      <!---->\n                      <!---->\n                      <img loading=\"lazy\" decoding=\"async\" width=\"834\" height=\"815\" src=\"https:\/\/www.fbs-music.com\/wp-content\/uploads\/2024\/05\/Capture-decran-2023-10-29-203436.png\" class=\"wp-image-3713 style-476-image style-local-650-c9-image\" alt=\"\" srcset=\"https:\/\/www.fbs-music.com\/wp-content\/uploads\/2024\/05\/Capture-decran-2023-10-29-203436.png 834w, https:\/\/www.fbs-music.com\/wp-content\/uploads\/2024\/05\/Capture-decran-2023-10-29-203436-300x293.png 300w, https:\/\/www.fbs-music.com\/wp-content\/uploads\/2024\/05\/Capture-decran-2023-10-29-203436-768x751.png 768w, https:\/\/www.fbs-music.com\/wp-content\/uploads\/2024\/05\/Capture-decran-2023-10-29-203436-600x586.png 600w\" sizes=\"auto, (max-width: 834px) 100vw, 834px\" \/>\n                      <div class=\"h-image__frame h-hide-lg h-hide-md h-hide-sm style-476-frameImage style-local-650-c9-frameImage\"><\/div>\n                    <\/div>\n                  <\/div>\n                <\/div>\n              <\/div>\n            <\/div>\n          <\/div>\n        <\/div>\n      <\/div>\n    <\/div>\n  <\/div>\n<\/div>","protected":false},"excerpt":{"rendered":"<p>Je propose mes propres micros, bobin\u00e9s \u00e0 la main, afin de m&rsquo;adapter au plus pr\u00e8s aux attentes de chaque musiciens. Une grande partie de mon activit\u00e9 se concentre d&rsquo;ailleurs sur la fabrication de micros. Le bobinage \u00e0 la main avec diff\u00e9rents types de fils (polysol, formvar&#8230;42awg, 43awg&#8230;) et diff\u00e9rents aimants selon les besoins (alnico 2, [&hellip;]<\/p>\n","protected":false},"author":1,"featured_media":0,"parent":0,"menu_order":0,"comment_status":"closed","ping_status":"closed","template":"page-templates\/full-width-page.php","meta":{"footnotes":""},"class_list":["post-650","page","type-page","status-publish","hentry"],"jetpack_sharing_enabled":true,"_links":{"self":[{"href":"https:\/\/www.fbs-music.com\/index.php?rest_route=\/wp\/v2\/pages\/650","targetHints":{"allow":["GET"]}}],"collection":[{"href":"https:\/\/www.fbs-music.com\/index.php?rest_route=\/wp\/v2\/pages"}],"about":[{"href":"https:\/\/www.fbs-music.com\/index.php?rest_route=\/wp\/v2\/types\/page"}],"author":[{"embeddable":true,"href":"https:\/\/www.fbs-music.com\/index.php?rest_route=\/wp\/v2\/users\/1"}],"replies":[{"embeddable":true,"href":"https:\/\/www.fbs-music.com\/index.php?rest_route=%2Fwp%2Fv2%2Fcomments&post=650"}],"version-history":[{"count":4,"href":"https:\/\/www.fbs-music.com\/index.php?rest_route=\/wp\/v2\/pages\/650\/revisions"}],"predecessor-version":[{"id":3717,"href":"https:\/\/www.fbs-music.com\/index.php?rest_route=\/wp\/v2\/pages\/650\/revisions\/3717"}],"wp:attachment":[{"href":"https:\/\/www.fbs-music.com\/index.php?rest_route=%2Fwp%2Fv2%2Fmedia&parent=650"}],"curies":[{"name":"wp","href":"https:\/\/api.w.org\/{rel}","templated":true}]}}