{"id":965,"date":"2022-01-31T20:45:49","date_gmt":"2022-01-31T19:45:49","guid":{"rendered":"https:\/\/www.fbs-music.com\/?page_id=965"},"modified":"2022-02-28T21:13:42","modified_gmt":"2022-02-28T20:13:42","slug":"type-jb","status":"publish","type":"page","link":"https:\/\/www.fbs-music.com\/?page_id=965","title":{"rendered":"Type JB"},"content":{"rendered":"<div data-colibri-id=\"965-c1\" class=\"style-565 style-local-965-c1 position-relative\">\n  <!---->\n  <div data-colibri-component=\"section\" data-colibri-id=\"965-c2\" id=\"custom\" class=\"h-section h-section-global-spacing d-flex align-items-lg-center align-items-md-center align-items-center style-566 style-local-965-c2 position-relative\">\n    <!---->\n    <!---->\n    <div class=\"h-section-grid-container h-section-boxed-container\">\n      <!---->\n      <div data-colibri-id=\"965-c3\" class=\"h-row-container gutters-row-lg-2 gutters-row-md-2 gutters-row-0 gutters-row-v-lg-2 gutters-row-v-md-2 gutters-row-v-2 style-573 style-local-965-c3 position-relative\">\n        <!---->\n        <div class=\"h-row justify-content-lg-center justify-content-md-center justify-content-center align-items-lg-stretch align-items-md-stretch align-items-stretch gutters-col-lg-2 gutters-col-md-2 gutters-col-0 gutters-col-v-lg-2 gutters-col-v-md-2 gutters-col-v-2\">\n          <!---->\n          <div class=\"h-column h-column-container d-flex h-col-lg-auto h-col-md-auto h-col-auto style-574-outer style-local-965-c4-outer\">\n            <div data-colibri-id=\"965-c4\" class=\"d-flex h-flex-basis h-column__inner h-px-lg-2 h-px-md-2 h-px-2 v-inner-lg-2 v-inner-md-2 v-inner-2 style-574 style-local-965-c4 position-relative\">\n              <!---->\n              <!---->\n              <div class=\"w-100 h-y-container h-column__content h-column__v-align flex-basis-100 align-self-lg-start align-self-md-start align-self-start\">\n                <!---->\n                <div data-colibri-id=\"965-c5\" class=\"h-text h-text-component style-575 style-local-965-c5 position-relative h-element\">\n                  <!---->\n                  <!---->\n                  <div class=\"\">\n                    <p>Tarifs: 4 cordes \u00e0 partir de 1500\u20ac \/ 5 cordes \u00e0 partir de 1600\u20ac\n                      <br>\n                    <\/p>\n                  <\/div>\n                <\/div>\n              <\/div>\n            <\/div>\n          <\/div>\n        <\/div>\n      <\/div>\n      <div data-colibri-id=\"965-c6\" class=\"h-row-container gutters-row-lg-2 gutters-row-md-2 gutters-row-0 gutters-row-v-lg-2 gutters-row-v-md-2 gutters-row-v-2 style-567 style-local-965-c6 position-relative\">\n        <!---->\n        <div class=\"h-row justify-content-lg-center justify-content-md-center justify-content-center align-items-lg-stretch align-items-md-stretch align-items-stretch gutters-col-lg-2 gutters-col-md-2 gutters-col-0 gutters-col-v-lg-2 gutters-col-v-md-2 gutters-col-v-2\">\n          <!---->\n          <div class=\"h-column h-column-container d-flex h-col-lg-auto h-col-md-auto h-col-auto style-568-outer style-local-965-c7-outer\">\n            <div data-colibri-id=\"965-c7\" class=\"d-flex h-flex-basis h-column__inner h-px-lg-2 h-px-md-2 h-px-2 v-inner-lg-2 v-inner-md-2 v-inner-2 style-568 style-local-965-c7 position-relative\">\n              <!---->\n              <!---->\n              <div class=\"w-100 h-y-container h-column__content h-column__v-align flex-basis-100 align-self-lg-start align-self-md-start align-self-start\">\n                <!---->\n                <div data-colibri-id=\"965-c8\" class=\"h-text h-text-component style-570 style-local-965-c8 position-relative h-element\">\n                  <!---->\n                  <!---->\n                  <div class=\"\">\n                    <p>Ce mod\u00e8le reprend l&rsquo;iconique Jazz Bass, un instrument que l&rsquo;on retrouve dans les mains de tr\u00e8s nombreux bassistes et qui reste omnipr\u00e9sent depuis les ann\u00e9es 60. La conception de cette basse est simple et \u00e0 quelques peu \u00e9volu\u00e9 dans\n                      le temps avec de nombreuses variation (5 cordes, active&#8230;).<\/p>\n                    <p>Je propose un mod\u00e8le reprenant les caract\u00e9ristiques de l&rsquo;originale avec des mat\u00e9riaux de qualit\u00e9 et de petites am\u00e9liorations.<\/p>\n                    <p>Sp\u00e9cifications:<\/p>\n                    <ul>\n                      <li>Disponible en 4 et 5 cordes, droitier ou gaucher<\/li>\n                      <li>Diapason: 34 pouces\n                        <br>\n                      <\/li>\n                      <li>Corps: 2 pi\u00e8ces chambr\u00e9es (aulne, fr\u00eane, acajou) avec table rapport\u00e9e (nombreux choix).\n                        <br>\n                      <\/li>\n                      <li>Manche: \u00e9rable sur quartier ou acajou, 21 cases<\/li>\n                      <li>Largeur au sillet: 38mm (4 cordes), 46mm (5 cordes)<\/li>\n                      <li>Sillet: os ou Tusq\n                        <br>\n                      <\/li>\n                      <li>Touche: \u00e9rable, palissandre, pao ferro ou \u00e9b\u00e8ne (autres choix disponibles sur demande)<\/li>\n                      <li>Radius: 12 ou 16 pouces<\/li>\n                      <li>Frettes: inox (plusieurs dimensions au choix)<\/li>\n                      <li>M\u00e9caniques: Schaller BML (fabriqu\u00e9e en Allemagne)<\/li>\n                      <li>Chevalet: Fender Hi Mass (existe en deux \u00e9cartement: 18 ou 19mm)<\/li>\n                      <li>Micros: Jazz bass alnico 5 bobin\u00e9s mains, autres choix possibles (Seymour Duncan, Lindy Fralin,&#8230;)<\/li>\n                      <li>\u00c9lectronique: volume \/volume \/tonalit\u00e9 (potentiom\u00e8tre CTS et jack Switchcraft)<\/li>\n                      <li>Avec ou sans pickguard.\n                        <br>\n                      <\/li>\n                    <\/ul>\n                    <p>\n                      <br>\n                    <\/p>\n                    <p>Comme pour le reste de ma ligne d&rsquo;instrument, ce mod\u00e8le est enti\u00e8rement customisable sur demande.\n                      <br>\n                    <\/p>\n                    <p>\n                      <br>\n                    <\/p>\n                  <\/div>\n                <\/div>\n                <div data-colibri-id=\"965-c9\" class=\"d-block style-576 style-local-965-c9 position-relative h-element\">\n                  <!---->\n                  <div class=\"h-image__frame-container-outer\">\n                    <div class=\"h-image__frame-container\">\n                      <!---->\n                      <!---->\n                      <img loading=\"lazy\" decoding=\"async\" width=\"1707\" height=\"2560\" src=\"https:\/\/www.fbs-music.com\/wp-content\/uploads\/2022\/01\/jb_6-scaled.jpg\" class=\"wp-image-980 style-576-image style-local-965-c9-image\" alt=\"\" srcset=\"https:\/\/www.fbs-music.com\/wp-content\/uploads\/2022\/01\/jb_6-scaled.jpg 1707w, https:\/\/www.fbs-music.com\/wp-content\/uploads\/2022\/01\/jb_6-scaled-600x900.jpg 600w, https:\/\/www.fbs-music.com\/wp-content\/uploads\/2022\/01\/jb_6-200x300.jpg 200w, https:\/\/www.fbs-music.com\/wp-content\/uploads\/2022\/01\/jb_6-683x1024.jpg 683w, https:\/\/www.fbs-music.com\/wp-content\/uploads\/2022\/01\/jb_6-768x1152.jpg 768w, https:\/\/www.fbs-music.com\/wp-content\/uploads\/2022\/01\/jb_6-1024x1536.jpg 1024w, https:\/\/www.fbs-music.com\/wp-content\/uploads\/2022\/01\/jb_6-1365x2048.jpg 1365w\" sizes=\"auto, (max-width: 1707px) 100vw, 1707px\" \/>\n                      <div class=\"h-image__frame h-hide-lg h-hide-md h-hide-sm style-576-frameImage style-local-965-c9-frameImage\"><\/div>\n                    <\/div>\n                  <\/div>\n                <\/div>\n                <div data-colibri-id=\"965-c10\" class=\"d-block style-577 style-local-965-c10 position-relative h-element\">\n                  <!---->\n                  <div class=\"h-image__frame-container-outer\">\n                    <div class=\"h-image__frame-container\">\n                      <!---->\n                      <!---->\n                      <img loading=\"lazy\" decoding=\"async\" width=\"1705\" height=\"1705\" src=\"https:\/\/www.fbs-music.com\/wp-content\/uploads\/2022\/01\/cropped-jb_4-scaled-1.jpg\" class=\"wp-image-981 style-577-image style-local-965-c10-image\" alt=\"\" srcset=\"https:\/\/www.fbs-music.com\/wp-content\/uploads\/2022\/01\/cropped-jb_4-scaled-1.jpg 1705w, https:\/\/www.fbs-music.com\/wp-content\/uploads\/2022\/01\/cropped-jb_4-scaled-1-300x300.jpg 300w, https:\/\/www.fbs-music.com\/wp-content\/uploads\/2022\/01\/cropped-jb_4-scaled-1-100x100.jpg 100w, https:\/\/www.fbs-music.com\/wp-content\/uploads\/2022\/01\/cropped-jb_4-scaled-1-600x600.jpg 600w, https:\/\/www.fbs-music.com\/wp-content\/uploads\/2022\/01\/cropped-jb_4-scaled-1-1024x1024.jpg 1024w, https:\/\/www.fbs-music.com\/wp-content\/uploads\/2022\/01\/cropped-jb_4-scaled-1-150x150.jpg 150w, https:\/\/www.fbs-music.com\/wp-content\/uploads\/2022\/01\/cropped-jb_4-scaled-1-768x768.jpg 768w, https:\/\/www.fbs-music.com\/wp-content\/uploads\/2022\/01\/cropped-jb_4-scaled-1-1536x1536.jpg 1536w\" sizes=\"auto, (max-width: 1705px) 100vw, 1705px\" \/>\n                      <div class=\"h-image__frame h-hide-lg h-hide-md h-hide-sm style-577-frameImage style-local-965-c10-frameImage\"><\/div>\n                    <\/div>\n                  <\/div>\n                <\/div>\n              <\/div>\n            <\/div>\n          <\/div>\n          <div class=\"h-column h-column-container d-flex h-col-lg-auto h-col-md-auto h-col-auto style-569-outer style-local-965-c11-outer\">\n            <div data-colibri-id=\"965-c11\" class=\"d-flex h-flex-basis h-column__inner h-px-lg-2 h-px-md-2 h-px-2 v-inner-lg-2 v-inner-md-2 v-inner-2 style-569 style-local-965-c11 position-relative\">\n              <!---->\n              <!---->\n              <div class=\"w-100 h-y-container h-column__content h-column__v-align flex-basis-100 align-self-lg-start align-self-md-start align-self-start\">\n                <!---->\n                <div data-colibri-id=\"965-c12\" class=\"d-block style-571 style-local-965-c12 position-relative h-element\">\n                  <!---->\n                  <div class=\"h-image__frame-container-outer\">\n                    <div class=\"h-image__frame-container\">\n                      <!---->\n                      <!---->\n                      <img loading=\"lazy\" decoding=\"async\" width=\"1707\" height=\"2560\" src=\"https:\/\/www.fbs-music.com\/wp-content\/uploads\/2022\/01\/jb_2-scaled.jpg\" class=\"wp-image-976 style-571-image style-local-965-c12-image\" alt=\"\" srcset=\"https:\/\/www.fbs-music.com\/wp-content\/uploads\/2022\/01\/jb_2-scaled.jpg 1707w, https:\/\/www.fbs-music.com\/wp-content\/uploads\/2022\/01\/jb_2-scaled-600x900.jpg 600w, https:\/\/www.fbs-music.com\/wp-content\/uploads\/2022\/01\/jb_2-200x300.jpg 200w, https:\/\/www.fbs-music.com\/wp-content\/uploads\/2022\/01\/jb_2-683x1024.jpg 683w, https:\/\/www.fbs-music.com\/wp-content\/uploads\/2022\/01\/jb_2-768x1152.jpg 768w, https:\/\/www.fbs-music.com\/wp-content\/uploads\/2022\/01\/jb_2-1024x1536.jpg 1024w, https:\/\/www.fbs-music.com\/wp-content\/uploads\/2022\/01\/jb_2-1365x2048.jpg 1365w\" sizes=\"auto, (max-width: 1707px) 100vw, 1707px\" \/>\n                      <div class=\"h-image__frame h-hide-lg h-hide-md h-hide-sm style-571-frameImage style-local-965-c12-frameImage\"><\/div>\n                    <\/div>\n                  <\/div>\n                <\/div>\n                <div data-colibri-id=\"965-c13\" class=\"d-block style-572 style-local-965-c13 position-relative h-element\">\n                  <!---->\n                  <div class=\"h-image__frame-container-outer\">\n                    <div class=\"h-image__frame-container\">\n                      <!---->\n                      <!---->\n                      <img loading=\"lazy\" decoding=\"async\" width=\"1707\" height=\"2560\" src=\"https:\/\/www.fbs-music.com\/wp-content\/uploads\/2022\/01\/jb_5-scaled.jpg\" class=\"wp-image-979 style-572-image style-local-965-c13-image\" alt=\"\" srcset=\"https:\/\/www.fbs-music.com\/wp-content\/uploads\/2022\/01\/jb_5-scaled.jpg 1707w, https:\/\/www.fbs-music.com\/wp-content\/uploads\/2022\/01\/jb_5-scaled-600x900.jpg 600w, https:\/\/www.fbs-music.com\/wp-content\/uploads\/2022\/01\/jb_5-200x300.jpg 200w, https:\/\/www.fbs-music.com\/wp-content\/uploads\/2022\/01\/jb_5-683x1024.jpg 683w, https:\/\/www.fbs-music.com\/wp-content\/uploads\/2022\/01\/jb_5-768x1152.jpg 768w, https:\/\/www.fbs-music.com\/wp-content\/uploads\/2022\/01\/jb_5-1024x1536.jpg 1024w, https:\/\/www.fbs-music.com\/wp-content\/uploads\/2022\/01\/jb_5-1365x2048.jpg 1365w\" sizes=\"auto, (max-width: 1707px) 100vw, 1707px\" \/>\n                      <div class=\"h-image__frame h-hide-lg h-hide-md h-hide-sm style-572-frameImage style-local-965-c13-frameImage\"><\/div>\n                    <\/div>\n                  <\/div>\n                <\/div>\n              <\/div>\n            <\/div>\n          <\/div>\n        <\/div>\n      <\/div>\n    <\/div>\n  <\/div>\n<\/div>","protected":false},"excerpt":{"rendered":"<p>Tarifs: 4 cordes \u00e0 partir de 1500\u20ac \/ 5 cordes \u00e0 partir de 1600\u20ac Ce mod\u00e8le reprend l&rsquo;iconique Jazz Bass, un instrument que l&rsquo;on retrouve dans les mains de tr\u00e8s nombreux bassistes et qui reste omnipr\u00e9sent depuis les ann\u00e9es 60. La conception de cette basse est simple et \u00e0 quelques peu \u00e9volu\u00e9 dans le temps [&hellip;]<\/p>\n","protected":false},"author":1,"featured_media":0,"parent":0,"menu_order":0,"comment_status":"closed","ping_status":"closed","template":"page-templates\/full-width-page.php","meta":{"footnotes":""},"class_list":["post-965","page","type-page","status-publish","hentry"],"jetpack_sharing_enabled":true,"_links":{"self":[{"href":"https:\/\/www.fbs-music.com\/index.php?rest_route=\/wp\/v2\/pages\/965","targetHints":{"allow":["GET"]}}],"collection":[{"href":"https:\/\/www.fbs-music.com\/index.php?rest_route=\/wp\/v2\/pages"}],"about":[{"href":"https:\/\/www.fbs-music.com\/index.php?rest_route=\/wp\/v2\/types\/page"}],"author":[{"embeddable":true,"href":"https:\/\/www.fbs-music.com\/index.php?rest_route=\/wp\/v2\/users\/1"}],"replies":[{"embeddable":true,"href":"https:\/\/www.fbs-music.com\/index.php?rest_route=%2Fwp%2Fv2%2Fcomments&post=965"}],"version-history":[{"count":3,"href":"https:\/\/www.fbs-music.com\/index.php?rest_route=\/wp\/v2\/pages\/965\/revisions"}],"predecessor-version":[{"id":1062,"href":"https:\/\/www.fbs-music.com\/index.php?rest_route=\/wp\/v2\/pages\/965\/revisions\/1062"}],"wp:attachment":[{"href":"https:\/\/www.fbs-music.com\/index.php?rest_route=%2Fwp%2Fv2%2Fmedia&parent=965"}],"curies":[{"name":"wp","href":"https:\/\/api.w.org\/{rel}","templated":true}]}}