{"id":971,"date":"2022-01-31T20:46:32","date_gmt":"2022-01-31T19:46:32","guid":{"rendered":"https:\/\/www.fbs-music.com\/?page_id=971"},"modified":"2023-09-14T23:20:17","modified_gmt":"2023-09-14T21:20:17","slug":"type-mb","status":"publish","type":"page","link":"https:\/\/www.fbs-music.com\/?page_id=971","title":{"rendered":"Type MB"},"content":{"rendered":"<div data-colibri-id=\"971-c1\" class=\"style-592 style-local-971-c1 position-relative\">\n  <!---->\n  <div data-colibri-component=\"section\" data-colibri-id=\"971-c2\" id=\"custom\" class=\"h-section h-section-global-spacing d-flex align-items-lg-center align-items-md-center align-items-center style-593 style-local-971-c2 position-relative\">\n    <!---->\n    <!---->\n    <div class=\"h-section-grid-container h-section-boxed-container\">\n      <!---->\n      <div data-colibri-id=\"971-c3\" class=\"h-row-container gutters-row-lg-2 gutters-row-md-2 gutters-row-0 gutters-row-v-lg-2 gutters-row-v-md-2 gutters-row-v-2 style-600 style-local-971-c3 position-relative\">\n        <!---->\n        <div class=\"h-row justify-content-lg-center justify-content-md-center justify-content-center align-items-lg-stretch align-items-md-stretch align-items-stretch gutters-col-lg-2 gutters-col-md-2 gutters-col-0 gutters-col-v-lg-2 gutters-col-v-md-2 gutters-col-v-2\">\n          <!---->\n          <div class=\"h-column h-column-container d-flex h-col-lg-auto h-col-md-auto h-col-auto style-601-outer style-local-971-c4-outer\">\n            <div data-colibri-id=\"971-c4\" class=\"d-flex h-flex-basis h-column__inner h-px-lg-2 h-px-md-2 h-px-2 v-inner-lg-2 v-inner-md-2 v-inner-2 style-601 style-local-971-c4 position-relative\">\n              <!---->\n              <!---->\n              <div class=\"w-100 h-y-container h-column__content h-column__v-align flex-basis-100 align-self-lg-start align-self-md-start align-self-start\">\n                <!---->\n                <div data-colibri-id=\"971-c5\" class=\"h-text h-text-component style-602 style-local-971-c5 position-relative h-element\">\n                  <!---->\n                  <!---->\n                  <div class=\"\">\n                    <p>Tarifs:<\/p>\n                    <ul>\n                      <li>4 cordes: manche viss\u00e9 \u00e0 partir de 1500\u20ac \/manche coll\u00e9 \u00e0 partir de 1650\u20ac<\/li>\n                      <li>5 cordes: manche viss\u00e9 \u00e0 partir 1650 \u20ac\/manche coll\u00e9 \u00e0 partir de 1800 \u20ac\n                        <br>\n                      <\/li>\n                    <\/ul>\n                    <p>\n                      <br>\n                    <\/p>\n                  <\/div>\n                <\/div>\n              <\/div>\n            <\/div>\n          <\/div>\n        <\/div>\n      <\/div>\n      <div data-colibri-id=\"971-c6\" class=\"h-row-container gutters-row-lg-2 gutters-row-md-2 gutters-row-0 gutters-row-v-lg-2 gutters-row-v-md-2 gutters-row-v-2 style-594 style-local-971-c6 position-relative\">\n        <!---->\n        <div class=\"h-row justify-content-lg-center justify-content-md-center justify-content-center align-items-lg-stretch align-items-md-stretch align-items-stretch gutters-col-lg-2 gutters-col-md-2 gutters-col-0 gutters-col-v-lg-2 gutters-col-v-md-2 gutters-col-v-2\">\n          <!---->\n          <div class=\"h-column h-column-container d-flex h-col-lg-auto h-col-md-auto h-col-auto style-595-outer style-local-971-c7-outer\">\n            <div data-colibri-id=\"971-c7\" class=\"d-flex h-flex-basis h-column__inner h-px-lg-2 h-px-md-2 h-px-2 v-inner-lg-2 v-inner-md-2 v-inner-2 style-595 style-local-971-c7 position-relative\">\n              <!---->\n              <!---->\n              <div class=\"w-100 h-y-container h-column__content h-column__v-align flex-basis-100 align-self-lg-start align-self-md-start align-self-start\">\n                <!---->\n                <div data-colibri-id=\"971-c8\" class=\"h-text h-text-component style-597 style-local-971-c8 position-relative h-element\">\n                  <!---->\n                  <!---->\n                  <div class=\"\">\n                    <p>La type MB est une basse pr\u00e9sentant des caract\u00e9ristiques modernes et un design \u00e9pur\u00e9 avec comme objectif de fournir un instrument \u00e0 l&rsquo;oppos\u00e9 de certaines basses \u00e0 l&rsquo;\u00e9lectronique ultra complexe et alambiqu\u00e9e.<\/p>\n                    <p>Ce mod\u00e8le pr\u00e9sente un diapason de 35 pouces qui permet notamment d&rsquo;avoir les cordes de Si et Mi grave mieux d\u00e9finies et de faciliter certains accordages bas. La conception de l&rsquo;instrument, avec une t\u00eate raccourcie en 3+2 et un chevalet\n                      au plus bas du corps en fait toutefois un instrument compact et facile \u00e0 prendre en main.\n                      <br>\n                    <\/p>\n                    <p>Le micro est en position centrale pour offrir un son tr\u00e8s dynamique et plug and play. Ce mod\u00e8le est propos\u00e9 en \u00e9lectronique active deux bandes ou 3 bandes (pr\u00e9amplificateur maison) permettent de facilement sculpter le son.\n                      <br>\n                    <\/p>\n                    <p>Deux types de constructions sont possibles pour ce mod\u00e8le: manche viss\u00e9 ou manche coll\u00e9 (semi-traversant).<\/p>\n                    <p>Caract\u00e9ristiques:<\/p>\n                    <ul>\n                      <li>diapason de 35 pouces<\/li>\n                      <li>21 ou 22 frettes<\/li>\n                      <li>micro sur mesure (FBS Music humbucker ou autre marque)\n                        <br>\n                      <\/li>\n                      <li>Preamplificateur 2 ou 3 bandes (type Stingray)\n                        <br>\n                      <\/li>\n                      <li>Chevalet Schaller 3D\n                        <br>\n                      <\/li>\n                      <li>M\u00e9caniques Gotoh GB11W\n                        <br>\n                      <\/li>\n                    <\/ul>\n                    <p>\n                      <br>\n                    <\/p>\n                  <\/div>\n                <\/div>\n                <div data-colibri-id=\"971-c12\" class=\"d-block style-995 style-local-971-c12 position-relative h-element\">\n                  <!---->\n                  <div class=\"h-image__frame-container-outer\">\n                    <div class=\"h-image__frame-container\">\n                      <!---->\n                      <!---->\n                      <img loading=\"lazy\" decoding=\"async\" width=\"960\" height=\"960\" src=\"https:\/\/www.fbs-music.com\/wp-content\/uploads\/2023\/09\/358558064_10229645591059863_5957017061779739702_n.jpg\" class=\"wp-image-2297 style-995-image style-local-971-c12-image\" alt=\"\" srcset=\"https:\/\/www.fbs-music.com\/wp-content\/uploads\/2023\/09\/358558064_10229645591059863_5957017061779739702_n.jpg 960w, https:\/\/www.fbs-music.com\/wp-content\/uploads\/2023\/09\/358558064_10229645591059863_5957017061779739702_n-300x300.jpg 300w, https:\/\/www.fbs-music.com\/wp-content\/uploads\/2023\/09\/358558064_10229645591059863_5957017061779739702_n-100x100.jpg 100w, https:\/\/www.fbs-music.com\/wp-content\/uploads\/2023\/09\/358558064_10229645591059863_5957017061779739702_n-600x600.jpg 600w, https:\/\/www.fbs-music.com\/wp-content\/uploads\/2023\/09\/358558064_10229645591059863_5957017061779739702_n-150x150.jpg 150w, https:\/\/www.fbs-music.com\/wp-content\/uploads\/2023\/09\/358558064_10229645591059863_5957017061779739702_n-768x768.jpg 768w\" sizes=\"auto, (max-width: 960px) 100vw, 960px\" \/>\n                      <div class=\"h-image__frame h-hide-lg h-hide-md h-hide-sm style-995-frameImage style-local-971-c12-frameImage\"><\/div>\n                    <\/div>\n                  <\/div>\n                <\/div>\n              <\/div>\n            <\/div>\n          <\/div>\n          <div class=\"h-column h-column-container d-flex h-col-lg-auto h-col-md-auto h-col-auto style-596-outer style-local-971-c9-outer\">\n            <div data-colibri-id=\"971-c9\" class=\"d-flex h-flex-basis h-column__inner h-px-lg-2 h-px-md-2 h-px-2 v-inner-lg-2 v-inner-md-2 v-inner-2 style-596 style-local-971-c9 position-relative\">\n              <!---->\n              <!---->\n              <div class=\"w-100 h-y-container h-column__content h-column__v-align flex-basis-100 align-self-lg-start align-self-md-start align-self-start\">\n                <!---->\n                <div data-colibri-id=\"971-c10\" class=\"d-block style-921 style-local-971-c10 position-relative h-element\">\n                  <!---->\n                  <div class=\"h-image__frame-container-outer\">\n                    <div class=\"h-image__frame-container\">\n                      <!---->\n                      <!---->\n                      <img loading=\"lazy\" decoding=\"async\" width=\"1707\" height=\"2560\" src=\"https:\/\/www.fbs-music.com\/wp-content\/uploads\/2023\/05\/DSCF2790-scaled.jpg\" class=\"wp-image-1975 style-921-image style-local-971-c10-image\" alt=\"\" srcset=\"https:\/\/www.fbs-music.com\/wp-content\/uploads\/2023\/05\/DSCF2790-scaled.jpg 1707w, https:\/\/www.fbs-music.com\/wp-content\/uploads\/2023\/05\/DSCF2790-scaled-600x900.jpg 600w, https:\/\/www.fbs-music.com\/wp-content\/uploads\/2023\/05\/DSCF2790-200x300.jpg 200w, https:\/\/www.fbs-music.com\/wp-content\/uploads\/2023\/05\/DSCF2790-683x1024.jpg 683w, https:\/\/www.fbs-music.com\/wp-content\/uploads\/2023\/05\/DSCF2790-768x1152.jpg 768w, https:\/\/www.fbs-music.com\/wp-content\/uploads\/2023\/05\/DSCF2790-1024x1536.jpg 1024w, https:\/\/www.fbs-music.com\/wp-content\/uploads\/2023\/05\/DSCF2790-1365x2048.jpg 1365w\" sizes=\"auto, (max-width: 1707px) 100vw, 1707px\" \/>\n                      <div class=\"h-image__frame h-hide-lg h-hide-md h-hide-sm style-921-frameImage style-local-971-c10-frameImage\"><\/div>\n                    <\/div>\n                  <\/div>\n                <\/div>\n                <div data-colibri-component=\"masonry\" data-colibri-id=\"971-c11\" class=\"h-photo-gallery margin-none caption-none style-920 style-local-971-c11 position-relative h-element\">\n                  <!---->\n                  <div class=\"h-global-transition-all\"><div id='colibri-971-c11' class='gallery-wrapper'>    <style type=\"text\/css\">\n\n        @media (min-width: 1023px) {        #colibri-971-c11        dl {\n            float: left;\n            width: 25% !important;\n            max-width: 25% !important;\n            min-width: 25% !important;\n        }\n\n        #colibri-971-c11        dl:nth-of-type(4n +1 ) {\n            clear: both;\n        }\n\n        }@media (min-width: 768px) and (max-width: 1023px) {        #colibri-971-c11        dl {\n            float: left;\n            width: 25% !important;\n            max-width: 25% !important;\n            min-width: 25% !important;\n        }\n\n        #colibri-971-c11        dl:nth-of-type(4n +1 ) {\n            clear: both;\n        }\n\n        }@media (max-width: 767px) {        #colibri-971-c11        dl {\n            float: left;\n            width: 25% !important;\n            max-width: 25% !important;\n            min-width: 25% !important;\n        }\n\n        #colibri-971-c11        dl:nth-of-type(4n +1 ) {\n            clear: both;\n        }\n\n        }\n        #colibri-971-c11        .gallery-item {\n            position: relative;\n        }\n\n        \n    <\/style>\n    <div   class='colibri-971-c11-dls-wrapper gallery-items-wrapper' ><dl class='gallery-item masonry-item'>\n\t\t\t<dt class='gallery-icon portrait'>\n\t\t\t\t<img loading=\"lazy\" decoding=\"async\"  width=\"200\" height=\"300\" src=\"https:\/\/www.fbs-music.com\/wp-content\/uploads\/2023\/05\/DSCF2790-200x300.jpg\"  class='colibri-971-c11-image' alt=\"\" srcset=\"https:\/\/www.fbs-music.com\/wp-content\/uploads\/2023\/05\/DSCF2790-200x300.jpg 200w, https:\/\/www.fbs-music.com\/wp-content\/uploads\/2023\/05\/DSCF2790-scaled-600x900.jpg 600w, https:\/\/www.fbs-music.com\/wp-content\/uploads\/2023\/05\/DSCF2790-683x1024.jpg 683w, https:\/\/www.fbs-music.com\/wp-content\/uploads\/2023\/05\/DSCF2790-768x1152.jpg 768w, https:\/\/www.fbs-music.com\/wp-content\/uploads\/2023\/05\/DSCF2790-1024x1536.jpg 1024w, https:\/\/www.fbs-music.com\/wp-content\/uploads\/2023\/05\/DSCF2790-1365x2048.jpg 1365w, https:\/\/www.fbs-music.com\/wp-content\/uploads\/2023\/05\/DSCF2790-scaled.jpg 1707w\" sizes=\"auto, (max-width: 200px) 100vw, 200px\" \/>\n\t\t\t<\/dt><\/dl><dl class='gallery-item masonry-item'>\n\t\t\t<dt class='gallery-icon portrait'>\n\t\t\t\t<img loading=\"lazy\" decoding=\"async\"  width=\"200\" height=\"300\" src=\"https:\/\/www.fbs-music.com\/wp-content\/uploads\/2023\/05\/DSCF2791-200x300.jpg\"  class='colibri-971-c11-image' alt=\"\" srcset=\"https:\/\/www.fbs-music.com\/wp-content\/uploads\/2023\/05\/DSCF2791-200x300.jpg 200w, https:\/\/www.fbs-music.com\/wp-content\/uploads\/2023\/05\/DSCF2791-scaled-600x900.jpg 600w, https:\/\/www.fbs-music.com\/wp-content\/uploads\/2023\/05\/DSCF2791-683x1024.jpg 683w, https:\/\/www.fbs-music.com\/wp-content\/uploads\/2023\/05\/DSCF2791-scaled.jpg 1707w\" sizes=\"auto, (max-width: 200px) 100vw, 200px\" \/>\n\t\t\t<\/dt><\/dl><dl class='gallery-item masonry-item'>\n\t\t\t<dt class='gallery-icon portrait'>\n\t\t\t\t<img loading=\"lazy\" decoding=\"async\"  width=\"200\" height=\"300\" src=\"https:\/\/www.fbs-music.com\/wp-content\/uploads\/2023\/05\/DSCF2793-200x300.jpg\"  class='colibri-971-c11-image' alt=\"\" srcset=\"https:\/\/www.fbs-music.com\/wp-content\/uploads\/2023\/05\/DSCF2793-200x300.jpg 200w, https:\/\/www.fbs-music.com\/wp-content\/uploads\/2023\/05\/DSCF2793-scaled-600x900.jpg 600w, https:\/\/www.fbs-music.com\/wp-content\/uploads\/2023\/05\/DSCF2793-683x1024.jpg 683w, https:\/\/www.fbs-music.com\/wp-content\/uploads\/2023\/05\/DSCF2793-768x1152.jpg 768w, https:\/\/www.fbs-music.com\/wp-content\/uploads\/2023\/05\/DSCF2793-1024x1536.jpg 1024w, https:\/\/www.fbs-music.com\/wp-content\/uploads\/2023\/05\/DSCF2793-1365x2048.jpg 1365w, https:\/\/www.fbs-music.com\/wp-content\/uploads\/2023\/05\/DSCF2793-scaled.jpg 1707w\" sizes=\"auto, (max-width: 200px) 100vw, 200px\" \/>\n\t\t\t<\/dt><\/dl><dl class='gallery-item masonry-item'>\n\t\t\t<dt class='gallery-icon portrait'>\n\t\t\t\t<img loading=\"lazy\" decoding=\"async\"  width=\"225\" height=\"300\" src=\"https:\/\/www.fbs-music.com\/wp-content\/uploads\/2023\/09\/358568138_10229683407365247_4530166792673341840_n-225x300.jpg\"  class='colibri-971-c11-image' alt=\"\" srcset=\"https:\/\/www.fbs-music.com\/wp-content\/uploads\/2023\/09\/358568138_10229683407365247_4530166792673341840_n-225x300.jpg 225w, https:\/\/www.fbs-music.com\/wp-content\/uploads\/2023\/09\/358568138_10229683407365247_4530166792673341840_n-600x800.jpg 600w, https:\/\/www.fbs-music.com\/wp-content\/uploads\/2023\/09\/358568138_10229683407365247_4530166792673341840_n-768x1024.jpg 768w, https:\/\/www.fbs-music.com\/wp-content\/uploads\/2023\/09\/358568138_10229683407365247_4530166792673341840_n.jpg 843w\" sizes=\"auto, (max-width: 225px) 100vw, 225px\" \/>\n\t\t\t<\/dt><\/dl><dl class='gallery-item masonry-item'>\n\t\t\t<dt class='gallery-icon landscape'>\n\t\t\t\t<img loading=\"lazy\" decoding=\"async\"  width=\"300\" height=\"300\" src=\"https:\/\/www.fbs-music.com\/wp-content\/uploads\/2023\/09\/358609523_10229645590659853_3072961926047319182_n-300x300.jpg\"  class='colibri-971-c11-image' alt=\"\" srcset=\"https:\/\/www.fbs-music.com\/wp-content\/uploads\/2023\/09\/358609523_10229645590659853_3072961926047319182_n-300x300.jpg 300w, https:\/\/www.fbs-music.com\/wp-content\/uploads\/2023\/09\/358609523_10229645590659853_3072961926047319182_n-100x100.jpg 100w, https:\/\/www.fbs-music.com\/wp-content\/uploads\/2023\/09\/358609523_10229645590659853_3072961926047319182_n-600x600.jpg 600w, https:\/\/www.fbs-music.com\/wp-content\/uploads\/2023\/09\/358609523_10229645590659853_3072961926047319182_n-1024x1024.jpg 1024w, https:\/\/www.fbs-music.com\/wp-content\/uploads\/2023\/09\/358609523_10229645590659853_3072961926047319182_n-150x150.jpg 150w, https:\/\/www.fbs-music.com\/wp-content\/uploads\/2023\/09\/358609523_10229645590659853_3072961926047319182_n-768x768.jpg 768w, https:\/\/www.fbs-music.com\/wp-content\/uploads\/2023\/09\/358609523_10229645590659853_3072961926047319182_n.jpg 1440w\" sizes=\"auto, (max-width: 300px) 100vw, 300px\" \/>\n\t\t\t<\/dt><\/dl><dl class='gallery-item masonry-item'>\n\t\t\t<dt class='gallery-icon landscape'>\n\t\t\t\t<img loading=\"lazy\" decoding=\"async\"  width=\"300\" height=\"300\" src=\"https:\/\/www.fbs-music.com\/wp-content\/uploads\/2023\/09\/358656052_10229645585859733_8249732219663534394_n-300x300.jpg\"  class='colibri-971-c11-image' alt=\"\" srcset=\"https:\/\/www.fbs-music.com\/wp-content\/uploads\/2023\/09\/358656052_10229645585859733_8249732219663534394_n-300x300.jpg 300w, https:\/\/www.fbs-music.com\/wp-content\/uploads\/2023\/09\/358656052_10229645585859733_8249732219663534394_n-100x100.jpg 100w, https:\/\/www.fbs-music.com\/wp-content\/uploads\/2023\/09\/358656052_10229645585859733_8249732219663534394_n-600x600.jpg 600w, https:\/\/www.fbs-music.com\/wp-content\/uploads\/2023\/09\/358656052_10229645585859733_8249732219663534394_n-1024x1024.jpg 1024w, https:\/\/www.fbs-music.com\/wp-content\/uploads\/2023\/09\/358656052_10229645585859733_8249732219663534394_n-150x150.jpg 150w, https:\/\/www.fbs-music.com\/wp-content\/uploads\/2023\/09\/358656052_10229645585859733_8249732219663534394_n-768x768.jpg 768w, https:\/\/www.fbs-music.com\/wp-content\/uploads\/2023\/09\/358656052_10229645585859733_8249732219663534394_n.jpg 1440w\" sizes=\"auto, (max-width: 300px) 100vw, 300px\" \/>\n\t\t\t<\/dt><\/dl><dl class='gallery-item masonry-item'>\n\t\t\t<dt class='gallery-icon landscape'>\n\t\t\t\t<img loading=\"lazy\" decoding=\"async\"  width=\"300\" height=\"300\" src=\"https:\/\/www.fbs-music.com\/wp-content\/uploads\/2023\/09\/358466643_10229645587099764_1877943126242344960_n-300x300.jpg\"  class='colibri-971-c11-image' alt=\"\" srcset=\"https:\/\/www.fbs-music.com\/wp-content\/uploads\/2023\/09\/358466643_10229645587099764_1877943126242344960_n-300x300.jpg 300w, https:\/\/www.fbs-music.com\/wp-content\/uploads\/2023\/09\/358466643_10229645587099764_1877943126242344960_n-100x100.jpg 100w, https:\/\/www.fbs-music.com\/wp-content\/uploads\/2023\/09\/358466643_10229645587099764_1877943126242344960_n-600x600.jpg 600w, https:\/\/www.fbs-music.com\/wp-content\/uploads\/2023\/09\/358466643_10229645587099764_1877943126242344960_n-1024x1024.jpg 1024w, https:\/\/www.fbs-music.com\/wp-content\/uploads\/2023\/09\/358466643_10229645587099764_1877943126242344960_n-150x150.jpg 150w, https:\/\/www.fbs-music.com\/wp-content\/uploads\/2023\/09\/358466643_10229645587099764_1877943126242344960_n-768x768.jpg 768w, https:\/\/www.fbs-music.com\/wp-content\/uploads\/2023\/09\/358466643_10229645587099764_1877943126242344960_n.jpg 1440w\" sizes=\"auto, (max-width: 300px) 100vw, 300px\" \/>\n\t\t\t<\/dt><\/dl><dl class='gallery-item masonry-item'>\n\t\t\t<dt class='gallery-icon portrait'>\n\t\t\t\t<img loading=\"lazy\" decoding=\"async\"  width=\"200\" height=\"300\" src=\"https:\/\/www.fbs-music.com\/wp-content\/uploads\/2022\/02\/DSCF2290-200x300.jpg\"  class='colibri-971-c11-image' alt=\"\" srcset=\"https:\/\/www.fbs-music.com\/wp-content\/uploads\/2022\/02\/DSCF2290-200x300.jpg 200w, https:\/\/www.fbs-music.com\/wp-content\/uploads\/2022\/02\/DSCF2290-scaled-600x900.jpg 600w, https:\/\/www.fbs-music.com\/wp-content\/uploads\/2022\/02\/DSCF2290-683x1024.jpg 683w, https:\/\/www.fbs-music.com\/wp-content\/uploads\/2022\/02\/DSCF2290-768x1152.jpg 768w, https:\/\/www.fbs-music.com\/wp-content\/uploads\/2022\/02\/DSCF2290-1024x1536.jpg 1024w, https:\/\/www.fbs-music.com\/wp-content\/uploads\/2022\/02\/DSCF2290-1365x2048.jpg 1365w, https:\/\/www.fbs-music.com\/wp-content\/uploads\/2022\/02\/DSCF2290-scaled.jpg 1707w\" sizes=\"auto, (max-width: 200px) 100vw, 200px\" \/>\n\t\t\t<\/dt><\/dl><dl class='gallery-item masonry-item'>\n\t\t\t<dt class='gallery-icon portrait'>\n\t\t\t\t<img loading=\"lazy\" decoding=\"async\"  width=\"245\" height=\"300\" src=\"https:\/\/www.fbs-music.com\/wp-content\/uploads\/2022\/02\/cropped-DSCF2288-scaled-1-245x300.jpg\"  class='colibri-971-c11-image' alt=\"\" srcset=\"https:\/\/www.fbs-music.com\/wp-content\/uploads\/2022\/02\/cropped-DSCF2288-scaled-1-245x300.jpg 245w, https:\/\/www.fbs-music.com\/wp-content\/uploads\/2022\/02\/cropped-DSCF2288-scaled-1-600x734.jpg 600w, https:\/\/www.fbs-music.com\/wp-content\/uploads\/2022\/02\/cropped-DSCF2288-scaled-1-837x1024.jpg 837w, https:\/\/www.fbs-music.com\/wp-content\/uploads\/2022\/02\/cropped-DSCF2288-scaled-1-768x939.jpg 768w, https:\/\/www.fbs-music.com\/wp-content\/uploads\/2022\/02\/cropped-DSCF2288-scaled-1-1256x1536.jpg 1256w, https:\/\/www.fbs-music.com\/wp-content\/uploads\/2022\/02\/cropped-DSCF2288-scaled-1-1675x2048.jpg 1675w, https:\/\/www.fbs-music.com\/wp-content\/uploads\/2022\/02\/cropped-DSCF2288-scaled-1.jpg 1705w\" sizes=\"auto, (max-width: 245px) 100vw, 245px\" \/>\n\t\t\t<\/dt><\/dl>\n\t\t\t\n\t\t<\/div>\n<style>#colibri-971-c11 .wp-caption-text.gallery-caption{display:none;}<\/style><\/div><\/div>\n                <\/div>\n              <\/div>\n            <\/div>\n          <\/div>\n        <\/div>\n      <\/div>\n    <\/div>\n  <\/div>\n<\/div>","protected":false},"excerpt":{"rendered":"<p>Tarifs: 4 cordes: manche viss\u00e9 \u00e0 partir de 1500\u20ac \/manche coll\u00e9 \u00e0 partir de 1650\u20ac 5 cordes: manche viss\u00e9 \u00e0 partir 1650 \u20ac\/manche coll\u00e9 \u00e0 partir de 1800 \u20ac La type MB est une basse pr\u00e9sentant des caract\u00e9ristiques modernes et un design \u00e9pur\u00e9 avec comme objectif de fournir un instrument \u00e0 l&rsquo;oppos\u00e9 de certaines basses [&hellip;]<\/p>\n","protected":false},"author":1,"featured_media":0,"parent":0,"menu_order":0,"comment_status":"closed","ping_status":"closed","template":"page-templates\/full-width-page.php","meta":{"footnotes":""},"class_list":["post-971","page","type-page","status-publish","hentry"],"jetpack_sharing_enabled":true,"_links":{"self":[{"href":"https:\/\/www.fbs-music.com\/index.php?rest_route=\/wp\/v2\/pages\/971","targetHints":{"allow":["GET"]}}],"collection":[{"href":"https:\/\/www.fbs-music.com\/index.php?rest_route=\/wp\/v2\/pages"}],"about":[{"href":"https:\/\/www.fbs-music.com\/index.php?rest_route=\/wp\/v2\/types\/page"}],"author":[{"embeddable":true,"href":"https:\/\/www.fbs-music.com\/index.php?rest_route=\/wp\/v2\/users\/1"}],"replies":[{"embeddable":true,"href":"https:\/\/www.fbs-music.com\/index.php?rest_route=%2Fwp%2Fv2%2Fcomments&post=971"}],"version-history":[{"count":5,"href":"https:\/\/www.fbs-music.com\/index.php?rest_route=\/wp\/v2\/pages\/971\/revisions"}],"predecessor-version":[{"id":2303,"href":"https:\/\/www.fbs-music.com\/index.php?rest_route=\/wp\/v2\/pages\/971\/revisions\/2303"}],"wp:attachment":[{"href":"https:\/\/www.fbs-music.com\/index.php?rest_route=%2Fwp%2Fv2%2Fmedia&parent=971"}],"curies":[{"name":"wp","href":"https:\/\/api.w.org\/{rel}","templated":true}]}}