{"id":2497,"date":"2023-09-16T19:21:00","date_gmt":"2023-09-16T17:21:00","guid":{"rendered":"https:\/\/www.fbs-music.com\/?post_type=product&#038;p=2497"},"modified":"2025-08-17T16:29:06","modified_gmt":"2025-08-17T14:29:06","slug":"blues-hot","status":"publish","type":"product","link":"https:\/\/www.fbs-music.com\/?product=blues-hot","title":{"rendered":"Blues hot"},"content":{"rendered":"<p>Un mod\u00e8le vintage, l\u00e9g\u00e8rement surbobin\u00e9 pour des sonorit\u00e9s \u00e0 la SRV (puissance et chaleur).<\/p>\n<p>Sonorit\u00e9 chaleureuse avec de beaux mediums et un niveau de sortie confortable, il excelle en blues\/rock.<\/p>\n<ul>\n<li>Alnico 5<\/li>\n<li>42 awg plain enamel<\/li>\n<li>6,2k\/6,4k\/6,7k<\/li>\n<\/ul>\n","protected":false},"excerpt":{"rendered":"<p>Un mod\u00e8le vintage, l\u00e9g\u00e8rement surbobin\u00e9 pour des sonorit\u00e9s \u00e0 la SRV (puissance et chaleur). Sonorit\u00e9 chaleureuse avec de beaux mediums et un niveau de sortie confortable, il excelle en blues\/rock. Alnico 5 42 awg plain enamel 6,2k\/6,4k\/6,7k<\/p>\n","protected":false},"featured_media":2518,"comment_status":"open","ping_status":"closed","template":"","meta":[],"product_brand":[],"product_cat":[23],"product_tag":[],"class_list":{"0":"post-2497","1":"product","2":"type-product","3":"status-publish","4":"has-post-thumbnail","6":"product_cat-strat_pickup","8":"first","9":"instock","10":"purchasable","11":"product-type-variable"},"jetpack_sharing_enabled":true,"_links":{"self":[{"href":"https:\/\/www.fbs-music.com\/index.php?rest_route=\/wp\/v2\/product\/2497","targetHints":{"allow":["GET"]}}],"collection":[{"href":"https:\/\/www.fbs-music.com\/index.php?rest_route=\/wp\/v2\/product"}],"about":[{"href":"https:\/\/www.fbs-music.com\/index.php?rest_route=\/wp\/v2\/types\/product"}],"replies":[{"embeddable":true,"href":"https:\/\/www.fbs-music.com\/index.php?rest_route=%2Fwp%2Fv2%2Fcomments&post=2497"}],"wp:featuredmedia":[{"embeddable":true,"href":"https:\/\/www.fbs-music.com\/index.php?rest_route=\/wp\/v2\/media\/2518"}],"wp:attachment":[{"href":"https:\/\/www.fbs-music.com\/index.php?rest_route=%2Fwp%2Fv2%2Fmedia&parent=2497"}],"wp:term":[{"taxonomy":"product_brand","embeddable":true,"href":"https:\/\/www.fbs-music.com\/index.php?rest_route=%2Fwp%2Fv2%2Fproduct_brand&post=2497"},{"taxonomy":"product_cat","embeddable":true,"href":"https:\/\/www.fbs-music.com\/index.php?rest_route=%2Fwp%2Fv2%2Fproduct_cat&post=2497"},{"taxonomy":"product_tag","embeddable":true,"href":"https:\/\/www.fbs-music.com\/index.php?rest_route=%2Fwp%2Fv2%2Fproduct_tag&post=2497"}],"curies":[{"name":"wp","href":"https:\/\/api.w.org\/{rel}","templated":true}]}}