{"id":2564,"date":"2023-09-16T20:45:57","date_gmt":"2023-09-16T18:45:57","guid":{"rendered":"https:\/\/www.fbs-music.com\/?post_type=product&#038;p=2564"},"modified":"2025-01-04T14:23:04","modified_gmt":"2025-01-04T13:23:04","slug":"s90-p90-format-strat","status":"publish","type":"product","link":"https:\/\/www.fbs-music.com\/?product=s90-p90-format-strat","title":{"rendered":"S90 (P90 format strat)"},"content":{"rendered":"<p>Un micros typ\u00e9 P90 alnico, au format stratocaster. Adaptable sans modification de la guitare.<\/p>\n<p>Sonorit\u00e9 plus chaude, avec des aigus doux et de l&rsquo;\u00e9paisseur dans les mediums.<\/p>\n<p>&#8211; Bobinage 44awg<\/p>\n<p>&#8211; Aimants alnico 5 (double barettes)<\/p>\n<p>&#8211; p\u00f4les r\u00e9glables<\/p>\n","protected":false},"excerpt":{"rendered":"<p>Un micros typ\u00e9 P90 alnico, au format stratocaster. Adaptable sans modification de la guitare. Sonorit\u00e9 plus chaude, avec des aigus doux et de l&rsquo;\u00e9paisseur dans les mediums. &#8211; Bobinage 44awg &#8211; Aimants alnico 5 (double barettes) &#8211; p\u00f4les r\u00e9glables<\/p>\n","protected":false},"featured_media":1509,"comment_status":"open","ping_status":"closed","template":"","meta":[],"product_brand":[],"product_cat":[23],"product_tag":[],"class_list":{"0":"post-2564","1":"product","2":"type-product","3":"status-publish","4":"has-post-thumbnail","6":"product_cat-strat_pickup","8":"first","9":"instock","10":"purchasable","11":"product-type-variable"},"jetpack_sharing_enabled":true,"_links":{"self":[{"href":"https:\/\/www.fbs-music.com\/index.php?rest_route=\/wp\/v2\/product\/2564","targetHints":{"allow":["GET"]}}],"collection":[{"href":"https:\/\/www.fbs-music.com\/index.php?rest_route=\/wp\/v2\/product"}],"about":[{"href":"https:\/\/www.fbs-music.com\/index.php?rest_route=\/wp\/v2\/types\/product"}],"replies":[{"embeddable":true,"href":"https:\/\/www.fbs-music.com\/index.php?rest_route=%2Fwp%2Fv2%2Fcomments&post=2564"}],"wp:featuredmedia":[{"embeddable":true,"href":"https:\/\/www.fbs-music.com\/index.php?rest_route=\/wp\/v2\/media\/1509"}],"wp:attachment":[{"href":"https:\/\/www.fbs-music.com\/index.php?rest_route=%2Fwp%2Fv2%2Fmedia&parent=2564"}],"wp:term":[{"taxonomy":"product_brand","embeddable":true,"href":"https:\/\/www.fbs-music.com\/index.php?rest_route=%2Fwp%2Fv2%2Fproduct_brand&post=2564"},{"taxonomy":"product_cat","embeddable":true,"href":"https:\/\/www.fbs-music.com\/index.php?rest_route=%2Fwp%2Fv2%2Fproduct_cat&post=2564"},{"taxonomy":"product_tag","embeddable":true,"href":"https:\/\/www.fbs-music.com\/index.php?rest_route=%2Fwp%2Fv2%2Fproduct_tag&post=2564"}],"curies":[{"name":"wp","href":"https:\/\/api.w.org\/{rel}","templated":true}]}}