{"id":2588,"date":"2023-09-16T21:19:51","date_gmt":"2023-09-16T19:19:51","guid":{"rendered":"https:\/\/www.fbs-music.com\/?post_type=product&#038;p=2588"},"modified":"2025-04-10T14:38:26","modified_gmt":"2025-04-10T12:38:26","slug":"low-wind-paf","status":"publish","type":"product","link":"https:\/\/www.fbs-music.com\/?product=low-wind-paf","title":{"rendered":"Low Wind PAF"},"content":{"rendered":"<p>Humbucker alnico 2 typ\u00e9 PAF 59, l\u00e9g\u00e8rement sous bobin\u00e9 pour conserver dynamique et pr\u00e9cision.<\/p>\n<p>Sonorit\u00e9 vintage bien \u00e9quilibr\u00e9e, il est particuli\u00e8rement \u00e0 l&rsquo;aise en clean, jazz, blue et classic rock.<\/p>\n<ul>\n<li>Alnico 2<\/li>\n<li>bobinage 42 awg plain enamel<\/li>\n<li>7,2k\/8k<\/li>\n<li>Paraffin\u00e9s (je peux \u00e9galement les laisser non parafin\u00e9s sur simple demande)<\/li>\n<\/ul>\n","protected":false},"excerpt":{"rendered":"<p>Humbucker alnico 2 typ\u00e9 PAF 59, l\u00e9g\u00e8rement sous bobin\u00e9 pour conserver dynamique et pr\u00e9cision. Sonorit\u00e9 vintage bien \u00e9quilibr\u00e9e, il est particuli\u00e8rement \u00e0 l&rsquo;aise en clean, jazz, blue et classic rock. Alnico 2 bobinage 42 awg plain enamel 7,2k\/8k Paraffin\u00e9s (je peux \u00e9galement les laisser non parafin\u00e9s sur simple demande)<\/p>\n","protected":false},"featured_media":2681,"comment_status":"open","ping_status":"closed","template":"","meta":[],"product_brand":[],"product_cat":[24],"product_tag":[],"class_list":{"0":"post-2588","1":"product","2":"type-product","3":"status-publish","4":"has-post-thumbnail","6":"product_cat-humbuckers","8":"first","9":"instock","10":"purchasable","11":"product-type-variable"},"jetpack_sharing_enabled":true,"_links":{"self":[{"href":"https:\/\/www.fbs-music.com\/index.php?rest_route=\/wp\/v2\/product\/2588","targetHints":{"allow":["GET"]}}],"collection":[{"href":"https:\/\/www.fbs-music.com\/index.php?rest_route=\/wp\/v2\/product"}],"about":[{"href":"https:\/\/www.fbs-music.com\/index.php?rest_route=\/wp\/v2\/types\/product"}],"replies":[{"embeddable":true,"href":"https:\/\/www.fbs-music.com\/index.php?rest_route=%2Fwp%2Fv2%2Fcomments&post=2588"}],"wp:featuredmedia":[{"embeddable":true,"href":"https:\/\/www.fbs-music.com\/index.php?rest_route=\/wp\/v2\/media\/2681"}],"wp:attachment":[{"href":"https:\/\/www.fbs-music.com\/index.php?rest_route=%2Fwp%2Fv2%2Fmedia&parent=2588"}],"wp:term":[{"taxonomy":"product_brand","embeddable":true,"href":"https:\/\/www.fbs-music.com\/index.php?rest_route=%2Fwp%2Fv2%2Fproduct_brand&post=2588"},{"taxonomy":"product_cat","embeddable":true,"href":"https:\/\/www.fbs-music.com\/index.php?rest_route=%2Fwp%2Fv2%2Fproduct_cat&post=2588"},{"taxonomy":"product_tag","embeddable":true,"href":"https:\/\/www.fbs-music.com\/index.php?rest_route=%2Fwp%2Fv2%2Fproduct_tag&post=2588"}],"curies":[{"name":"wp","href":"https:\/\/api.w.org\/{rel}","templated":true}]}}