{"id":2871,"date":"2023-09-16T22:05:13","date_gmt":"2023-09-16T20:05:13","guid":{"rendered":"https:\/\/www.fbs-music.com\/?post_type=product&#038;p=2871"},"modified":"2025-01-04T15:04:20","modified_gmt":"2025-01-04T14:04:20","slug":"stormy-squall","status":"publish","type":"product","link":"https:\/\/www.fbs-music.com\/?product=stormy-squall","title":{"rendered":"Stormy Squall"},"content":{"rendered":"<p>Humbucker d\u00e9di\u00e9 aux styles extr\u00eames! Puissant, pr\u00e9cis, chirurgical&#8230;.<\/p>\n<p>Niveau de sortie \u00e9lev\u00e9 et excellente clart\u00e9 m\u00eame avec un niveau de gain tr\u00e8s \u00e9lev\u00e9. Tr\u00e8s bonne d\u00e9finition dans les basses avec une dynamique \u00e9tendue id\u00e9ale pour le jeu technique et en palm mute. Ce micro se comporte tr\u00e8s bien en split \u00e9galement pour obtenir un son typ\u00e9 singlecoil claquant tr\u00e8s convaincant.<\/p>\n<p>&#8211; aimant c\u00e9ramique custom<\/p>\n<p>&#8211; Bobinage 43awg<\/p>\n<p>&#8211; 11,5k\/12,8k<\/p>\n","protected":false},"excerpt":{"rendered":"<p>Humbucker d\u00e9di\u00e9 aux styles extr\u00eames! Puissant, pr\u00e9cis, chirurgical&#8230;. Niveau de sortie \u00e9lev\u00e9 et excellente clart\u00e9 m\u00eame avec un niveau de gain tr\u00e8s \u00e9lev\u00e9. Tr\u00e8s bonne d\u00e9finition dans les basses avec une dynamique \u00e9tendue id\u00e9ale pour le jeu technique et en palm mute. Ce micro se comporte tr\u00e8s bien en split \u00e9galement pour obtenir un son [&hellip;]<\/p>\n","protected":false},"featured_media":2914,"comment_status":"open","ping_status":"closed","template":"","meta":[],"product_brand":[],"product_cat":[24],"product_tag":[],"class_list":{"0":"post-2871","1":"product","2":"type-product","3":"status-publish","4":"has-post-thumbnail","6":"product_cat-humbuckers","8":"first","9":"instock","10":"purchasable","11":"product-type-variable"},"jetpack_sharing_enabled":true,"_links":{"self":[{"href":"https:\/\/www.fbs-music.com\/index.php?rest_route=\/wp\/v2\/product\/2871","targetHints":{"allow":["GET"]}}],"collection":[{"href":"https:\/\/www.fbs-music.com\/index.php?rest_route=\/wp\/v2\/product"}],"about":[{"href":"https:\/\/www.fbs-music.com\/index.php?rest_route=\/wp\/v2\/types\/product"}],"replies":[{"embeddable":true,"href":"https:\/\/www.fbs-music.com\/index.php?rest_route=%2Fwp%2Fv2%2Fcomments&post=2871"}],"wp:featuredmedia":[{"embeddable":true,"href":"https:\/\/www.fbs-music.com\/index.php?rest_route=\/wp\/v2\/media\/2914"}],"wp:attachment":[{"href":"https:\/\/www.fbs-music.com\/index.php?rest_route=%2Fwp%2Fv2%2Fmedia&parent=2871"}],"wp:term":[{"taxonomy":"product_brand","embeddable":true,"href":"https:\/\/www.fbs-music.com\/index.php?rest_route=%2Fwp%2Fv2%2Fproduct_brand&post=2871"},{"taxonomy":"product_cat","embeddable":true,"href":"https:\/\/www.fbs-music.com\/index.php?rest_route=%2Fwp%2Fv2%2Fproduct_cat&post=2871"},{"taxonomy":"product_tag","embeddable":true,"href":"https:\/\/www.fbs-music.com\/index.php?rest_route=%2Fwp%2Fv2%2Fproduct_tag&post=2871"}],"curies":[{"name":"wp","href":"https:\/\/api.w.org\/{rel}","templated":true}]}}