{"id":2915,"date":"2023-09-16T22:11:41","date_gmt":"2023-09-16T20:11:41","guid":{"rendered":"https:\/\/www.fbs-music.com\/?post_type=product&#038;p=2915"},"modified":"2025-08-25T07:27:41","modified_gmt":"2025-08-25T05:27:41","slug":"ultron","status":"publish","type":"product","link":"https:\/\/www.fbs-music.com\/?product=ultron","title":{"rendered":"UL&rsquo;Tron"},"content":{"rendered":"<p>Une reproduction du c\u00e9l\u00e8bre Filtertron au format humbucker. Un micro avec un bobinage environ 40%\u00a0 inf\u00e9rieur \u00e0 un PAF mais un aimant alnico surdimensionn\u00e9 qui permet d&rsquo;obtenir un son plus dynamique, plus claquant et avec un mordant particulier. A la crois\u00e9 des chemins entre une simple et un double bobinage. Excellente pr\u00e9cision sur tous le spectre et niveau de sortie vintage.<\/p>\n<p>&#8211; Aimant alnico 5 surdimensionn\u00e9<\/p>\n<p>&#8211; bobinage 42awg<\/p>\n<p>&#8211; 4k\/4,8k<\/p>\n<p>&nbsp;<\/p>\n","protected":false},"excerpt":{"rendered":"<p>Une reproduction du c\u00e9l\u00e8bre Filtertron au format humbucker. Un micro avec un bobinage environ 40%\u00a0 inf\u00e9rieur \u00e0 un PAF mais un aimant alnico surdimensionn\u00e9 qui permet d&rsquo;obtenir un son plus dynamique, plus claquant et avec un mordant particulier. A la crois\u00e9 des chemins entre une simple et un double bobinage. Excellente pr\u00e9cision sur tous le [&hellip;]<\/p>\n","protected":false},"featured_media":1546,"comment_status":"open","ping_status":"closed","template":"","meta":[],"product_brand":[],"product_cat":[24],"product_tag":[],"class_list":{"0":"post-2915","1":"product","2":"type-product","3":"status-publish","4":"has-post-thumbnail","6":"product_cat-humbuckers","8":"first","9":"instock","10":"purchasable","11":"product-type-variable"},"jetpack_sharing_enabled":true,"_links":{"self":[{"href":"https:\/\/www.fbs-music.com\/index.php?rest_route=\/wp\/v2\/product\/2915","targetHints":{"allow":["GET"]}}],"collection":[{"href":"https:\/\/www.fbs-music.com\/index.php?rest_route=\/wp\/v2\/product"}],"about":[{"href":"https:\/\/www.fbs-music.com\/index.php?rest_route=\/wp\/v2\/types\/product"}],"replies":[{"embeddable":true,"href":"https:\/\/www.fbs-music.com\/index.php?rest_route=%2Fwp%2Fv2%2Fcomments&post=2915"}],"wp:featuredmedia":[{"embeddable":true,"href":"https:\/\/www.fbs-music.com\/index.php?rest_route=\/wp\/v2\/media\/1546"}],"wp:attachment":[{"href":"https:\/\/www.fbs-music.com\/index.php?rest_route=%2Fwp%2Fv2%2Fmedia&parent=2915"}],"wp:term":[{"taxonomy":"product_brand","embeddable":true,"href":"https:\/\/www.fbs-music.com\/index.php?rest_route=%2Fwp%2Fv2%2Fproduct_brand&post=2915"},{"taxonomy":"product_cat","embeddable":true,"href":"https:\/\/www.fbs-music.com\/index.php?rest_route=%2Fwp%2Fv2%2Fproduct_cat&post=2915"},{"taxonomy":"product_tag","embeddable":true,"href":"https:\/\/www.fbs-music.com\/index.php?rest_route=%2Fwp%2Fv2%2Fproduct_tag&post=2915"}],"curies":[{"name":"wp","href":"https:\/\/api.w.org\/{rel}","templated":true}]}}