{"id":3028,"date":"2023-09-17T09:52:33","date_gmt":"2023-09-17T07:52:33","guid":{"rendered":"https:\/\/www.fbs-music.com\/?post_type=product&#038;p=3028"},"modified":"2025-01-04T15:28:37","modified_gmt":"2025-01-04T14:28:37","slug":"hb90s-alnico-4-p90-format-humbucker","status":"publish","type":"product","link":"https:\/\/www.fbs-music.com\/?product=hb90s-alnico-4-p90-format-humbucker","title":{"rendered":"HB90S alnico 5 (P90 Format Humbucker)"},"content":{"rendered":"<p>Un P90 adapt\u00e9 au format humbucker, bobinage 42awg identique \u00e0 un vrai P90 gr\u00e2ce \u00e0 des bobines r\u00e9alis\u00e9es sp\u00e9cifiquement \u00e0 l&rsquo;atelier.<\/p>\n<p>Alnico 5 pour un niveau de sortie \u00e9lev\u00e9, une bonne attaque et des aigus bien pr\u00e9sents<\/p>\n<p>7,2k\/8,2k<\/p>\n","protected":false},"excerpt":{"rendered":"<p>Un P90 adapt\u00e9 au format humbucker, bobinage 42awg identique \u00e0 un vrai P90 gr\u00e2ce \u00e0 des bobines r\u00e9alis\u00e9es sp\u00e9cifiquement \u00e0 l&rsquo;atelier. Alnico 5 pour un niveau de sortie \u00e9lev\u00e9, une bonne attaque et des aigus bien pr\u00e9sents 7,2k\/8,2k<\/p>\n","protected":false},"featured_media":1921,"comment_status":"open","ping_status":"closed","template":"","meta":[],"product_brand":[],"product_cat":[24],"product_tag":[],"class_list":{"0":"post-3028","1":"product","2":"type-product","3":"status-publish","4":"has-post-thumbnail","6":"product_cat-humbuckers","8":"first","9":"instock","10":"purchasable","11":"product-type-variable"},"jetpack_sharing_enabled":true,"_links":{"self":[{"href":"https:\/\/www.fbs-music.com\/index.php?rest_route=\/wp\/v2\/product\/3028","targetHints":{"allow":["GET"]}}],"collection":[{"href":"https:\/\/www.fbs-music.com\/index.php?rest_route=\/wp\/v2\/product"}],"about":[{"href":"https:\/\/www.fbs-music.com\/index.php?rest_route=\/wp\/v2\/types\/product"}],"replies":[{"embeddable":true,"href":"https:\/\/www.fbs-music.com\/index.php?rest_route=%2Fwp%2Fv2%2Fcomments&post=3028"}],"wp:featuredmedia":[{"embeddable":true,"href":"https:\/\/www.fbs-music.com\/index.php?rest_route=\/wp\/v2\/media\/1921"}],"wp:attachment":[{"href":"https:\/\/www.fbs-music.com\/index.php?rest_route=%2Fwp%2Fv2%2Fmedia&parent=3028"}],"wp:term":[{"taxonomy":"product_brand","embeddable":true,"href":"https:\/\/www.fbs-music.com\/index.php?rest_route=%2Fwp%2Fv2%2Fproduct_brand&post=3028"},{"taxonomy":"product_cat","embeddable":true,"href":"https:\/\/www.fbs-music.com\/index.php?rest_route=%2Fwp%2Fv2%2Fproduct_cat&post=3028"},{"taxonomy":"product_tag","embeddable":true,"href":"https:\/\/www.fbs-music.com\/index.php?rest_route=%2Fwp%2Fv2%2Fproduct_tag&post=3028"}],"curies":[{"name":"wp","href":"https:\/\/api.w.org\/{rel}","templated":true}]}}