{"id":3150,"date":"2023-09-17T15:44:50","date_gmt":"2023-09-17T13:44:50","guid":{"rendered":"https:\/\/www.fbs-music.com\/?post_type=product&#038;p=3150"},"modified":"2023-09-17T15:56:38","modified_gmt":"2023-09-17T13:56:38","slug":"humbucker-90","status":"publish","type":"product","link":"https:\/\/www.fbs-music.com\/?product=humbucker-90","title":{"rendered":"Humbucker 90"},"content":{"rendered":"<p>D\u00e9clinaison d&rsquo;un humbucker au format P90. Plusieurs mod\u00e8les possibles:<\/p>\n<ul>\n<li>Low Wind: PAF alnico 2 dynamique et chaleureux (jazz, blues, rock)<\/li>\n<li>Burning Breeze: PAF alnico 5, polyvalent et rock (blues, rock)<\/li>\n<li>Firestone: un humbucker alnico 5 puissant et agressif (rock, hard&#8230;.)<\/li>\n<li>Stormy Squall: un humbucker c\u00e9ramique d\u00e9di\u00e9 aux sons extr\u00eames<\/li>\n<\/ul>\n<p>Capot m\u00e9tallique ouvert sur demande (me contacter)<\/p>\n","protected":false},"excerpt":{"rendered":"<p>D\u00e9clinaison d&rsquo;un humbucker au format P90. Plusieurs mod\u00e8les possibles: Low Wind: PAF alnico 2 dynamique et chaleureux (jazz, blues, rock) Burning Breeze: PAF alnico 5, polyvalent et rock (blues, rock) Firestone: un humbucker alnico 5 puissant et agressif (rock, hard&#8230;.) Stormy Squall: un humbucker c\u00e9ramique d\u00e9di\u00e9 aux sons extr\u00eames Capot m\u00e9tallique ouvert sur demande (me [&hellip;]<\/p>\n","protected":false},"featured_media":1994,"comment_status":"open","ping_status":"closed","template":"","meta":[],"product_brand":[],"product_cat":[26],"product_tag":[],"class_list":{"0":"post-3150","1":"product","2":"type-product","3":"status-publish","4":"has-post-thumbnail","6":"product_cat-p90_pickup","8":"first","9":"instock","10":"purchasable","11":"product-type-variable"},"jetpack_sharing_enabled":true,"_links":{"self":[{"href":"https:\/\/www.fbs-music.com\/index.php?rest_route=\/wp\/v2\/product\/3150","targetHints":{"allow":["GET"]}}],"collection":[{"href":"https:\/\/www.fbs-music.com\/index.php?rest_route=\/wp\/v2\/product"}],"about":[{"href":"https:\/\/www.fbs-music.com\/index.php?rest_route=\/wp\/v2\/types\/product"}],"replies":[{"embeddable":true,"href":"https:\/\/www.fbs-music.com\/index.php?rest_route=%2Fwp%2Fv2%2Fcomments&post=3150"}],"wp:featuredmedia":[{"embeddable":true,"href":"https:\/\/www.fbs-music.com\/index.php?rest_route=\/wp\/v2\/media\/1994"}],"wp:attachment":[{"href":"https:\/\/www.fbs-music.com\/index.php?rest_route=%2Fwp%2Fv2%2Fmedia&parent=3150"}],"wp:term":[{"taxonomy":"product_brand","embeddable":true,"href":"https:\/\/www.fbs-music.com\/index.php?rest_route=%2Fwp%2Fv2%2Fproduct_brand&post=3150"},{"taxonomy":"product_cat","embeddable":true,"href":"https:\/\/www.fbs-music.com\/index.php?rest_route=%2Fwp%2Fv2%2Fproduct_cat&post=3150"},{"taxonomy":"product_tag","embeddable":true,"href":"https:\/\/www.fbs-music.com\/index.php?rest_route=%2Fwp%2Fv2%2Fproduct_tag&post=3150"}],"curies":[{"name":"wp","href":"https:\/\/api.w.org\/{rel}","templated":true}]}}