{"id":3315,"date":"2023-09-17T16:59:18","date_gmt":"2023-09-17T14:59:18","guid":{"rendered":"https:\/\/www.fbs-music.com\/?post_type=product&#038;p=3315"},"modified":"2025-01-07T23:18:22","modified_gmt":"2025-01-07T22:18:22","slug":"jazzmaster-58","status":"publish","type":"product","link":"https:\/\/www.fbs-music.com\/?product=jazzmaster-58","title":{"rendered":"Jazzmaster 58"},"content":{"rendered":"<p>Micro pour Jazzmaster reprenant les caract\u00e9ristiques des micros p\u00e9riode pr\u00e9-CBS: bobinage heavy formvar, sonorit\u00e9 \u00e9quilibr\u00e9e, ouverte et pr\u00e9cise<\/p>\n<p>&#8211; alnico 5<\/p>\n<p>-bobinage 42awg heavy formvar<\/p>\n<p>-7,2k\/7,8k<\/p>\n","protected":false},"excerpt":{"rendered":"<p>Micro pour Jazzmaster reprenant les caract\u00e9ristiques des micros p\u00e9riode pr\u00e9-CBS: bobinage heavy formvar, sonorit\u00e9 \u00e9quilibr\u00e9e, ouverte et pr\u00e9cise &#8211; alnico 5 -bobinage 42awg heavy formvar -7,2k\/7,8k<\/p>\n","protected":false},"featured_media":3328,"comment_status":"open","ping_status":"closed","template":"","meta":[],"product_brand":[],"product_cat":[27],"product_tag":[],"class_list":{"0":"post-3315","1":"product","2":"type-product","3":"status-publish","4":"has-post-thumbnail","6":"product_cat-micros-jazzmaster-jaguar","8":"first","9":"instock","10":"purchasable","11":"product-type-variable"},"jetpack_sharing_enabled":true,"_links":{"self":[{"href":"https:\/\/www.fbs-music.com\/index.php?rest_route=\/wp\/v2\/product\/3315","targetHints":{"allow":["GET"]}}],"collection":[{"href":"https:\/\/www.fbs-music.com\/index.php?rest_route=\/wp\/v2\/product"}],"about":[{"href":"https:\/\/www.fbs-music.com\/index.php?rest_route=\/wp\/v2\/types\/product"}],"replies":[{"embeddable":true,"href":"https:\/\/www.fbs-music.com\/index.php?rest_route=%2Fwp%2Fv2%2Fcomments&post=3315"}],"wp:featuredmedia":[{"embeddable":true,"href":"https:\/\/www.fbs-music.com\/index.php?rest_route=\/wp\/v2\/media\/3328"}],"wp:attachment":[{"href":"https:\/\/www.fbs-music.com\/index.php?rest_route=%2Fwp%2Fv2%2Fmedia&parent=3315"}],"wp:term":[{"taxonomy":"product_brand","embeddable":true,"href":"https:\/\/www.fbs-music.com\/index.php?rest_route=%2Fwp%2Fv2%2Fproduct_brand&post=3315"},{"taxonomy":"product_cat","embeddable":true,"href":"https:\/\/www.fbs-music.com\/index.php?rest_route=%2Fwp%2Fv2%2Fproduct_cat&post=3315"},{"taxonomy":"product_tag","embeddable":true,"href":"https:\/\/www.fbs-music.com\/index.php?rest_route=%2Fwp%2Fv2%2Fproduct_tag&post=3315"}],"curies":[{"name":"wp","href":"https:\/\/api.w.org\/{rel}","templated":true}]}}