{"id":3356,"date":"2023-09-17T20:46:33","date_gmt":"2023-09-17T18:46:33","guid":{"rendered":"https:\/\/www.fbs-music.com\/?post_type=product&#038;p=3356"},"modified":"2025-07-25T07:39:40","modified_gmt":"2025-07-25T05:39:40","slug":"tele-nighthawk","status":"publish","type":"product","link":"https:\/\/www.fbs-music.com\/?product=tele-nighthawk","title":{"rendered":"Tele Nighthawk"},"content":{"rendered":"<p>Micro telecaster typ\u00e9 50&rsquo;s, bobin\u00e9 en 43awg bridge et neck. Tr\u00e8s \u00e9quilibr\u00e9 pour retrouver le son caract\u00e9ristique de la tele sans agressivit\u00e9 excessive dans les aigus et avec un niveau de sortie confortable.<\/p>\n","protected":false},"excerpt":{"rendered":"<p>Micro telecaster typ\u00e9 50&rsquo;s, bobin\u00e9 en 43awg bridge et neck. Tr\u00e8s \u00e9quilibr\u00e9 pour retrouver le son caract\u00e9ristique de la tele sans agressivit\u00e9 excessive dans les aigus et avec un niveau de sortie confortable.<\/p>\n","protected":false},"featured_media":3385,"comment_status":"open","ping_status":"closed","template":"","meta":[],"product_brand":[],"product_cat":[25],"product_tag":[],"class_list":{"0":"post-3356","1":"product","2":"type-product","3":"status-publish","4":"has-post-thumbnail","6":"product_cat-tele_pickup","8":"first","9":"instock","10":"purchasable","11":"product-type-variable"},"jetpack_sharing_enabled":true,"_links":{"self":[{"href":"https:\/\/www.fbs-music.com\/index.php?rest_route=\/wp\/v2\/product\/3356","targetHints":{"allow":["GET"]}}],"collection":[{"href":"https:\/\/www.fbs-music.com\/index.php?rest_route=\/wp\/v2\/product"}],"about":[{"href":"https:\/\/www.fbs-music.com\/index.php?rest_route=\/wp\/v2\/types\/product"}],"replies":[{"embeddable":true,"href":"https:\/\/www.fbs-music.com\/index.php?rest_route=%2Fwp%2Fv2%2Fcomments&post=3356"}],"wp:featuredmedia":[{"embeddable":true,"href":"https:\/\/www.fbs-music.com\/index.php?rest_route=\/wp\/v2\/media\/3385"}],"wp:attachment":[{"href":"https:\/\/www.fbs-music.com\/index.php?rest_route=%2Fwp%2Fv2%2Fmedia&parent=3356"}],"wp:term":[{"taxonomy":"product_brand","embeddable":true,"href":"https:\/\/www.fbs-music.com\/index.php?rest_route=%2Fwp%2Fv2%2Fproduct_brand&post=3356"},{"taxonomy":"product_cat","embeddable":true,"href":"https:\/\/www.fbs-music.com\/index.php?rest_route=%2Fwp%2Fv2%2Fproduct_cat&post=3356"},{"taxonomy":"product_tag","embeddable":true,"href":"https:\/\/www.fbs-music.com\/index.php?rest_route=%2Fwp%2Fv2%2Fproduct_tag&post=3356"}],"curies":[{"name":"wp","href":"https:\/\/api.w.org\/{rel}","templated":true}]}}