{"id":3387,"date":"2023-09-17T21:01:22","date_gmt":"2023-09-17T19:01:22","guid":{"rendered":"https:\/\/www.fbs-music.com\/?post_type=product&#038;p=3387"},"modified":"2023-09-17T21:06:59","modified_gmt":"2023-09-17T19:06:59","slug":"tele-bluebird","status":"publish","type":"product","link":"https:\/\/www.fbs-music.com\/?product=tele-bluebird","title":{"rendered":"Tele Bluebird"},"content":{"rendered":"<p>Micro telecaster typ\u00e9 60&rsquo;s, bobin\u00e9 en 42awg bridge et 43awg neck. Sonorit\u00e9 tr\u00e8s claquante avec un twang marqu\u00e9 dans les aigus, niveau de sortie mod\u00e9r\u00e9.<\/p>\n","protected":false},"excerpt":{"rendered":"<p>Micro telecaster typ\u00e9 60&rsquo;s, bobin\u00e9 en 42awg bridge et 43awg neck. Sonorit\u00e9 tr\u00e8s claquante avec un twang marqu\u00e9 dans les aigus, niveau de sortie mod\u00e9r\u00e9.<\/p>\n","protected":false},"featured_media":910,"comment_status":"open","ping_status":"closed","template":"","meta":[],"product_brand":[],"product_cat":[25],"product_tag":[],"class_list":{"0":"post-3387","1":"product","2":"type-product","3":"status-publish","4":"has-post-thumbnail","6":"product_cat-tele_pickup","8":"first","9":"instock","10":"purchasable","11":"product-type-variable"},"jetpack_sharing_enabled":true,"_links":{"self":[{"href":"https:\/\/www.fbs-music.com\/index.php?rest_route=\/wp\/v2\/product\/3387","targetHints":{"allow":["GET"]}}],"collection":[{"href":"https:\/\/www.fbs-music.com\/index.php?rest_route=\/wp\/v2\/product"}],"about":[{"href":"https:\/\/www.fbs-music.com\/index.php?rest_route=\/wp\/v2\/types\/product"}],"replies":[{"embeddable":true,"href":"https:\/\/www.fbs-music.com\/index.php?rest_route=%2Fwp%2Fv2%2Fcomments&post=3387"}],"wp:featuredmedia":[{"embeddable":true,"href":"https:\/\/www.fbs-music.com\/index.php?rest_route=\/wp\/v2\/media\/910"}],"wp:attachment":[{"href":"https:\/\/www.fbs-music.com\/index.php?rest_route=%2Fwp%2Fv2%2Fmedia&parent=3387"}],"wp:term":[{"taxonomy":"product_brand","embeddable":true,"href":"https:\/\/www.fbs-music.com\/index.php?rest_route=%2Fwp%2Fv2%2Fproduct_brand&post=3387"},{"taxonomy":"product_cat","embeddable":true,"href":"https:\/\/www.fbs-music.com\/index.php?rest_route=%2Fwp%2Fv2%2Fproduct_cat&post=3387"},{"taxonomy":"product_tag","embeddable":true,"href":"https:\/\/www.fbs-music.com\/index.php?rest_route=%2Fwp%2Fv2%2Fproduct_tag&post=3387"}],"curies":[{"name":"wp","href":"https:\/\/api.w.org\/{rel}","templated":true}]}}