{"id":3427,"date":"2023-09-17T21:22:25","date_gmt":"2023-09-17T19:22:25","guid":{"rendered":"https:\/\/www.fbs-music.com\/?post_type=product&#038;p=3427"},"modified":"2023-09-17T21:25:56","modified_gmt":"2023-09-17T19:25:56","slug":"silverbell","status":"publish","type":"product","link":"https:\/\/www.fbs-music.com\/?product=silverbell","title":{"rendered":"Silverbell"},"content":{"rendered":"<p>Micro manche sp\u00e9cifique pour telecaster optimis\u00e9 pour un maximum de twang. Sonorit\u00e9 tr\u00e8s dynamique, d\u00e9taill\u00e9e et percussive.<\/p>\n","protected":false},"excerpt":{"rendered":"<p>Micro manche sp\u00e9cifique pour telecaster optimis\u00e9 pour un maximum de twang. Sonorit\u00e9 tr\u00e8s dynamique, d\u00e9taill\u00e9e et percussive.<\/p>\n","protected":false},"featured_media":1557,"comment_status":"open","ping_status":"closed","template":"","meta":[],"product_brand":[],"product_cat":[25],"product_tag":[],"class_list":{"0":"post-3427","1":"product","2":"type-product","3":"status-publish","4":"has-post-thumbnail","6":"product_cat-tele_pickup","8":"first","9":"instock","10":"purchasable","11":"product-type-variable"},"jetpack_sharing_enabled":true,"_links":{"self":[{"href":"https:\/\/www.fbs-music.com\/index.php?rest_route=\/wp\/v2\/product\/3427","targetHints":{"allow":["GET"]}}],"collection":[{"href":"https:\/\/www.fbs-music.com\/index.php?rest_route=\/wp\/v2\/product"}],"about":[{"href":"https:\/\/www.fbs-music.com\/index.php?rest_route=\/wp\/v2\/types\/product"}],"replies":[{"embeddable":true,"href":"https:\/\/www.fbs-music.com\/index.php?rest_route=%2Fwp%2Fv2%2Fcomments&post=3427"}],"wp:featuredmedia":[{"embeddable":true,"href":"https:\/\/www.fbs-music.com\/index.php?rest_route=\/wp\/v2\/media\/1557"}],"wp:attachment":[{"href":"https:\/\/www.fbs-music.com\/index.php?rest_route=%2Fwp%2Fv2%2Fmedia&parent=3427"}],"wp:term":[{"taxonomy":"product_brand","embeddable":true,"href":"https:\/\/www.fbs-music.com\/index.php?rest_route=%2Fwp%2Fv2%2Fproduct_brand&post=3427"},{"taxonomy":"product_cat","embeddable":true,"href":"https:\/\/www.fbs-music.com\/index.php?rest_route=%2Fwp%2Fv2%2Fproduct_cat&post=3427"},{"taxonomy":"product_tag","embeddable":true,"href":"https:\/\/www.fbs-music.com\/index.php?rest_route=%2Fwp%2Fv2%2Fproduct_tag&post=3427"}],"curies":[{"name":"wp","href":"https:\/\/api.w.org\/{rel}","templated":true}]}}