{"id":3453,"date":"2023-09-20T23:16:53","date_gmt":"2023-09-20T21:16:53","guid":{"rendered":"https:\/\/www.fbs-music.com\/?post_type=product&#038;p=3453"},"modified":"2025-04-13T21:33:49","modified_gmt":"2025-04-13T19:33:49","slug":"jazz-bass-70s","status":"publish","type":"product","link":"https:\/\/www.fbs-music.com\/?product=jazz-bass-70s","title":{"rendered":"Jazz Bass 70&rsquo;s"},"content":{"rendered":"<p>Un mod\u00e8le caract\u00e9ris\u00e9 par un son dynamique et punchy. Bobinage 42awg plain enamel avec un niveau de sortie un peu plus \u00e9lev\u00e9 que le mod\u00e8le 60&rsquo;s.<\/p>\n<p>Dimension des capots manche\/chevalet:<\/p>\n<p>&#8211; 4 cordes: 91\/94mm (autres dimensions possibles sur simple demande)<\/p>\n<p>&#8211; 5 cordes : 101\/105mm (autres dimensions possibles sur simple demande)<\/p>\n<p>&nbsp;<\/p>\n","protected":false},"excerpt":{"rendered":"<p>Un mod\u00e8le caract\u00e9ris\u00e9 par un son dynamique et punchy. Bobinage 42awg plain enamel avec un niveau de sortie un peu plus \u00e9lev\u00e9 que le mod\u00e8le 60&rsquo;s. Dimension des capots manche\/chevalet: &#8211; 4 cordes: 91\/94mm (autres dimensions possibles sur simple demande) &#8211; 5 cordes : 101\/105mm (autres dimensions possibles sur simple demande) &nbsp;<\/p>\n","protected":false},"featured_media":3460,"comment_status":"open","ping_status":"closed","template":"","meta":[],"product_brand":[],"product_cat":[28],"product_tag":[],"class_list":{"0":"post-3453","1":"product","2":"type-product","3":"status-publish","4":"has-post-thumbnail","6":"product_cat-bass_pickup","8":"first","9":"instock","10":"shipping-taxable","11":"purchasable","12":"product-type-variable"},"jetpack_sharing_enabled":true,"_links":{"self":[{"href":"https:\/\/www.fbs-music.com\/index.php?rest_route=\/wp\/v2\/product\/3453","targetHints":{"allow":["GET"]}}],"collection":[{"href":"https:\/\/www.fbs-music.com\/index.php?rest_route=\/wp\/v2\/product"}],"about":[{"href":"https:\/\/www.fbs-music.com\/index.php?rest_route=\/wp\/v2\/types\/product"}],"replies":[{"embeddable":true,"href":"https:\/\/www.fbs-music.com\/index.php?rest_route=%2Fwp%2Fv2%2Fcomments&post=3453"}],"wp:featuredmedia":[{"embeddable":true,"href":"https:\/\/www.fbs-music.com\/index.php?rest_route=\/wp\/v2\/media\/3460"}],"wp:attachment":[{"href":"https:\/\/www.fbs-music.com\/index.php?rest_route=%2Fwp%2Fv2%2Fmedia&parent=3453"}],"wp:term":[{"taxonomy":"product_brand","embeddable":true,"href":"https:\/\/www.fbs-music.com\/index.php?rest_route=%2Fwp%2Fv2%2Fproduct_brand&post=3453"},{"taxonomy":"product_cat","embeddable":true,"href":"https:\/\/www.fbs-music.com\/index.php?rest_route=%2Fwp%2Fv2%2Fproduct_cat&post=3453"},{"taxonomy":"product_tag","embeddable":true,"href":"https:\/\/www.fbs-music.com\/index.php?rest_route=%2Fwp%2Fv2%2Fproduct_tag&post=3453"}],"curies":[{"name":"wp","href":"https:\/\/api.w.org\/{rel}","templated":true}]}}