{"id":3461,"date":"2023-09-20T23:18:08","date_gmt":"2023-09-20T21:18:08","guid":{"rendered":"https:\/\/www.fbs-music.com\/?post_type=product&#038;p=3461"},"modified":"2024-09-13T21:08:02","modified_gmt":"2024-09-13T19:08:02","slug":"jazz-bass-60s","status":"publish","type":"product","link":"https:\/\/www.fbs-music.com\/?product=jazz-bass-60s","title":{"rendered":"Jazz Bass 60&rsquo;s"},"content":{"rendered":"<p>Le son jazz bass traditionnel, \u00e9quilibr\u00e9, pr\u00e9cis et dynamique . Bobinage 42awg heavy formvar, niveau de sortie vintage<\/p>\n<p>Dimension des capots manche\/chevalet: 91\/94mm (autre dimension possible sur simple demande)<\/p>\n<p>&nbsp;<\/p>\n","protected":false},"excerpt":{"rendered":"<p>Le son jazz bass traditionnel, \u00e9quilibr\u00e9, pr\u00e9cis et dynamique . Bobinage 42awg heavy formvar, niveau de sortie vintage Dimension des capots manche\/chevalet: 91\/94mm (autre dimension possible sur simple demande) &nbsp;<\/p>\n","protected":false},"featured_media":3468,"comment_status":"open","ping_status":"closed","template":"","meta":[],"product_brand":[],"product_cat":[28],"product_tag":[],"class_list":{"0":"post-3461","1":"product","2":"type-product","3":"status-publish","4":"has-post-thumbnail","6":"product_cat-bass_pickup","8":"first","9":"instock","10":"shipping-taxable","11":"purchasable","12":"product-type-variable"},"jetpack_sharing_enabled":true,"_links":{"self":[{"href":"https:\/\/www.fbs-music.com\/index.php?rest_route=\/wp\/v2\/product\/3461","targetHints":{"allow":["GET"]}}],"collection":[{"href":"https:\/\/www.fbs-music.com\/index.php?rest_route=\/wp\/v2\/product"}],"about":[{"href":"https:\/\/www.fbs-music.com\/index.php?rest_route=\/wp\/v2\/types\/product"}],"replies":[{"embeddable":true,"href":"https:\/\/www.fbs-music.com\/index.php?rest_route=%2Fwp%2Fv2%2Fcomments&post=3461"}],"wp:featuredmedia":[{"embeddable":true,"href":"https:\/\/www.fbs-music.com\/index.php?rest_route=\/wp\/v2\/media\/3468"}],"wp:attachment":[{"href":"https:\/\/www.fbs-music.com\/index.php?rest_route=%2Fwp%2Fv2%2Fmedia&parent=3461"}],"wp:term":[{"taxonomy":"product_brand","embeddable":true,"href":"https:\/\/www.fbs-music.com\/index.php?rest_route=%2Fwp%2Fv2%2Fproduct_brand&post=3461"},{"taxonomy":"product_cat","embeddable":true,"href":"https:\/\/www.fbs-music.com\/index.php?rest_route=%2Fwp%2Fv2%2Fproduct_cat&post=3461"},{"taxonomy":"product_tag","embeddable":true,"href":"https:\/\/www.fbs-music.com\/index.php?rest_route=%2Fwp%2Fv2%2Fproduct_tag&post=3461"}],"curies":[{"name":"wp","href":"https:\/\/api.w.org\/{rel}","templated":true}]}}