{"id":3500,"date":"2023-09-24T15:53:39","date_gmt":"2023-09-24T13:53:39","guid":{"rendered":"https:\/\/www.fbs-music.com\/?post_type=product&#038;p=3500"},"modified":"2023-09-24T16:01:08","modified_gmt":"2023-09-24T14:01:08","slug":"stingray-77","status":"publish","type":"product","link":"https:\/\/www.fbs-music.com\/?product=stingray-77","title":{"rendered":"Stingray 77"},"content":{"rendered":"<p>R\u00e9plique des micros de Stingray pr\u00e9-Ernie Ball. Bobinage 42awg, aimant alnico 5 de 9,5mm. Cablage 4 fil pour un montage en s\u00e9rie ou en parall\u00e8le.<\/p>\n","protected":false},"excerpt":{"rendered":"<p>R\u00e9plique des micros de Stingray pr\u00e9-Ernie Ball. Bobinage 42awg, aimant alnico 5 de 9,5mm. Cablage 4 fil pour un montage en s\u00e9rie ou en parall\u00e8le.<\/p>\n","protected":false},"featured_media":2165,"comment_status":"open","ping_status":"closed","template":"","meta":[],"product_brand":[],"product_cat":[28],"product_tag":[],"class_list":{"0":"post-3500","1":"product","2":"type-product","3":"status-publish","4":"has-post-thumbnail","6":"product_cat-bass_pickup","8":"first","9":"instock","10":"shipping-taxable","11":"purchasable","12":"product-type-variable"},"jetpack_sharing_enabled":true,"_links":{"self":[{"href":"https:\/\/www.fbs-music.com\/index.php?rest_route=\/wp\/v2\/product\/3500","targetHints":{"allow":["GET"]}}],"collection":[{"href":"https:\/\/www.fbs-music.com\/index.php?rest_route=\/wp\/v2\/product"}],"about":[{"href":"https:\/\/www.fbs-music.com\/index.php?rest_route=\/wp\/v2\/types\/product"}],"replies":[{"embeddable":true,"href":"https:\/\/www.fbs-music.com\/index.php?rest_route=%2Fwp%2Fv2%2Fcomments&post=3500"}],"wp:featuredmedia":[{"embeddable":true,"href":"https:\/\/www.fbs-music.com\/index.php?rest_route=\/wp\/v2\/media\/2165"}],"wp:attachment":[{"href":"https:\/\/www.fbs-music.com\/index.php?rest_route=%2Fwp%2Fv2%2Fmedia&parent=3500"}],"wp:term":[{"taxonomy":"product_brand","embeddable":true,"href":"https:\/\/www.fbs-music.com\/index.php?rest_route=%2Fwp%2Fv2%2Fproduct_brand&post=3500"},{"taxonomy":"product_cat","embeddable":true,"href":"https:\/\/www.fbs-music.com\/index.php?rest_route=%2Fwp%2Fv2%2Fproduct_cat&post=3500"},{"taxonomy":"product_tag","embeddable":true,"href":"https:\/\/www.fbs-music.com\/index.php?rest_route=%2Fwp%2Fv2%2Fproduct_tag&post=3500"}],"curies":[{"name":"wp","href":"https:\/\/api.w.org\/{rel}","templated":true}]}}