{"id":3548,"date":"2023-10-10T20:50:01","date_gmt":"2023-10-10T18:50:01","guid":{"rendered":"https:\/\/www.fbs-music.com\/?post_type=product&#038;p=3548"},"modified":"2024-02-24T12:53:14","modified_gmt":"2024-02-24T11:53:14","slug":"precision-bass-split","status":"publish","type":"product","link":"https:\/\/www.fbs-music.com\/?product=precision-bass-split","title":{"rendered":"Precision bass (split)"},"content":{"rendered":"<p>Le micro Pr\u00e9cision traditionnel, disponible en trois versions:<\/p>\n<p>-PB 60: alnico 5 bobinage heavy formvar, vintage<\/p>\n<p>-PB 70 : alnico 5 bobinage plain enamel, vintage avec un peu de niveau de sortie en plus<\/p>\n<p>&#8211; PB Fatman: micro \u00e9quip\u00e9 d&rsquo;aimants .25 pouces (6,35mm) l\u00e9g\u00e8rement surbobin\u00e9, pour des fr\u00e9quences \u00e9tendues et un son plus percutant<\/p>\n<p>&nbsp;<\/p>\n","protected":false},"excerpt":{"rendered":"<p>Le micro Pr\u00e9cision traditionnel, disponible en trois versions: -PB 60: alnico 5 bobinage heavy formvar, vintage -PB 70 : alnico 5 bobinage plain enamel, vintage avec un peu de niveau de sortie en plus &#8211; PB Fatman: micro \u00e9quip\u00e9 d&rsquo;aimants .25 pouces (6,35mm) l\u00e9g\u00e8rement surbobin\u00e9, pour des fr\u00e9quences \u00e9tendues et un son plus percutant &nbsp;<\/p>\n","protected":false},"featured_media":3355,"comment_status":"open","ping_status":"closed","template":"","meta":[],"product_brand":[],"product_cat":[28],"product_tag":[],"class_list":{"0":"post-3548","1":"product","2":"type-product","3":"status-publish","4":"has-post-thumbnail","6":"product_cat-bass_pickup","8":"first","9":"instock","10":"shipping-taxable","11":"purchasable","12":"product-type-variable"},"jetpack_sharing_enabled":true,"_links":{"self":[{"href":"https:\/\/www.fbs-music.com\/index.php?rest_route=\/wp\/v2\/product\/3548","targetHints":{"allow":["GET"]}}],"collection":[{"href":"https:\/\/www.fbs-music.com\/index.php?rest_route=\/wp\/v2\/product"}],"about":[{"href":"https:\/\/www.fbs-music.com\/index.php?rest_route=\/wp\/v2\/types\/product"}],"replies":[{"embeddable":true,"href":"https:\/\/www.fbs-music.com\/index.php?rest_route=%2Fwp%2Fv2%2Fcomments&post=3548"}],"wp:featuredmedia":[{"embeddable":true,"href":"https:\/\/www.fbs-music.com\/index.php?rest_route=\/wp\/v2\/media\/3355"}],"wp:attachment":[{"href":"https:\/\/www.fbs-music.com\/index.php?rest_route=%2Fwp%2Fv2%2Fmedia&parent=3548"}],"wp:term":[{"taxonomy":"product_brand","embeddable":true,"href":"https:\/\/www.fbs-music.com\/index.php?rest_route=%2Fwp%2Fv2%2Fproduct_brand&post=3548"},{"taxonomy":"product_cat","embeddable":true,"href":"https:\/\/www.fbs-music.com\/index.php?rest_route=%2Fwp%2Fv2%2Fproduct_cat&post=3548"},{"taxonomy":"product_tag","embeddable":true,"href":"https:\/\/www.fbs-music.com\/index.php?rest_route=%2Fwp%2Fv2%2Fproduct_tag&post=3548"}],"curies":[{"name":"wp","href":"https:\/\/api.w.org\/{rel}","templated":true}]}}