{"id":3587,"date":"2023-11-28T21:39:48","date_gmt":"2023-11-28T20:39:48","guid":{"rendered":"https:\/\/www.fbs-music.com\/?post_type=product&#038;p=3587"},"modified":"2025-01-07T23:26:56","modified_gmt":"2025-01-07T22:26:56","slug":"widebucker","status":"publish","type":"product","link":"https:\/\/www.fbs-music.com\/?product=widebucker","title":{"rendered":"Widebucker"},"content":{"rendered":"<p>Micro type Widerange \u00e9quip\u00e9 d&rsquo;aimant alnico 5 avec un tapping coil permettant d&rsquo;avoir deux sons diff\u00e9rents:<\/p>\n<p>&#8211; humbucker: widerange<\/p>\n<p>&#8211; single coil : strat ou tele (\u00e0 pr\u00e9ciser lors de la commande)<\/p>\n<p>Sonorit\u00e9 plus dynamique et incisive qu&rsquo;un humbucker type PAF<\/p>\n","protected":false},"excerpt":{"rendered":"<p>Micro type Widerange \u00e9quip\u00e9 d&rsquo;aimant alnico 5 avec un tapping coil permettant d&rsquo;avoir deux sons diff\u00e9rents: &#8211; humbucker: widerange &#8211; single coil : strat ou tele (\u00e0 pr\u00e9ciser lors de la commande) Sonorit\u00e9 plus dynamique et incisive qu&rsquo;un humbucker type PAF<\/p>\n","protected":false},"featured_media":3624,"comment_status":"open","ping_status":"closed","template":"","meta":[],"product_brand":[],"product_cat":[24],"product_tag":[],"class_list":{"0":"post-3587","1":"product","2":"type-product","3":"status-publish","4":"has-post-thumbnail","6":"product_cat-humbuckers","8":"first","9":"instock","10":"purchasable","11":"product-type-variable"},"jetpack_sharing_enabled":true,"_links":{"self":[{"href":"https:\/\/www.fbs-music.com\/index.php?rest_route=\/wp\/v2\/product\/3587","targetHints":{"allow":["GET"]}}],"collection":[{"href":"https:\/\/www.fbs-music.com\/index.php?rest_route=\/wp\/v2\/product"}],"about":[{"href":"https:\/\/www.fbs-music.com\/index.php?rest_route=\/wp\/v2\/types\/product"}],"replies":[{"embeddable":true,"href":"https:\/\/www.fbs-music.com\/index.php?rest_route=%2Fwp%2Fv2%2Fcomments&post=3587"}],"wp:featuredmedia":[{"embeddable":true,"href":"https:\/\/www.fbs-music.com\/index.php?rest_route=\/wp\/v2\/media\/3624"}],"wp:attachment":[{"href":"https:\/\/www.fbs-music.com\/index.php?rest_route=%2Fwp%2Fv2%2Fmedia&parent=3587"}],"wp:term":[{"taxonomy":"product_brand","embeddable":true,"href":"https:\/\/www.fbs-music.com\/index.php?rest_route=%2Fwp%2Fv2%2Fproduct_brand&post=3587"},{"taxonomy":"product_cat","embeddable":true,"href":"https:\/\/www.fbs-music.com\/index.php?rest_route=%2Fwp%2Fv2%2Fproduct_cat&post=3587"},{"taxonomy":"product_tag","embeddable":true,"href":"https:\/\/www.fbs-music.com\/index.php?rest_route=%2Fwp%2Fv2%2Fproduct_tag&post=3587"}],"curies":[{"name":"wp","href":"https:\/\/api.w.org\/{rel}","templated":true}]}}