{"id":4220,"date":"2025-03-15T08:31:01","date_gmt":"2025-03-15T07:31:01","guid":{"rendered":"https:\/\/www.fbs-music.com\/?post_type=product&#038;p=4220"},"modified":"2025-03-15T08:43:45","modified_gmt":"2025-03-15T07:43:45","slug":"jazzmaster-90","status":"publish","type":"product","link":"https:\/\/www.fbs-music.com\/?product=jazzmaster-90","title":{"rendered":"Jazzmaster 90"},"content":{"rendered":"<p>Micro pour Jazzmaster reprenant les caract\u00e9ristiques d&rsquo;un v\u00e9ritable P90.<\/p>\n<p>Le bobinage reprends la m\u00eame formule que le mod\u00e8le Old Man P90<\/p>\n<p>&#8211; alnico 5<\/p>\n<p>-bobinage 42awg plain enamel<\/p>\n<p>-8,6 k\/9k<\/p>\n","protected":false},"excerpt":{"rendered":"<p>Micro pour Jazzmaster reprenant les caract\u00e9ristiques d&rsquo;un v\u00e9ritable P90. Le bobinage reprends la m\u00eame formule que le mod\u00e8le Old Man P90 &#8211; alnico 5 -bobinage 42awg plain enamel -8,6 k\/9k<\/p>\n","protected":false},"featured_media":4233,"comment_status":"open","ping_status":"closed","template":"","meta":[],"product_brand":[],"product_cat":[27],"product_tag":[],"class_list":{"0":"post-4220","1":"product","2":"type-product","3":"status-publish","4":"has-post-thumbnail","6":"product_cat-micros-jazzmaster-jaguar","8":"first","9":"instock","10":"purchasable","11":"product-type-variable"},"jetpack_sharing_enabled":true,"_links":{"self":[{"href":"https:\/\/www.fbs-music.com\/index.php?rest_route=\/wp\/v2\/product\/4220","targetHints":{"allow":["GET"]}}],"collection":[{"href":"https:\/\/www.fbs-music.com\/index.php?rest_route=\/wp\/v2\/product"}],"about":[{"href":"https:\/\/www.fbs-music.com\/index.php?rest_route=\/wp\/v2\/types\/product"}],"replies":[{"embeddable":true,"href":"https:\/\/www.fbs-music.com\/index.php?rest_route=%2Fwp%2Fv2%2Fcomments&post=4220"}],"wp:featuredmedia":[{"embeddable":true,"href":"https:\/\/www.fbs-music.com\/index.php?rest_route=\/wp\/v2\/media\/4233"}],"wp:attachment":[{"href":"https:\/\/www.fbs-music.com\/index.php?rest_route=%2Fwp%2Fv2%2Fmedia&parent=4220"}],"wp:term":[{"taxonomy":"product_brand","embeddable":true,"href":"https:\/\/www.fbs-music.com\/index.php?rest_route=%2Fwp%2Fv2%2Fproduct_brand&post=4220"},{"taxonomy":"product_cat","embeddable":true,"href":"https:\/\/www.fbs-music.com\/index.php?rest_route=%2Fwp%2Fv2%2Fproduct_cat&post=4220"},{"taxonomy":"product_tag","embeddable":true,"href":"https:\/\/www.fbs-music.com\/index.php?rest_route=%2Fwp%2Fv2%2Fproduct_tag&post=4220"}],"curies":[{"name":"wp","href":"https:\/\/api.w.org\/{rel}","templated":true}]}}