{"id":4362,"date":"2025-07-27T08:34:11","date_gmt":"2025-07-27T06:34:11","guid":{"rendered":"https:\/\/www.fbs-music.com\/?post_type=product&#038;p=4362"},"modified":"2026-03-13T17:30:08","modified_gmt":"2026-03-13T16:30:08","slug":"birdland-paf","status":"publish","type":"product","link":"https:\/\/www.fbs-music.com\/?product=birdland-paf","title":{"rendered":"Birdland PAF"},"content":{"rendered":"<p>Humbucker alnico 3 non paraffin\u00e9 d\u00e9di\u00e9 aux sons clairs et jazz.<\/p>\n<p>Sonorit\u00e9s vintage chaleureuse et tr\u00e8s dynamique avec beaucoup de d\u00e9tail dans le son.<\/p>\n<p>Id\u00e9al pour upgrader un archtop ou pour apporter un peu de douceur et de rondeur sur une solidbody.<\/p>\n<ul>\n<li>alnico 3<\/li>\n<li>bobinage 42 awg plain enamel<\/li>\n<li>8k neck \/8,2k bridge<\/li>\n<li>Non paraffin\u00e9<\/li>\n<\/ul>\n","protected":false},"excerpt":{"rendered":"<p>Humbucker alnico 3 non paraffin\u00e9 d\u00e9di\u00e9 aux sons clairs et jazz. Sonorit\u00e9s vintage chaleureuse et tr\u00e8s dynamique avec beaucoup de d\u00e9tail dans le son. Id\u00e9al pour upgrader un archtop ou pour apporter un peu de douceur et de rondeur sur une solidbody. alnico 3 bobinage 42 awg plain enamel 8k neck \/8,2k bridge Non paraffin\u00e9<\/p>\n","protected":false},"featured_media":4406,"comment_status":"open","ping_status":"closed","template":"","meta":[],"product_brand":[],"product_cat":[24],"product_tag":[],"class_list":{"0":"post-4362","1":"product","2":"type-product","3":"status-publish","4":"has-post-thumbnail","6":"product_cat-humbuckers","8":"first","9":"instock","10":"purchasable","11":"product-type-variable"},"jetpack_sharing_enabled":true,"_links":{"self":[{"href":"https:\/\/www.fbs-music.com\/index.php?rest_route=\/wp\/v2\/product\/4362","targetHints":{"allow":["GET"]}}],"collection":[{"href":"https:\/\/www.fbs-music.com\/index.php?rest_route=\/wp\/v2\/product"}],"about":[{"href":"https:\/\/www.fbs-music.com\/index.php?rest_route=\/wp\/v2\/types\/product"}],"replies":[{"embeddable":true,"href":"https:\/\/www.fbs-music.com\/index.php?rest_route=%2Fwp%2Fv2%2Fcomments&post=4362"}],"wp:featuredmedia":[{"embeddable":true,"href":"https:\/\/www.fbs-music.com\/index.php?rest_route=\/wp\/v2\/media\/4406"}],"wp:attachment":[{"href":"https:\/\/www.fbs-music.com\/index.php?rest_route=%2Fwp%2Fv2%2Fmedia&parent=4362"}],"wp:term":[{"taxonomy":"product_brand","embeddable":true,"href":"https:\/\/www.fbs-music.com\/index.php?rest_route=%2Fwp%2Fv2%2Fproduct_brand&post=4362"},{"taxonomy":"product_cat","embeddable":true,"href":"https:\/\/www.fbs-music.com\/index.php?rest_route=%2Fwp%2Fv2%2Fproduct_cat&post=4362"},{"taxonomy":"product_tag","embeddable":true,"href":"https:\/\/www.fbs-music.com\/index.php?rest_route=%2Fwp%2Fv2%2Fproduct_tag&post=4362"}],"curies":[{"name":"wp","href":"https:\/\/api.w.org\/{rel}","templated":true}]}}