{"id":4417,"date":"2025-07-27T09:26:58","date_gmt":"2025-07-27T07:26:58","guid":{"rendered":"https:\/\/www.fbs-music.com\/?post_type=product&#038;p=4417"},"modified":"2025-07-27T09:33:04","modified_gmt":"2025-07-27T07:33:04","slug":"halftrack-split","status":"publish","type":"product","link":"https:\/\/www.fbs-music.com\/?product=halftrack-split","title":{"rendered":"Halftrack Split"},"content":{"rendered":"<p>Un micro sp\u00e9cifique qui offre un son de singlecoil typ\u00e9 Fender en noiseless.<\/p>\n<p>Le design splitcoil (double bobinage d\u00e9cal\u00e9) permet une annulation optimale du bruit tout en conservant la d\u00e9finition et la dynamique d&rsquo;un micro simple bobinage<\/p>\n<ul>\n<li>P\u00f4les alnico 5<\/li>\n<li>bobinage 42 awg plain enamel<\/li>\n<li>6k neck \/6,4k bridge<\/li>\n<\/ul>\n","protected":false},"excerpt":{"rendered":"<p>Un micro sp\u00e9cifique qui offre un son de singlecoil typ\u00e9 Fender en noiseless. Le design splitcoil (double bobinage d\u00e9cal\u00e9) permet une annulation optimale du bruit tout en conservant la d\u00e9finition et la dynamique d&rsquo;un micro simple bobinage P\u00f4les alnico 5 bobinage 42 awg plain enamel 6k neck \/6,4k bridge<\/p>\n","protected":false},"featured_media":4461,"comment_status":"open","ping_status":"closed","template":"","meta":[],"product_brand":[],"product_cat":[24],"product_tag":[],"class_list":{"0":"post-4417","1":"product","2":"type-product","3":"status-publish","4":"has-post-thumbnail","6":"product_cat-humbuckers","8":"first","9":"instock","10":"purchasable","11":"product-type-variable"},"jetpack_sharing_enabled":true,"_links":{"self":[{"href":"https:\/\/www.fbs-music.com\/index.php?rest_route=\/wp\/v2\/product\/4417","targetHints":{"allow":["GET"]}}],"collection":[{"href":"https:\/\/www.fbs-music.com\/index.php?rest_route=\/wp\/v2\/product"}],"about":[{"href":"https:\/\/www.fbs-music.com\/index.php?rest_route=\/wp\/v2\/types\/product"}],"replies":[{"embeddable":true,"href":"https:\/\/www.fbs-music.com\/index.php?rest_route=%2Fwp%2Fv2%2Fcomments&post=4417"}],"wp:featuredmedia":[{"embeddable":true,"href":"https:\/\/www.fbs-music.com\/index.php?rest_route=\/wp\/v2\/media\/4461"}],"wp:attachment":[{"href":"https:\/\/www.fbs-music.com\/index.php?rest_route=%2Fwp%2Fv2%2Fmedia&parent=4417"}],"wp:term":[{"taxonomy":"product_brand","embeddable":true,"href":"https:\/\/www.fbs-music.com\/index.php?rest_route=%2Fwp%2Fv2%2Fproduct_brand&post=4417"},{"taxonomy":"product_cat","embeddable":true,"href":"https:\/\/www.fbs-music.com\/index.php?rest_route=%2Fwp%2Fv2%2Fproduct_cat&post=4417"},{"taxonomy":"product_tag","embeddable":true,"href":"https:\/\/www.fbs-music.com\/index.php?rest_route=%2Fwp%2Fv2%2Fproduct_tag&post=4417"}],"curies":[{"name":"wp","href":"https:\/\/api.w.org\/{rel}","templated":true}]}}