{"id":4793,"date":"2026-01-27T08:33:30","date_gmt":"2026-01-27T07:33:30","guid":{"rendered":"https:\/\/www.fbs-music.com\/?post_type=product&#038;p=4793"},"modified":"2026-01-27T09:00:10","modified_gmt":"2026-01-27T08:00:10","slug":"humbucker-format-strat","status":"publish","type":"product","link":"https:\/\/www.fbs-music.com\/?product=humbucker-format-strat","title":{"rendered":"humbucker format strat"},"content":{"rendered":"<p>Je propose deux mod\u00e8le de HB au format strat , compatible sans modification niveau lutherie ou pickguard:<\/p>\n<ul>\n<li>le thunderbolt: humbucker polyvalent et puissant, equivalent du Firestone au format strat.<\/li>\n<li>Le Lightning: humbucker faiblement bobin\u00e9, avec une sonorit\u00e9 entre un simple et un HB.<\/li>\n<\/ul>\n<p>Les deux mod\u00e8les sont montables dans toutes les positions, \u00e0 l&rsquo;usage il est pr\u00e9f\u00e9rable de les installer cot\u00e9 bridge dans une config type strat. Ils peuvent \u00e9galement d&rsquo;int\u00e9grer en position milieu sur les configurations HSH.<\/p>\n<p>&nbsp;<\/p>\n","protected":false},"excerpt":{"rendered":"<p>Je propose deux mod\u00e8le de HB au format strat , compatible sans modification niveau lutherie ou pickguard: le thunderbolt: humbucker polyvalent et puissant, equivalent du Firestone au format strat. Le Lightning: humbucker faiblement bobin\u00e9, avec une sonorit\u00e9 entre un simple et un HB. Les deux mod\u00e8les sont montables dans toutes les positions, \u00e0 l&rsquo;usage il [&hellip;]<\/p>\n","protected":false},"featured_media":4820,"comment_status":"open","ping_status":"closed","template":"","meta":[],"product_brand":[],"product_cat":[23],"product_tag":[],"class_list":{"0":"post-4793","1":"product","2":"type-product","3":"status-publish","4":"has-post-thumbnail","6":"product_cat-strat_pickup","8":"first","9":"instock","10":"purchasable","11":"product-type-variable"},"jetpack_sharing_enabled":true,"_links":{"self":[{"href":"https:\/\/www.fbs-music.com\/index.php?rest_route=\/wp\/v2\/product\/4793","targetHints":{"allow":["GET"]}}],"collection":[{"href":"https:\/\/www.fbs-music.com\/index.php?rest_route=\/wp\/v2\/product"}],"about":[{"href":"https:\/\/www.fbs-music.com\/index.php?rest_route=\/wp\/v2\/types\/product"}],"replies":[{"embeddable":true,"href":"https:\/\/www.fbs-music.com\/index.php?rest_route=%2Fwp%2Fv2%2Fcomments&post=4793"}],"wp:featuredmedia":[{"embeddable":true,"href":"https:\/\/www.fbs-music.com\/index.php?rest_route=\/wp\/v2\/media\/4820"}],"wp:attachment":[{"href":"https:\/\/www.fbs-music.com\/index.php?rest_route=%2Fwp%2Fv2%2Fmedia&parent=4793"}],"wp:term":[{"taxonomy":"product_brand","embeddable":true,"href":"https:\/\/www.fbs-music.com\/index.php?rest_route=%2Fwp%2Fv2%2Fproduct_brand&post=4793"},{"taxonomy":"product_cat","embeddable":true,"href":"https:\/\/www.fbs-music.com\/index.php?rest_route=%2Fwp%2Fv2%2Fproduct_cat&post=4793"},{"taxonomy":"product_tag","embeddable":true,"href":"https:\/\/www.fbs-music.com\/index.php?rest_route=%2Fwp%2Fv2%2Fproduct_tag&post=4793"}],"curies":[{"name":"wp","href":"https:\/\/api.w.org\/{rel}","templated":true}]}}