{"id":4823,"date":"2026-01-30T13:43:14","date_gmt":"2026-01-30T12:43:14","guid":{"rendered":"https:\/\/www.fbs-music.com\/?post_type=product&#038;p=4823"},"modified":"2026-01-30T13:49:26","modified_gmt":"2026-01-30T12:49:26","slug":"jazz-bass-hot","status":"publish","type":"product","link":"https:\/\/www.fbs-music.com\/?product=jazz-bass-hot","title":{"rendered":"Jazz Bass Hot"},"content":{"rendered":"<p>Un mod\u00e8le surbobin\u00e9 avec un fil plus fin (43awg) pour apporter un gain de puissance et plus de corps. Id\u00e9al en position bridge pour compl\u00e9ter une configuration PJ et \u00e9quilibrer le niveau avec un micro Precision Bass.<\/p>\n<p>Dimension des capots manche\/chevalet:<\/p>\n<p>&#8211; 4 cordes: 91\/94mm (autres dimensions possibles sur simple demande)<\/p>\n<p>&#8211; 5 cordes : 101\/105mm (autres dimensions possibles sur simple demande)<\/p>\n<p>&nbsp;<\/p>\n","protected":false},"excerpt":{"rendered":"<p>Un mod\u00e8le surbobin\u00e9 avec un fil plus fin (43awg) pour apporter un gain de puissance et plus de corps. Id\u00e9al en position bridge pour compl\u00e9ter une configuration PJ et \u00e9quilibrer le niveau avec un micro Precision Bass. Dimension des capots manche\/chevalet: &#8211; 4 cordes: 91\/94mm (autres dimensions possibles sur simple demande) &#8211; 5 cordes : [&hellip;]<\/p>\n","protected":false},"featured_media":3460,"comment_status":"open","ping_status":"closed","template":"","meta":[],"product_brand":[],"product_cat":[28],"product_tag":[],"class_list":{"0":"post-4823","1":"product","2":"type-product","3":"status-publish","4":"has-post-thumbnail","6":"product_cat-bass_pickup","8":"first","9":"instock","10":"shipping-taxable","11":"purchasable","12":"product-type-variable"},"jetpack_sharing_enabled":true,"_links":{"self":[{"href":"https:\/\/www.fbs-music.com\/index.php?rest_route=\/wp\/v2\/product\/4823","targetHints":{"allow":["GET"]}}],"collection":[{"href":"https:\/\/www.fbs-music.com\/index.php?rest_route=\/wp\/v2\/product"}],"about":[{"href":"https:\/\/www.fbs-music.com\/index.php?rest_route=\/wp\/v2\/types\/product"}],"replies":[{"embeddable":true,"href":"https:\/\/www.fbs-music.com\/index.php?rest_route=%2Fwp%2Fv2%2Fcomments&post=4823"}],"wp:featuredmedia":[{"embeddable":true,"href":"https:\/\/www.fbs-music.com\/index.php?rest_route=\/wp\/v2\/media\/3460"}],"wp:attachment":[{"href":"https:\/\/www.fbs-music.com\/index.php?rest_route=%2Fwp%2Fv2%2Fmedia&parent=4823"}],"wp:term":[{"taxonomy":"product_brand","embeddable":true,"href":"https:\/\/www.fbs-music.com\/index.php?rest_route=%2Fwp%2Fv2%2Fproduct_brand&post=4823"},{"taxonomy":"product_cat","embeddable":true,"href":"https:\/\/www.fbs-music.com\/index.php?rest_route=%2Fwp%2Fv2%2Fproduct_cat&post=4823"},{"taxonomy":"product_tag","embeddable":true,"href":"https:\/\/www.fbs-music.com\/index.php?rest_route=%2Fwp%2Fv2%2Fproduct_tag&post=4823"}],"curies":[{"name":"wp","href":"https:\/\/api.w.org\/{rel}","templated":true}]}}